{"id":29,"date":"2016-02-22T06:35:06","date_gmt":"2016-02-22T06:35:06","guid":{"rendered":"http:\/\/176.32.230.43\/edwinlowe.com\/edwin\/?page_id=29"},"modified":"2022-07-20T15:09:21","modified_gmt":"2022-07-20T14:09:21","slug":"company-history","status":"publish","type":"page","link":"https:\/\/www.cci-limited.com\/de\/company-history\/","title":{"rendered":"Firmengeschichte"},"content":{"rendered":"<p><\/p>\n<p class=\"p1\">Es gibt unser Unternehmen schon seit langer Zeit \u2013 K\u00f6nig George IV gew\u00e4hrte 1826 unserem Gr\u00fcnder Benjamin eine Gr\u00fcndungsurkunde. 89 Jahre sp\u00e4ter wurden wir eine moderne \u201elimited company\u201c und wurden 1915 als Gesellschaft eingetragen \u2013 <span class=\"s1\">CCI Ltd ist nun also offiziell \u00fcber 100 Jahre alt!<\/span><\/p>\n<p class=\"p1\">Seit 1915 ist CCI Ltd Limited auf Tiefzieh-Pressformen spezialisiert. So stellten wir zum Beispiel w\u00e4hrend des Ersten und Zweiten Weltkriegs Messing-Geschossh\u00fclsen her, auch wenn unsere Produkte heutzutage nat\u00fcrlich in wesentlich friedlicheren Anwendungen zum Einsatz kommen! Seit den 70er-Jahren ist das Unternehmen auf die Konstruktion und Herstellung von tiefgezogenen Stahl-Lagergeh\u00e4usen f\u00fcr Schwei\u00dfstahlrollen, die von unseren Kunden hier in Gro\u00dfbritannien und im Ausland verwendet werden, spezialisiert.<\/p>\n<p>&nbsp;<\/p>","protected":false},"excerpt":{"rendered":"<p>Es gibt unser Unternehmen schon seit langer Zeit \u2013 K\u00f6nig George IV gew\u00e4hrte 1826 unserem Gr\u00fcnder Benjamin eine Gr\u00fcndungsurkunde. 89 Jahre sp\u00e4ter wurden wir eine moderne \u201elimited company\u201c und wurden 1915 als Gesellschaft eingetragen \u2013 CCI Ltd ist nun also offiziell \u00fcber 100 Jahre alt! Seit 1915 ist CCI Ltd Limited auf Tiefzieh-Pressformen spezialisiert. So [&hellip;]<\/p>\n","protected":false},"author":1,"featured_media":0,"parent":0,"menu_order":0,"comment_status":"closed","ping_status":"closed","template":"","meta":[],"_links":{"self":[{"href":"https:\/\/www.cci-limited.com\/de\/wp-json\/wp\/v2\/pages\/29"}],"collection":[{"href":"https:\/\/www.cci-limited.com\/de\/wp-json\/wp\/v2\/pages"}],"about":[{"href":"https:\/\/www.cci-limited.com\/de\/wp-json\/wp\/v2\/types\/page"}],"author":[{"embeddable":true,"href":"https:\/\/www.cci-limited.com\/de\/wp-json\/wp\/v2\/users\/1"}],"replies":[{"embeddable":true,"href":"https:\/\/www.cci-limited.com\/de\/wp-json\/wp\/v2\/comments?post=29"}],"version-history":[{"count":32,"href":"https:\/\/www.cci-limited.com\/de\/wp-json\/wp\/v2\/pages\/29\/revisions"}],"predecessor-version":[{"id":1403,"href":"https:\/\/www.cci-limited.com\/de\/wp-json\/wp\/v2\/pages\/29\/revisions\/1403"}],"wp:attachment":[{"href":"https:\/\/www.cci-limited.com\/de\/wp-json\/wp\/v2\/media?parent=29"}],"curies":[{"name":"wp","href":"https:\/\/api.w.org\/{rel}","templated":true}]}}