{"id":56,"date":"2016-03-16T14:41:42","date_gmt":"2016-03-16T14:41:42","guid":{"rendered":"http:\/\/176.32.230.43\/edwinlowe.com\/edwin\/?page_id=56"},"modified":"2022-07-20T14:40:53","modified_gmt":"2022-07-20T13:40:53","slug":"current-range-of-cartridge-specifications","status":"publish","type":"page","link":"https:\/\/www.cci-limited.com\/de\/current-range-of-cartridge-specifications\/","title":{"rendered":"Aktuelles Sortiment an Patronenspezifikationen"},"content":{"rendered":"<p><\/p>\n<h3>In der Praxis etabliert<\/h3>\n<p>Auch wenn das Konzept vorgefertigter Rollenlagergeh\u00e4use (Patronen) f\u00fcr viele Rollenhersteller eine internationale Neuheit ist, sind unsere Patronen bei unseren Kunden auf der ganzen Welt bereits seit vielen Jahren etabliert. Demzufolge ist das nachfolgend aufgef\u00fchrte Sortiment an Patronenspezifikationen bew\u00e4hrt und hinreichend in der Praxis getestet &#8211; f\u00fcr ein breites Anwendungsspektrum im \u00fcber- und unterirdischen Einsatz und manchmal unter extremen oder schwierigen Umgebungsbedingungen.<\/p>\n<h3>Kundenspezifische Spezifikationen<\/h3>\n<p>Wie Sie sehen, verf\u00fcgen wir \u00fcber ein etabliertes Sortiment an Komponenten, die sich in der Praxis bew\u00e4hrt haben. Die von uns eingef\u00fchrte Technologie erm\u00f6glicht jedoch auch die Entwicklung alternativer Spezifikationen f\u00fcr vorgefertigte Lagergeh\u00e4usen (Patronen) gem\u00e4\u00df kundenspezifischen Spezifikationen &#8211; z.B. wenn der Kunde andere Lagerspezifikationen oder Dichtungsspezifikationen bevorzugt. Solche alternativen Spezifikationen k\u00f6nnen so konstruiert werden, dass sie auf der Rollenfertigungsanlage uneingeschr\u00e4nkt austauschbar mit dem Standard-Komponentensortiment von CCI Ltd sind.<\/p>\n<h3>Europ\u00e4ische ISO-Spezifikationen<\/h3>\n<table class=\"cartridge_spec\">\n<tbody>\n<tr>\n<td colspan=\"7\"><b> Lagerspezifikation<\/b><\/td>\n<\/tr>\n<tr>\n<td><b>Rollendurchmesser<\/b><\/td>\n<td><b>6204\/20mm<\/b><\/td>\n<td><b>6205\/25mm<\/b><\/td>\n<td><b>6305\/25mm<\/b><\/td>\n<td><b>6206\/30mm<\/b><\/td>\n<td><b>6306\/30mm<\/b><\/td>\n<td><b>6307\/35mm<\/b><\/td>\n<td><b>6308\/40mm<\/b><\/td>\n<\/tr>\n<tr class=\"center\">\n<td>60mm<\/td>\n<td><img src=\"https:\/\/www.cci-limited.com\/wp-content\/uploads\/2022\/07\/tick.png\" alt=\"\" \/><\/td>\n<td><img src=\"https:\/\/www.cci-limited.com\/wp-content\/uploads\/2022\/07\/x.png\" alt=\"\" \/><\/td>\n<td><img src=\"https:\/\/www.cci-limited.com\/wp-content\/uploads\/2022\/07\/x.png\" alt=\"\" \/><\/td>\n<td><img src=\"https:\/\/www.cci-limited.com\/wp-content\/uploads\/2022\/07\/x.png\" alt=\"\" \/><\/td>\n<td><img src=\"https:\/\/www.cci-limited.com\/wp-content\/uploads\/2022\/07\/x.png\" alt=\"\" \/><\/td>\n<td><img src=\"https:\/\/www.cci-limited.com\/wp-content\/uploads\/2022\/07\/x.png\" alt=\"\" \/><\/td>\n<td><img src=\"https:\/\/www.cci-limited.com\/wp-content\/uploads\/2022\/07\/x.png\" alt=\"\" \/><\/td>\n<\/tr>\n<tr class=\"center\">\n<td>63,5mm<\/td>\n<td><img src=\"https:\/\/www.cci-limited.com\/wp-content\/uploads\/2022\/07\/tick.png\" alt=\"\" \/><\/td>\n<td><img src=\"https:\/\/www.cci-limited.com\/wp-content\/uploads\/2022\/07\/tick.png\" alt=\"\" \/><\/td>\n<td><img src=\"https:\/\/www.cci-limited.com\/wp-content\/uploads\/2022\/07\/x.png\" alt=\"\" \/><\/td>\n<td><img src=\"https:\/\/www.cci-limited.com\/wp-content\/uploads\/2022\/07\/x.png\" alt=\"\" \/><\/td>\n<td><img src=\"https:\/\/www.cci-limited.com\/wp-content\/uploads\/2022\/07\/x.png\" alt=\"\" \/><\/td>\n<td><img src=\"https:\/\/www.cci-limited.com\/wp-content\/uploads\/2022\/07\/x.png\" alt=\"\" \/><\/td>\n<td><img src=\"https:\/\/www.cci-limited.com\/wp-content\/uploads\/2022\/07\/x.png\" alt=\"\" \/><\/td>\n<\/tr>\n<tr class=\"center\">\n<td>76mm<\/td>\n<td><img src=\"https:\/\/www.cci-limited.com\/wp-content\/uploads\/2022\/07\/tick.png\" alt=\"\" \/><\/td>\n<td><img src=\"https:\/\/www.cci-limited.com\/wp-content\/uploads\/2022\/07\/tick.png\" alt=\"\" \/><\/td>\n<td><img src=\"https:\/\/www.cci-limited.com\/wp-content\/uploads\/2022\/07\/x.png\" alt=\"\" \/><\/td>\n<td><img src=\"https:\/\/www.cci-limited.com\/wp-content\/uploads\/2022\/07\/x.png\" alt=\"\" \/><\/td>\n<td><img src=\"https:\/\/www.cci-limited.com\/wp-content\/uploads\/2022\/07\/x.png\" alt=\"\" \/><\/td>\n<td><img src=\"https:\/\/www.cci-limited.com\/wp-content\/uploads\/2022\/07\/x.png\" alt=\"\" \/><\/td>\n<td><img src=\"https:\/\/www.cci-limited.com\/wp-content\/uploads\/2022\/07\/x.png\" alt=\"\" \/><\/td>\n<\/tr>\n<tr class=\"center\">\n<td>89mm<\/td>\n<td><img src=\"https:\/\/www.cci-limited.com\/wp-content\/uploads\/2022\/07\/tick.png\" alt=\"\" \/><\/td>\n<td><img src=\"https:\/\/www.cci-limited.com\/wp-content\/uploads\/2022\/07\/tick.png\" alt=\"\" \/><\/td>\n<td><img src=\"https:\/\/www.cci-limited.com\/wp-content\/uploads\/2022\/07\/x.png\" alt=\"\" \/><\/td>\n<td><img src=\"https:\/\/www.cci-limited.com\/wp-content\/uploads\/2022\/07\/x.png\" alt=\"\" \/><\/td>\n<td><img src=\"https:\/\/www.cci-limited.com\/wp-content\/uploads\/2022\/07\/x.png\" alt=\"\" \/><\/td>\n<td><img src=\"https:\/\/www.cci-limited.com\/wp-content\/uploads\/2022\/07\/x.png\" alt=\"\" \/><\/td>\n<td><img src=\"https:\/\/www.cci-limited.com\/wp-content\/uploads\/2022\/07\/x.png\" alt=\"\" \/><\/td>\n<\/tr>\n<tr class=\"center\">\n<td>102mm<\/td>\n<td><img src=\"https:\/\/www.cci-limited.com\/wp-content\/uploads\/2022\/07\/tick.png\" alt=\"\" \/><\/td>\n<td><img src=\"https:\/\/www.cci-limited.com\/wp-content\/uploads\/2022\/07\/tick.png\" alt=\"\" \/><\/td>\n<td><img src=\"https:\/\/www.cci-limited.com\/wp-content\/uploads\/2022\/07\/x.png\" alt=\"\" \/><\/td>\n<td><img src=\"https:\/\/www.cci-limited.com\/wp-content\/uploads\/2022\/07\/x.png\" alt=\"\" \/><\/td>\n<td><img src=\"https:\/\/www.cci-limited.com\/wp-content\/uploads\/2022\/07\/x.png\" alt=\"\" \/><\/td>\n<td><img src=\"https:\/\/www.cci-limited.com\/wp-content\/uploads\/2022\/07\/x.png\" alt=\"\" \/><\/td>\n<td><img src=\"https:\/\/www.cci-limited.com\/wp-content\/uploads\/2022\/07\/x.png\" alt=\"\" \/><\/td>\n<\/tr>\n<tr class=\"center\">\n<td>108mm<\/td>\n<td><img src=\"https:\/\/www.cci-limited.com\/wp-content\/uploads\/2022\/07\/tick.png\" alt=\"\" \/><\/td>\n<td><img src=\"https:\/\/www.cci-limited.com\/wp-content\/uploads\/2022\/07\/tick.png\" alt=\"\" \/><\/td>\n<td><img src=\"https:\/\/www.cci-limited.com\/wp-content\/uploads\/2022\/07\/tick.png\" alt=\"\" \/><\/td>\n<td><img src=\"https:\/\/www.cci-limited.com\/wp-content\/uploads\/2022\/07\/tick.png\" alt=\"\" \/><\/td>\n<td><img src=\"https:\/\/www.cci-limited.com\/wp-content\/uploads\/2022\/07\/tick.png\" alt=\"\" \/><\/td>\n<td><img src=\"https:\/\/www.cci-limited.com\/wp-content\/uploads\/2022\/07\/x.png\" alt=\"\" \/><\/td>\n<td><img src=\"https:\/\/www.cci-limited.com\/wp-content\/uploads\/2022\/07\/x.png\" alt=\"\" \/><\/td>\n<\/tr>\n<tr class=\"center\">\n<td>114mm<\/td>\n<td><img src=\"https:\/\/www.cci-limited.com\/wp-content\/uploads\/2022\/07\/tick.png\" alt=\"\" \/><\/td>\n<td><img src=\"https:\/\/www.cci-limited.com\/wp-content\/uploads\/2022\/07\/tick.png\" alt=\"\" \/><\/td>\n<td><img src=\"https:\/\/www.cci-limited.com\/wp-content\/uploads\/2022\/07\/x.png\" alt=\"\" \/><\/td>\n<td><img src=\"https:\/\/www.cci-limited.com\/wp-content\/uploads\/2022\/07\/x.png\" alt=\"\" \/><\/td>\n<td><img src=\"https:\/\/www.cci-limited.com\/wp-content\/uploads\/2022\/07\/x.png\" alt=\"\" \/><\/td>\n<td><img src=\"https:\/\/www.cci-limited.com\/wp-content\/uploads\/2022\/07\/x.png\" alt=\"\" \/><\/td>\n<td><img src=\"https:\/\/www.cci-limited.com\/wp-content\/uploads\/2022\/07\/x.png\" alt=\"\" \/><\/td>\n<\/tr>\n<tr class=\"center\">\n<td>127mm<\/td>\n<td><img src=\"https:\/\/www.cci-limited.com\/wp-content\/uploads\/2022\/07\/tick.png\" alt=\"\" \/><\/td>\n<td><img src=\"https:\/\/www.cci-limited.com\/wp-content\/uploads\/2022\/07\/tick.png\" alt=\"\" \/><\/td>\n<td><img src=\"https:\/\/www.cci-limited.com\/wp-content\/uploads\/2022\/07\/tick.png\" alt=\"\" \/><\/td>\n<td><img src=\"https:\/\/www.cci-limited.com\/wp-content\/uploads\/2022\/07\/tick.png\" alt=\"\" \/><\/td>\n<td><img src=\"https:\/\/www.cci-limited.com\/wp-content\/uploads\/2022\/07\/tick.png\" alt=\"\" \/><\/td>\n<td><img src=\"https:\/\/www.cci-limited.com\/wp-content\/uploads\/2022\/07\/tick.png\" alt=\"\" \/><\/td>\n<td><img src=\"https:\/\/www.cci-limited.com\/wp-content\/uploads\/2022\/07\/x.png\" alt=\"\" \/><\/td>\n<\/tr>\n<tr class=\"center\">\n<td>133mm<\/td>\n<td><img src=\"https:\/\/www.cci-limited.com\/wp-content\/uploads\/2022\/07\/tick.png\" alt=\"\" \/><\/td>\n<td><img src=\"https:\/\/www.cci-limited.com\/wp-content\/uploads\/2022\/07\/tick.png\" alt=\"\" \/><\/td>\n<td><img src=\"https:\/\/www.cci-limited.com\/wp-content\/uploads\/2022\/07\/tick.png\" alt=\"\" \/><\/td>\n<td><img src=\"https:\/\/www.cci-limited.com\/wp-content\/uploads\/2022\/07\/tick.png\" alt=\"\" \/><\/td>\n<td><img src=\"https:\/\/www.cci-limited.com\/wp-content\/uploads\/2022\/07\/tick.png\" alt=\"\" \/><\/td>\n<td><img src=\"https:\/\/www.cci-limited.com\/wp-content\/uploads\/2022\/07\/x.png\" alt=\"\" \/><\/td>\n<td><img src=\"https:\/\/www.cci-limited.com\/wp-content\/uploads\/2022\/07\/x.png\" alt=\"\" \/><\/td>\n<\/tr>\n<tr class=\"center\">\n<td>139mm<\/td>\n<td><img src=\"https:\/\/www.cci-limited.com\/wp-content\/uploads\/2022\/07\/x.png\" alt=\"\" \/><\/td>\n<td><img src=\"https:\/\/www.cci-limited.com\/wp-content\/uploads\/2022\/07\/x.png\" alt=\"\" \/><\/td>\n<td><img src=\"https:\/\/www.cci-limited.com\/wp-content\/uploads\/2022\/07\/tick.png\" alt=\"\" \/><\/td>\n<td><img src=\"https:\/\/www.cci-limited.com\/wp-content\/uploads\/2022\/07\/tick.png\" alt=\"\" \/><\/td>\n<td><img src=\"https:\/\/www.cci-limited.com\/wp-content\/uploads\/2022\/07\/x.png\" alt=\"\" \/><\/td>\n<td><img src=\"https:\/\/www.cci-limited.com\/wp-content\/uploads\/2022\/07\/x.png\" alt=\"\" \/><\/td>\n<td><img src=\"https:\/\/www.cci-limited.com\/wp-content\/uploads\/2022\/07\/x.png\" alt=\"\" \/><\/td>\n<\/tr>\n<tr class=\"center\">\n<td>152mm<\/td>\n<td><img src=\"https:\/\/www.cci-limited.com\/wp-content\/uploads\/2022\/07\/x.png\" alt=\"\" \/><\/td>\n<td><img src=\"https:\/\/www.cci-limited.com\/wp-content\/uploads\/2022\/07\/tick.png\" alt=\"\" \/><\/td>\n<td><img src=\"https:\/\/www.cci-limited.com\/wp-content\/uploads\/2022\/07\/tick.png\" alt=\"\" \/><\/td>\n<td><img src=\"https:\/\/www.cci-limited.com\/wp-content\/uploads\/2022\/07\/tick.png\" alt=\"\" \/><\/td>\n<td><img src=\"https:\/\/www.cci-limited.com\/wp-content\/uploads\/2022\/07\/tick.png\" alt=\"\" \/><\/td>\n<td><img src=\"https:\/\/www.cci-limited.com\/wp-content\/uploads\/2022\/07\/tick.png\" alt=\"\" \/><\/td>\n<td><img src=\"https:\/\/www.cci-limited.com\/wp-content\/uploads\/2022\/07\/tick.png\" alt=\"\" \/><\/td>\n<\/tr>\n<tr class=\"center\">\n<td>159mm<\/td>\n<td><img src=\"https:\/\/www.cci-limited.com\/wp-content\/uploads\/2022\/07\/x.png\" alt=\"\" \/><\/td>\n<td><img src=\"https:\/\/www.cci-limited.com\/wp-content\/uploads\/2022\/07\/tick.png\" alt=\"\" \/><\/td>\n<td><img src=\"https:\/\/www.cci-limited.com\/wp-content\/uploads\/2022\/07\/tick.png\" alt=\"\" \/><\/td>\n<td><img src=\"https:\/\/www.cci-limited.com\/wp-content\/uploads\/2022\/07\/tick.png\" alt=\"\" \/><\/td>\n<td><img src=\"https:\/\/www.cci-limited.com\/wp-content\/uploads\/2022\/07\/tick.png\" alt=\"\" \/><\/td>\n<td><img src=\"https:\/\/www.cci-limited.com\/wp-content\/uploads\/2022\/07\/x.png\" alt=\"\" \/><\/td>\n<td><img src=\"https:\/\/www.cci-limited.com\/wp-content\/uploads\/2022\/07\/x.png\" alt=\"\" \/><\/td>\n<\/tr>\n<tr class=\"center\">\n<td>168mm<\/td>\n<td><img src=\"https:\/\/www.cci-limited.com\/wp-content\/uploads\/2022\/07\/x.png\" alt=\"\" \/><\/td>\n<td><img src=\"https:\/\/www.cci-limited.com\/wp-content\/uploads\/2022\/07\/tick.png\" alt=\"\" \/><\/td>\n<td><img src=\"https:\/\/www.cci-limited.com\/wp-content\/uploads\/2022\/07\/x.png\" alt=\"\" \/><\/td>\n<td><img src=\"https:\/\/www.cci-limited.com\/wp-content\/uploads\/2022\/07\/x.png\" alt=\"\" \/><\/td>\n<td><img src=\"https:\/\/www.cci-limited.com\/wp-content\/uploads\/2022\/07\/x.png\" alt=\"\" \/><\/td>\n<td><img src=\"https:\/\/www.cci-limited.com\/wp-content\/uploads\/2022\/07\/tick.png\" alt=\"\" \/><\/td>\n<td><img src=\"https:\/\/www.cci-limited.com\/wp-content\/uploads\/2022\/07\/x.png\" alt=\"\" \/><\/td>\n<\/tr>\n<tr class=\"center\">\n<td>178mm<\/td>\n<td><img src=\"https:\/\/www.cci-limited.com\/wp-content\/uploads\/2022\/07\/x.png\" alt=\"\" \/><\/td>\n<td><img src=\"https:\/\/www.cci-limited.com\/wp-content\/uploads\/2022\/07\/x.png\" alt=\"\" \/><\/td>\n<td><img src=\"https:\/\/www.cci-limited.com\/wp-content\/uploads\/2022\/07\/x.png\" alt=\"\" \/><\/td>\n<td><img src=\"https:\/\/www.cci-limited.com\/wp-content\/uploads\/2022\/07\/x.png\" alt=\"\" \/><\/td>\n<td><img src=\"https:\/\/www.cci-limited.com\/wp-content\/uploads\/2022\/07\/x.png\" alt=\"\" \/><\/td>\n<td><img src=\"https:\/\/www.cci-limited.com\/wp-content\/uploads\/2022\/07\/tick.png\" alt=\"\" \/><\/td>\n<td><img src=\"https:\/\/www.cci-limited.com\/wp-content\/uploads\/2022\/07\/x.png\" alt=\"\" \/><\/td>\n<\/tr>\n<tr class=\"center\">\n<td>178mm<\/td>\n<td><img src=\"https:\/\/www.cci-limited.com\/wp-content\/uploads\/2022\/07\/x.png\" alt=\"\" \/><\/td>\n<td><img src=\"https:\/\/www.cci-limited.com\/wp-content\/uploads\/2022\/07\/x.png\" alt=\"\" \/><\/td>\n<td><img src=\"https:\/\/www.cci-limited.com\/wp-content\/uploads\/2022\/07\/x.png\" alt=\"\" \/><\/td>\n<td><img src=\"https:\/\/www.cci-limited.com\/wp-content\/uploads\/2022\/07\/x.png\" alt=\"\" \/><\/td>\n<td><img src=\"https:\/\/www.cci-limited.com\/wp-content\/uploads\/2022\/07\/x.png\" alt=\"\" \/><\/td>\n<td><img src=\"https:\/\/www.cci-limited.com\/wp-content\/uploads\/2022\/07\/x.png\" alt=\"\" \/><\/td>\n<td><img src=\"https:\/\/www.cci-limited.com\/wp-content\/uploads\/2022\/07\/tick.png\" alt=\"\" \/><\/td>\n<\/tr>\n<\/tbody>\n<\/table>\n<h3>Nordamerikanische CEMA-Spezifikationen<\/h3>\n<table class=\"cartridge_spec\">\n<tbody>\n<tr>\n<td><\/td>\n<td colspan=\"6\"><b> Lagerspezifikation<\/b><\/td>\n<\/tr>\n<tr>\n<td><b>Rollendurchmesser<\/b><\/td>\n<td><b>6204\/20mm<br \/>\n(CEMA B)<\/b><\/td>\n<td><b>6205\/25mm<br \/>\n(CEMA C)<\/b><\/td>\n<td><b>6305\/25mm<br \/>\n(CEMA D)<\/b><\/td>\n<td><b>6306\/30mm<br \/>\n(CEMA E)<\/b><\/td>\n<td><b>6307\/35mm<br \/>\n(CEMA E+)<\/b><\/td>\n<td><b>6308\/40mm<br \/>\n(CEMA F)<\/b><\/td>\n<\/tr>\n<tr class=\"center\">\n<td>4,0 zoll<\/td>\n<td><img src=\"https:\/\/www.cci-limited.com\/wp-content\/uploads\/2022\/07\/tick.png\" alt=\"\" \/><\/td>\n<td><img src=\"https:\/\/www.cci-limited.com\/wp-content\/uploads\/2022\/07\/tick.png\" alt=\"\" \/><\/td>\n<td><img src=\"https:\/\/www.cci-limited.com\/wp-content\/uploads\/2022\/07\/x.png\" alt=\"\" \/><\/td>\n<td><img src=\"https:\/\/www.cci-limited.com\/wp-content\/uploads\/2022\/07\/x.png\" alt=\"\" \/><\/td>\n<td><img src=\"https:\/\/www.cci-limited.com\/wp-content\/uploads\/2022\/07\/x.png\" alt=\"\" \/><\/td>\n<td><img src=\"https:\/\/www.cci-limited.com\/wp-content\/uploads\/2022\/07\/x.png\" alt=\"\" \/><\/td>\n<\/tr>\n<tr class=\"center\">\n<td>5,0 zoll<\/td>\n<td><img src=\"https:\/\/www.cci-limited.com\/wp-content\/uploads\/2022\/07\/tick.png\" alt=\"\" \/><\/td>\n<td><img src=\"https:\/\/www.cci-limited.com\/wp-content\/uploads\/2022\/07\/tick.png\" alt=\"\" \/><\/td>\n<td><img src=\"https:\/\/www.cci-limited.com\/wp-content\/uploads\/2022\/07\/tick.png\" alt=\"\" \/><\/td>\n<td><img src=\"https:\/\/www.cci-limited.com\/wp-content\/uploads\/2022\/07\/tick.png\" alt=\"\" \/><\/td>\n<td><img src=\"https:\/\/www.cci-limited.com\/wp-content\/uploads\/2022\/07\/tick.png\" alt=\"\" \/><\/td>\n<td><img src=\"https:\/\/www.cci-limited.com\/wp-content\/uploads\/2022\/07\/x.png\" alt=\"\" \/><\/td>\n<\/tr>\n<tr class=\"center\">\n<td>6,0 zoll<\/td>\n<td><img src=\"https:\/\/www.cci-limited.com\/wp-content\/uploads\/2022\/07\/x.png\" alt=\"\" \/><\/td>\n<td><img src=\"https:\/\/www.cci-limited.com\/wp-content\/uploads\/2022\/07\/tick.png\" alt=\"\" \/><\/td>\n<td><img src=\"https:\/\/www.cci-limited.com\/wp-content\/uploads\/2022\/07\/tick.png\" alt=\"\" \/><\/td>\n<td><img src=\"https:\/\/www.cci-limited.com\/wp-content\/uploads\/2022\/07\/tick.png\" alt=\"\" \/><\/td>\n<td><img src=\"https:\/\/www.cci-limited.com\/wp-content\/uploads\/2022\/07\/tick.png\" alt=\"\" \/><\/td>\n<td><img src=\"https:\/\/www.cci-limited.com\/wp-content\/uploads\/2022\/07\/tick.png\" alt=\"\" \/><\/td>\n<\/tr>\n<tr class=\"center\">\n<td>7,0 zoll<\/td>\n<td><img src=\"https:\/\/www.cci-limited.com\/wp-content\/uploads\/2022\/07\/x.png\" alt=\"\" \/><\/td>\n<td><img src=\"https:\/\/www.cci-limited.com\/wp-content\/uploads\/2022\/07\/x.png\" alt=\"\" \/><\/td>\n<td><img src=\"https:\/\/www.cci-limited.com\/wp-content\/uploads\/2022\/07\/x.png\" alt=\"\" \/><\/td>\n<td><img src=\"https:\/\/www.cci-limited.com\/wp-content\/uploads\/2022\/07\/x.png\" alt=\"\" \/><\/td>\n<td><img src=\"https:\/\/www.cci-limited.com\/wp-content\/uploads\/2022\/07\/tick.png\" alt=\"\" \/><\/td>\n<td><img src=\"https:\/\/www.cci-limited.com\/wp-content\/uploads\/2022\/07\/tick.png\" alt=\"\" \/><\/td>\n<\/tr>\n<tr class=\"center\">\n<td>8,0 zoll<\/td>\n<td><img src=\"https:\/\/www.cci-limited.com\/wp-content\/uploads\/2022\/07\/x.png\" alt=\"\" \/><\/td>\n<td><img src=\"https:\/\/www.cci-limited.com\/wp-content\/uploads\/2022\/07\/x.png\" alt=\"\" \/><\/td>\n<td><img src=\"https:\/\/www.cci-limited.com\/wp-content\/uploads\/2022\/07\/x.png\" alt=\"\" \/><\/td>\n<td><img src=\"https:\/\/www.cci-limited.com\/wp-content\/uploads\/2022\/07\/x.png\" alt=\"\" \/><\/td>\n<td><img src=\"https:\/\/www.cci-limited.com\/wp-content\/uploads\/2022\/07\/x.png\" alt=\"\" \/><\/td>\n<td><img src=\"https:\/\/www.cci-limited.com\/wp-content\/uploads\/2022\/07\/tick.png\" alt=\"\" \/><\/td>\n<\/tr>\n<\/tbody>\n<\/table>\n<h3>Hinweis &#8211; Andere Rollendurchmesser<\/h3>\n<p>Wie in den obenstehenden ISO\/CEMA-Tabellen zu sehen, produziert CCI Ltd eine Reihe von Standardkomponenten, die f\u00fcr internationale Standard-Rollenrohrdurchmesser passend sind. Bei Bedarf kann jedoch die Mehrheit der oben aufgef\u00fchrten Patronen ohne Weiteres so hergestellt werden, dass sie f\u00fcr andere Rollendurchmesser passend sind. Hierf\u00fcr muss lediglich vor der Herstellung sichergestellt werden, dass die erforderliche Ausr\u00fcstung vorhanden ist.<\/p>","protected":false},"excerpt":{"rendered":"<p>In der Praxis etabliert Auch wenn das Konzept vorgefertigter Rollenlagergeh\u00e4use (Patronen) f\u00fcr viele Rollenhersteller eine internationale Neuheit ist, sind unsere Patronen bei unseren Kunden auf der ganzen Welt bereits seit vielen Jahren etabliert. Demzufolge ist das nachfolgend aufgef\u00fchrte Sortiment an Patronenspezifikationen bew\u00e4hrt und hinreichend in der Praxis getestet &#8211; f\u00fcr ein breites Anwendungsspektrum im \u00fcber- [&hellip;]<\/p>\n","protected":false},"author":1,"featured_media":0,"parent":0,"menu_order":0,"comment_status":"closed","ping_status":"closed","template":"page-full.php","meta":[],"_links":{"self":[{"href":"https:\/\/www.cci-limited.com\/de\/wp-json\/wp\/v2\/pages\/56"}],"collection":[{"href":"https:\/\/www.cci-limited.com\/de\/wp-json\/wp\/v2\/pages"}],"about":[{"href":"https:\/\/www.cci-limited.com\/de\/wp-json\/wp\/v2\/types\/page"}],"author":[{"embeddable":true,"href":"https:\/\/www.cci-limited.com\/de\/wp-json\/wp\/v2\/users\/1"}],"replies":[{"embeddable":true,"href":"https:\/\/www.cci-limited.com\/de\/wp-json\/wp\/v2\/comments?post=56"}],"version-history":[{"count":62,"href":"https:\/\/www.cci-limited.com\/de\/wp-json\/wp\/v2\/pages\/56\/revisions"}],"predecessor-version":[{"id":1374,"href":"https:\/\/www.cci-limited.com\/de\/wp-json\/wp\/v2\/pages\/56\/revisions\/1374"}],"wp:attachment":[{"href":"https:\/\/www.cci-limited.com\/de\/wp-json\/wp\/v2\/media?parent=56"}],"curies":[{"name":"wp","href":"https:\/\/api.w.org\/{rel}","templated":true}]}}