{"id":6,"date":"2016-02-17T17:33:24","date_gmt":"2016-02-17T17:33:24","guid":{"rendered":"http:\/\/176.32.230.43\/edwinlowe.com\/edwin\/?page_id=6"},"modified":"2022-08-09T12:09:11","modified_gmt":"2022-08-09T11:09:11","slug":"about-us","status":"publish","type":"page","link":"https:\/\/www.cci-limited.com\/de\/about-us\/","title":{"rendered":"\u00dcber uns"},"content":{"rendered":"<p><\/p>\n<p class=\"p1\">Basierend auf unserem einzigartigen Sortiment an Stahllagergeh\u00e4usen leiste das Unternehmen Pionierarbeit mit der Entwicklung eines v\u00f6llig neuartigen Produkts \u2013 dem vorgefertigten Pressstahl-Rollenlagergeh\u00e4use \u2013 auch bekannt als \u201ePatrone\u201c. Diese \u201ePatrone\u201c ist eine vollkommen eigenst\u00e4ndige Unterbaugruppe, die ein komplett vorgefertigtes Ende einer Schwei\u00dfstahlrolle liefert, d.h. alle erforderlichen Komponenten einschlie\u00dflich des Lagergeh\u00e4uses, des Kugellagers, der Dichtungsanordnung \u2013 selbst das Fett \u2013 sind innerhalb des Stahllagergeh\u00e4uses eingeschlossen und bieten so ein vollkommen vorgefertigtes Teil.\n<\/p>\n<p class=\"p1\">Die Original-Prototyp-Patrone wurde Anfang der 80er-Jahre produziert. Diese Komponenten werden nun von Rollenherstellern auf der ganzen Welt umfassend eingesetzt und haben sich einen Namen f\u00fcr Qualit\u00e4t, Unempfindlichkeit und Langlebigkeit gemacht. Heute verf\u00fcgen wir \u00fcber eine hochmoderne robotergesteuerte, automatisierte Produktionsst\u00e4tte in Birmingham, Gro\u00dfbritannien, in der alle unsere Komponenten hergestellt werden.<\/p>\n<p><\/p>","protected":false},"excerpt":{"rendered":"<p>Basierend auf unserem einzigartigen Sortiment an Stahllagergeh\u00e4usen leiste das Unternehmen Pionierarbeit mit der Entwicklung eines v\u00f6llig neuartigen Produkts \u2013 dem vorgefertigten Pressstahl-Rollenlagergeh\u00e4use \u2013 auch bekannt als \u201ePatrone\u201c. Diese \u201ePatrone\u201c ist eine vollkommen eigenst\u00e4ndige Unterbaugruppe, die ein komplett vorgefertigtes Ende einer Schwei\u00dfstahlrolle liefert, d.h. alle erforderlichen Komponenten einschlie\u00dflich des Lagergeh\u00e4uses, des Kugellagers, der Dichtungsanordnung \u2013 selbst [&hellip;]<\/p>\n","protected":false},"author":1,"featured_media":0,"parent":0,"menu_order":0,"comment_status":"closed","ping_status":"closed","template":"","meta":[],"_links":{"self":[{"href":"https:\/\/www.cci-limited.com\/de\/wp-json\/wp\/v2\/pages\/6"}],"collection":[{"href":"https:\/\/www.cci-limited.com\/de\/wp-json\/wp\/v2\/pages"}],"about":[{"href":"https:\/\/www.cci-limited.com\/de\/wp-json\/wp\/v2\/types\/page"}],"author":[{"embeddable":true,"href":"https:\/\/www.cci-limited.com\/de\/wp-json\/wp\/v2\/users\/1"}],"replies":[{"embeddable":true,"href":"https:\/\/www.cci-limited.com\/de\/wp-json\/wp\/v2\/comments?post=6"}],"version-history":[{"count":72,"href":"https:\/\/www.cci-limited.com\/de\/wp-json\/wp\/v2\/pages\/6\/revisions"}],"predecessor-version":[{"id":1432,"href":"https:\/\/www.cci-limited.com\/de\/wp-json\/wp\/v2\/pages\/6\/revisions\/1432"}],"wp:attachment":[{"href":"https:\/\/www.cci-limited.com\/de\/wp-json\/wp\/v2\/media?parent=6"}],"curies":[{"name":"wp","href":"https:\/\/api.w.org\/{rel}","templated":true}]}}