{"id":74,"date":"2016-03-24T08:19:36","date_gmt":"2016-03-24T08:19:36","guid":{"rendered":"http:\/\/176.32.230.43\/edwinlowe.com\/edwin\/?page_id=74"},"modified":"2017-11-26T15:56:55","modified_gmt":"2017-11-26T15:56:55","slug":"world-first-technology","status":"publish","type":"page","link":"https:\/\/www.cci-limited.com\/de\/world-first-technology\/","title":{"rendered":"WELTWEITE SPITZENTECHNOLOGIE"},"content":{"rendered":"<p><strong>NEUE TECHNOLOGIE &#8211; VORGEFERTIGTE LAGERGEH\u00c4USE (ODER PATRONEN) <\/strong><br \/>\n<iframe loading=\"lazy\" src=\"https:\/\/player.vimeo.com\/video\/123314433\" width=\"500\" height=\"281\" frameborder=\"0\" allowfullscreen=\"allowfullscreen\"><\/iframe><br \/>\n<strong>ZUSAMMENFASSUNG DER TECHNISCHEN UND KOMMERZIELLEN VORTEILE<\/strong><\/p>\n<p>Diese neue Technologie hatte \u00fcberaus nachhaltige Auswirkungen darauf, wie Rollen heutzutage hergestellt werden.  Die Verwendung vorgefertigter Lagergeh\u00e4use (Patronen) f\u00fcr Schwei\u00dfstahlrollen bietet dem Rollenhersteller mehrere Vorteile &#8211; heute wie auch in der Zukunft. Einige werden nachstehend zusammengefasst.<\/p>\n<p><strong>FERTIGUNGSPROZESS<\/strong><\/p>\n<ul>\n<li>Rolle auf nur drei Komponenten\/vier Teile reduziert = beachtliche Vereinfachung des Fertigungsprozesses<\/li>\n<li>Patronenbasierte Rollen = weniger Arbeitsstunden\/weniger Arbeitsg\u00e4nge<\/li>\n<li>Wartungsfrei &#8211; w\u00e4hrend der gesamten Lebensdauer der Rolle ist keinerlei Wartung erforderlich.<\/li>\n<li>Alle allgemeing\u00fcltigen internationalen Standardspezifikationen k\u00f6nnen gefertigt werden<\/li>\n<li>K\u00fcrzere Zykluszeiten bei der Produktion = h\u00f6herer Produktionsdurchsatz<\/li>\n<li>Schnellerer Durchsatz = k\u00fcrzere Lieferzeiten f\u00fcr Kunden<\/li>\n<li>Gr\u00f6\u00dfere Flexibilit\u00e4t bei der Produktion &#8211; geringe Bestellmengen = kein Problem<\/li>\n<li>Reduzierte direkte und indirekte Kosten = gr\u00f6\u00dfere Gewinnmargen<\/li>\n<li>Wirtschaftlichkeit der Chargenproduktion = Wirtschaftlichkeit der Massenproduktion<\/li>\n<li>Montageprozess ist selbstregulierend = leichtere Wahrung hoher Qualit\u00e4tsstandards<\/li>\n<li>Unterschiedliche Patronendesigns = unterschiedliche Rollenspezifikationen<\/li>\n<li>Neu &#8211; verschiedene internationale Rollenspezifikationen auf einer einzigen Produktionsstra\u00dfe gefertigt<\/li>\n<li>Neu &#8211; \u00c4nderung der tats\u00e4chlichen Rollenspezifikation w\u00e4hrend des Fertigungsprozesses &#8211; ohne Produktionsstopp<\/li>\n<\/ul>\n<p><strong>KAPITALAUFWAND UND ANLAGEN<\/strong><\/p>\n<ul>\n<li>Neu &#8211; anf\u00e4nglicher Kapitalaufwand und Anlagen zur Herstellung patronenbasierter Rollen bleiben unver\u00e4ndert &#8211; selbst wenn sich die Rollendesigns in Zukunft \u00e4ndern<\/li>\n<li>Neu &#8211; daher automatischer Schutz vor Veraltung der Anlagen<\/li>\n<\/ul>\n<p>EDWIN LOWE LTD, BIRMINGHAM, U K. &#8211; NEUE TECHNOLOGIE &#8211; VORGEFERTIGTE LAGERGEH\u00c4USE (ODER PATRONEN) &#8211; ZUSAMMENFASSUNG DER TECHNISCHEN UND KOMMERZIELLEN VORTEILE\t\t(Seite 2\u2026\u2026\u2026\u2026\u2026)<\/p>\n<ul>\n<li>Neu &#8211; Automatisierung der Herstellung patronenbasierter Rollen = geringere Kosten im Vergleich mit der Automatisierung der Produktion von Rollen nach herk\u00f6mmlichem Design<\/li>\n<li>Neu &#8211; das neuste Design der Werkzeugbest\u00fcckung von Schwei\u00dfmaschinen = automatische Ausrichtung aller Mittelachsen aller Rollenkomponenten w\u00e4hrend des Montage-\/Schwei\u00dfzyklus<\/li>\n<\/ul>\n<p><\/p>","protected":false},"excerpt":{"rendered":"<p>NEUE TECHNOLOGIE &#8211; VORGEFERTIGTE LAGERGEH\u00c4USE (ODER PATRONEN) ZUSAMMENFASSUNG DER TECHNISCHEN UND KOMMERZIELLEN VORTEILE Diese neue Technologie hatte \u00fcberaus nachhaltige Auswirkungen darauf, wie Rollen heutzutage hergestellt werden. Die Verwendung vorgefertigter Lagergeh\u00e4use (Patronen) f\u00fcr Schwei\u00dfstahlrollen bietet dem Rollenhersteller mehrere Vorteile &#8211; heute wie auch in der Zukunft. Einige werden nachstehend zusammengefasst. FERTIGUNGSPROZESS Rolle auf nur drei Komponenten\/vier [&hellip;]<\/p>\n","protected":false},"author":1,"featured_media":0,"parent":0,"menu_order":0,"comment_status":"closed","ping_status":"closed","template":"page-full.php","meta":[],"_links":{"self":[{"href":"https:\/\/www.cci-limited.com\/de\/wp-json\/wp\/v2\/pages\/74"}],"collection":[{"href":"https:\/\/www.cci-limited.com\/de\/wp-json\/wp\/v2\/pages"}],"about":[{"href":"https:\/\/www.cci-limited.com\/de\/wp-json\/wp\/v2\/types\/page"}],"author":[{"embeddable":true,"href":"https:\/\/www.cci-limited.com\/de\/wp-json\/wp\/v2\/users\/1"}],"replies":[{"embeddable":true,"href":"https:\/\/www.cci-limited.com\/de\/wp-json\/wp\/v2\/comments?post=74"}],"version-history":[{"count":24,"href":"https:\/\/www.cci-limited.com\/de\/wp-json\/wp\/v2\/pages\/74\/revisions"}],"predecessor-version":[{"id":1220,"href":"https:\/\/www.cci-limited.com\/de\/wp-json\/wp\/v2\/pages\/74\/revisions\/1220"}],"wp:attachment":[{"href":"https:\/\/www.cci-limited.com\/de\/wp-json\/wp\/v2\/media?parent=74"}],"curies":[{"name":"wp","href":"https:\/\/api.w.org\/{rel}","templated":true}]}}