{"id":76,"date":"2016-03-24T08:21:14","date_gmt":"2016-03-24T08:21:14","guid":{"rendered":"http:\/\/176.32.230.43\/edwinlowe.com\/edwin\/?page_id=76"},"modified":"2017-11-26T15:58:51","modified_gmt":"2017-11-26T15:58:51","slug":"world-first-manufacturing","status":"publish","type":"page","link":"https:\/\/www.cci-limited.com\/de\/world-first-manufacturing\/","title":{"rendered":"WELTWEIT BESTES HERSTELLUNGSVERFAHREN"},"content":{"rendered":"<p><strong>VORGEFERTIGTE LAGERGEH\u00c4USE (PATRONEN)<\/strong><br \/>\n<strong>AKTUELLE PRODUKTIONSKAPAZIT\u00c4T DES WERKS<\/strong><br \/>\n<strong>TECHNOLOGIE F\u00dcR DIE PATRONENFERTIGUNG<\/strong><\/p>\n<p>Neben der Einf\u00fchrung einer neuen Designtechnologie in den Rollenherstellungsprozess hat das<br \/>\nUnternehmen parallel dazu eine neue Herstellungstechnologie entwickelt. Das Unternehmen hat f\u00fcr<br \/>\ndie Herstellung seines Patronensortiment neue robotisierte, automatisierte Spezialanlagen<br \/>\nkonstruiert und installiert.<\/p>\n<p>Wir hoffen so gew\u00e4hrleisten zu k\u00f6nnen, dass wir &#8211; jetzt und in absehbarer Zukunft &#8211; \u00fcber eine<br \/>\nausreichende Produktionskapazit\u00e4t verf\u00fcgen, um alle Anforderungen unserer britischen und<br \/>\nExportkunden zu erf\u00fcllen.<\/p>\n<p>Das Unternehmen verf\u00fcgt derzeit \u00fcber drei separate Patronenfertigungsanlagen &#8211; zwei automatische<br \/>\nFertigungsanlage und eine manuelle Fertigungsanlage. Nachfolgend finden Sie eine<br \/>\nZusammenfassung unserer Produktionskapazit\u00e4t, und wir hoffen, dass dies all unsre Kunden bei<br \/>\nihrer zuk\u00fcnftigen Produktionsplanung hilft.<\/p>\n<div class=\"two_thirds_last\">\n<h2>PATRONENFERTIGUNGSKAPAZIT\u00c4T &#8211; EINZELSCHICHT &#8211; 40-STUNDEN-WOCHE<\/h2>\n<table>\n<tbody>\n<tr>\n<td>Patronenfertigungsanlage<\/td>\n<td>Maximale w\u00f6chentliche Kapazit\u00e4t<\/td>\n<\/tr>\n<tr>\n<td>Nr. 1 automatische Patronenanlage<\/td>\n<td>28,000<\/td>\n<\/tr>\n<tr>\n<td>Nr. 2 automatische Patronenanlage<\/td>\n<td>18,000<\/td>\n<\/tr>\n<tr>\n<td>Nr. 3 manuelle Patronenanlage<\/td>\n<td>10,000<\/td>\n<\/tr>\n<tr>\n<td>W\u00f6chentliche Gesamtkapazit\u00e4t<\/td>\n<td>56,000<\/td>\n<\/tr>\n<\/tbody>\n<\/table>\n<p>F\u00fcr n\u00e4here Angaben bez\u00fcglich der an den jeweiligen Fertigungsanalgen hergestellten<br \/>\nPatronenspezifikationen beachten Sie bitte die nachfolgenden Informationen:<\/p>\n<p><strong>Nr. 1 Automatische Patronenanlage &#8211; Produktsortiment<\/strong><\/p>\n<li>Leichte\/mittelschwere Patronen &#8211; 6204\/20 mm- und 6205\/25 mm-Spezifikation.<\/li>\n<li>Passend f\u00fcr Rollenflanschdurchmesser von 63,50 mm \/ 2\u00bd\u201d bis zu einschlie\u00dflich 133,00 mm \/<br \/>\n5\u00bc\u201d Durchmesser.<\/li>\n<li>Passend f\u00fcr alle \u00fcblichen internationalen ISO\/metrischen und britischen Rollenspezifikationen,<br \/>\neinschlie\u00dflich der nordamerikanischen Spezifikationen CEMA B und CEMA C.<\/li>\n<\/ul>\n<p>EDWIN LOWE LTD. BIRMINGHAM, UK &#8211; VORGEFERTIGTE LAGERGEH\u00c4USE<br \/>\n(PATRONEN) &#8211; AKTUELLE PRODUKTIONSKAPAZIT\u00c4T DES WERKS<\/p>\n<p><strong>Nr. 2 Automatische Patronenanlage &#8211; Produktsortiment<\/strong><\/p>\n<ul>\n<li>Automatisches Backup f\u00fcr die Produktionskapazit\u00e4t f\u00fcr die automatische Anlage Nr. 1.<\/li>\n<li>Mittelschwere und Schwerlast-Patronen &#8211; 6305\/25 mm-, 6206\/30 mm-, 6306\/30 mm-, 6307\/35<br \/>\nmm- und 6308\/40 mm-Spezifikationen.<\/li>\n<li>Passend f\u00fcr alle \u00fcblichen internationalen ISO\/metrischen und britischen Rollenspezifikationen,<br \/>\neinschlie\u00dflich der nordamerikanischen Spezifikationen CEMA D, CEMA E und CEMA F.<\/li>\n<\/ul>\n<p><strong>Nr. 3 Manuelle Patronenanlage &#8211; Produktsortiment<\/strong><\/p>\n<ul>\n<li>Notfall-Backup f\u00fcr die automatischen Fertigungsanalgen Nr. 1 und Nr. 2 &#8211; d.h. unsere manuelle<br \/>\nAnlage ist zur Fertigung aller Spezifikationen von Patronen von 6204\/20 mm bis einschlie\u00dflich<br \/>\n6308\/40 mm in der Lage.<\/li>\n<li>Ansonsten f\u00fcr kleinere Produktionsl\u00e4ufe eingesetzt &#8211; einschlie\u00dflich Spezialkomponenten und<br \/>\nPrototypentwicklungsarbeiten.<\/li>\n<li>Folglich &#8211; Lagerspezifikationen von 6204\/20 mm bis einschlie\u00dflich 6308\/40 mm &#8211; d.h. alle<br \/>\n\u00fcblichen internationalen ISO\/metrischen Standards und alle nordamerikanischen CEMAStandards<br \/>\nbis zu einschlie\u00dflich CEMA F.<\/li>\n<ul><\/p>","protected":false},"excerpt":{"rendered":"<p>VORGEFERTIGTE LAGERGEH\u00c4USE (PATRONEN) AKTUELLE PRODUKTIONSKAPAZIT\u00c4T DES WERKS TECHNOLOGIE F\u00dcR DIE PATRONENFERTIGUNG Neben der Einf\u00fchrung einer neuen Designtechnologie in den Rollenherstellungsprozess hat das Unternehmen parallel dazu eine neue Herstellungstechnologie entwickelt. Das Unternehmen hat f\u00fcr die Herstellung seines Patronensortiment neue robotisierte, automatisierte Spezialanlagen konstruiert und installiert. Wir hoffen so gew\u00e4hrleisten zu k\u00f6nnen, dass wir &#8211; jetzt und [&hellip;]<\/p>\n","protected":false},"author":1,"featured_media":0,"parent":0,"menu_order":0,"comment_status":"closed","ping_status":"closed","template":"","meta":[],"_links":{"self":[{"href":"https:\/\/www.cci-limited.com\/de\/wp-json\/wp\/v2\/pages\/76"}],"collection":[{"href":"https:\/\/www.cci-limited.com\/de\/wp-json\/wp\/v2\/pages"}],"about":[{"href":"https:\/\/www.cci-limited.com\/de\/wp-json\/wp\/v2\/types\/page"}],"author":[{"embeddable":true,"href":"https:\/\/www.cci-limited.com\/de\/wp-json\/wp\/v2\/users\/1"}],"replies":[{"embeddable":true,"href":"https:\/\/www.cci-limited.com\/de\/wp-json\/wp\/v2\/comments?post=76"}],"version-history":[{"count":21,"href":"https:\/\/www.cci-limited.com\/de\/wp-json\/wp\/v2\/pages\/76\/revisions"}],"predecessor-version":[{"id":1221,"href":"https:\/\/www.cci-limited.com\/de\/wp-json\/wp\/v2\/pages\/76\/revisions\/1221"}],"wp:attachment":[{"href":"https:\/\/www.cci-limited.com\/de\/wp-json\/wp\/v2\/media?parent=76"}],"curies":[{"name":"wp","href":"https:\/\/api.w.org\/{rel}","templated":true}]}}