{"id":80,"date":"2016-03-24T08:25:56","date_gmt":"2016-03-24T08:25:56","guid":{"rendered":"http:\/\/176.32.230.43\/edwinlowe.com\/edwin\/?page_id=80"},"modified":"2017-11-26T16:03:16","modified_gmt":"2017-11-26T16:03:16","slug":"precision-manufacturing","status":"publish","type":"page","link":"https:\/\/www.cci-limited.com\/de\/precision-manufacturing\/","title":{"rendered":"PR\u00c4ZISIONSFERTIGUNG"},"content":{"rendered":"<p><strong>VORGEFERTIGTE LAGERGEH\u00c4USE (PATRONEN)<\/strong><br \/>\n<strong>EINIGE ANMERKUNGEN ZUR AUTOMATISCHEN SELBSTAUSRICHTUNG ALLER KOMPONENTEN INNERHALB DER SCHWEI\u00dfSTAHLROLLE<\/strong><br \/>\n<strong>EINLEITUNG<\/strong><br \/>\nIm Rahmen traditioneller Fertigungsmethoden f\u00fcr Schwei\u00dfstahl-F\u00f6rderbandrollen wurden bisher in der Regel zwei leere Pressstahl-Lagergeh\u00e4use an zwei gegen\u00fcberliegende Enden des Rollenrohrs angeschwei\u00dft. Abgeschlossen wurde der Fertigungsprozess dann durch mehrere anschlie\u00dfende Montageverfahren.<\/p>\n<p>Mit der Einf\u00fchrung des vorgefertigten Lagergeh\u00e4uses (Patrone) haben sich sowohl unsere Kunden in Gro\u00dfbritannien als auch unsere Kunden im Ausland von dieser Vorgehensweise abgewandt, da die exklusive Verwendung leerer Lagergeh\u00e4use nicht mehr als optimales Verfahren angesehen wird. Nachstehend finden Sie einige Erkl\u00e4rungen dar\u00fcber, wie diese neue technische Entwicklung den Fertigungsprozess von Schwei\u00dfstahl-Rollen bedeutend verbessert hat.<\/p>\n<p><strong>1. ROLLENAUSF\u00c4LLE IM FELD<\/strong><br \/>\nWie alle Rollenhersteller aus eigener Erfahrung wissen, ist die axiale Verschiebung eine Hauptursache von Rollenausf\u00e4llen im Feld. Die Verschiebung der Mittelachsen der Rollenwelle &#8211; in Bezug auf die Mittelachse der Rolle an sich &#8211; f\u00fchrt zu einer unerw\u00fcnschten exzentrischen Drehbewegung der Rolle um ihre Mittelachse. Diese Achsenverschiebung kann auch bedeuten, dass die Mittelachsen der Rollenlager an den gegen\u00fcberliegenden Enden der Rollenwelle zwangsweise verschoben werden. An F\u00f6rderbandsystemen k\u00f6nnen derartige Probleme folgende Konsequenzen<br \/>\nhaben:<\/p>\n<ul>\n<li>Unerw\u00fcnschte harmonische Schwingung des F\u00f6rderbands &#8211; was wiederum zu weiteren Problemen wie Versch\u00fcttung, ungleichm\u00e4\u00dfigem Bandverschlei\u00df usw. f\u00fchrt.<\/li>\n<li>Ungesteuerte Vorspannung des Lagers, Lagerverschlei\u00df, \u00dcberhitzung des Lagers, usw. Eine Kombination all dieser Auswirkungen f\u00fchrt entweder zu einem schnellen Ausfall der Rolle (im schlimmsten Fall) oder einer signifikanten Verk\u00fcrzung der Lebensdauer der Rolle (im besten Fall).<\/li>\n<\/ul>\n<p>Die Einf\u00fchrung des vorgefertigten Lagergeh\u00e4uses (Patrone) und die Auswirkungen, die diese Entwicklung auf den Herstellungsprozess von Rollen hatte, haben dieses Problem f\u00fcr die Rollenhersteller weitgehend minimiert.<\/p>\n<p><strong>2. STEUERUNG DER ACHSENAUSRICHTUNG<\/strong><br \/>\nBisher wurde zu Beginn des Rollenmontageprozesses, der das Anschwei\u00dfen der zwei leeren Pressstahl-Lagergeh\u00e4use an die gegen\u00fcberliegenden Enden des Rollenrohrs umfasste, das prim\u00e4re Positionierungsverfahren zur Wahrung der Achselausrichtung der Rolle von zwei massiven, zentralen Spanndornen gesteuert, die in die beiden Werkzeugbest\u00fcckungss\u00e4tze der Schwei\u00dfvorrichtung eingebaut waren.<\/p>\n<p>Diese beiden Werkzeugbest\u00fcckungss\u00e4tze wurden an die gegen\u00fcberliegenden K\u00f6pfe einer konventionellen Rollen-Schwei\u00dfmaschine befestigt (wobei jeder zentrale Spanndorn zusammen mit seinem entsprechenden, externen Werkzeugbest\u00fcckungselement wirkt), die zur Ausrichtung der Mittelachse des Rollenrohrs eingesetzt wird.<\/p>\n<p>VORGEFERTIGTE LAGERGEH\u00c4USEPATRONEN &#8211; EINIGE ANMERKUNGEN ZUR AUTOMATISCHEN ACHSENSELBSTAUSRICHTUNG VON ROLLENKOMPONENTEN<\/p>\n<p>Jene zentralen Spanndorne wurden bisher entwickelt, um eine genaue Verbindung mit den leeren, gepressten Bohrungen der beiden Stahlgeh\u00e4use zu erm\u00f6glichen &#8211; mit dem Hauptziel, die beiden Mittelachsen der Geh\u00e4use genau auf die Mittelachse des Rollenrohrs auszurichten.<\/p>\n<p>(Nehmen Sie jedoch bitte Bezug auf unser informelles Arbeitspapier mit dem Titel &#8222;PressstahlRollenlagergeh\u00e4use &#8211; Die Unm\u00f6glichkeiten, einen perfekten Kreis zu pressen!&#8220;) Mit der Einf\u00fchrung der Patrone hat sich dieser kritische Kontrollpunkt nun auf die Mittelachse der Rollenwelle selbst verschoben.<\/p>\n<p>Der Spanndorn mit seiner massiven Mitte wurde aktualisiert und schlie\u00dft nun eine pr\u00e4zisionsgefertigte Buchse zur Aufnahme des Wellen\u00fcberstands ein, der von den Endfl\u00e4chen der vorgefertigten und vorgeschmierten Rolle herausragt.<\/p>\n<p><strong>3. NEU &#8211; VORMONTIERTE UND GESCHMIERTE ROLLE &#8211; VOR DEM SCHWEI\u00dfEN<\/strong><br \/>\nF\u00fcr Rollenhersteller, die nicht bereits Kunden von CCI Ltd sind, sollten wir erkl\u00e4ren, dass die Rolle bereits vollkommen montiert und geschmiert ist, bevor der Schwei\u00dfzyklus stattfindet. Dies bedeutet, dass, sobald Hersteller die neue Reihe vorgefertigter Lagergeh\u00e4use \/ Patronen zur Fertigung ihres Rollensortiments verwenden, sich ihr eigener Fertigungsprozess bedeutend ver\u00e4ndern wird.<\/p>\n<p><strong>4. WIE UND WARUM ES FUNKTIONIERT<\/strong><br \/>\nDer Rollenhersteller hat die Enden der Rollenwelle pr\u00e4zisionsgefertigt. Mit Hilfe von maschineller Bearbeitung oder Schleifen entsteht ein Wellendurchmesser mit einer Toleranz von wenigen Mikron, der der Bohrung bzw. dem Innendurchmesser des jeweiligen Lagers entspricht. So entstehen die beiden Lagerst\u00fchle an beiden Enden der Rollenwelle.<\/p>\n<p>Auch die Hohlbuchsen in den zwei gegen\u00fcberliegenden zentralen Spanndornen der neuen Ausf\u00fchrung der Schwei\u00dfmaschinen-Kopfbest\u00fcckung sind sehr genau bearbeitet, um \u00fcberaus pr\u00e4zise Innendurchmesser zu erzielen, die bis auf wenige Mikron auf die Au\u00dfendurchmesser der beiden vorgefertigten Enden der Rollenwelle abgestimmt sind.<\/p>\n<p>Dar\u00fcber hinaus sind die beiden Mittelachsen der beiden gegen\u00fcberliegenden zentralen Spanndorne sehr genau aufeinander ausgerichtet, um die Mittelachse der Rollen-Schwei\u00dfmaschine (heutzutage werden daf\u00fcr generell Laser benutzt), wenn die Schwei\u00dfmaschine tats\u00e4chlich installiert ist.<\/p>\n<p>Die Lagergeh\u00e4usepatrone wurde hinsichtlich der Achsenausrichtung ebenfalls pr\u00e4zisionsgefertigt. Zum Beispiel: enge Konzentrizit\u00e4t und Exzentrizit\u00e4t der Flansche um die Mittelachse der Komponente sind kritische Aspekte des Patronendesigns.<\/p>\n<p>Wenn also die Werkzeugbest\u00fcckung an den beiden gegen\u00fcberliegenden K\u00f6pfen der DoppelkopfRollen-Schwei\u00dfmaschine alle Komponenten an der Maschine vor Beginn des Schwei\u00dfzyklus einspannt, gew\u00e4hrleisten die engen Toleranzen der Innendurchmesser der beiden zentralen Spanndorne, die mit den eng tolerierten Au\u00dfendurchmessern der Wellen\u00fcberst\u00e4nde verbunden sind, automatisch, dass alle Rollenkomponenten automatisch auf die Mittelachse der Rollenwelle ausgerichtet werden.<\/p>\n<p>VORGEFERTIGTE LAGERGEH\u00c4USEPATRONEN &#8211; EINIGE ANMERKUNGEN ZUR AUTOMATISCHEN ACHSENSELBSTAUSRICHTUNG VON ROLLENKOMPONENTEN<\/p>\n<p>d.h. Die beiden gegen\u00fcberliegenden externen Kopfbest\u00fcckungss\u00e4tze haben die Mittelachse des Rollenrohrs automatisch auf die Mittelachse der Rollenschwei\u00dfmaschine ausgerichtet \u2013 wobei die Werkzeugbst\u00fcckung mit der Buchsenmitte gleichzeitig automatisch die Mittelachse der Rollenwelle und damit auch die Mittelachse der beiden Rollenlager auf die Mittelachse der Rollenschwei\u00dfmaschine ausgerichtet hat.<\/p>\n<p>Daher kann man nun sagen, dass der Prozess der Ausrichtung aller Mittelachsen aller Bestandteile innerhalb der Rolle nicht nur automatisch abl\u00e4uft \u2013 sondern was noch wichtiger ist &#8211; automatisch pr\u00e4ziser gesteuert wird &#8211; im Vergleich zu fr\u00fcheren Montagemethoden.<\/p>\n<p><strong>5. MONTAGE JETZT AUTOMATISCH GESTEUERT<\/strong><br \/>\nAnders gesagt ist das Montageverfahren mittels Schwei\u00dfmaschine nun das letzte Montageverfahren innerhalb des wesentlich verk\u00fcrzten Rollenherstellungsprozesses und stellt automatisch sicher, dass die Mittelachsen aller Rollenkomponenten, d.h. Welle, Lager, Rohr automatisch auf die Mittelachse der Schwei\u00dfmaschine selbst ausgerichtet werden.<\/p>\n<p>Dies hat zwar nicht alle Probleme des Rollenherstellers gel\u00f6st \u2013 d.h. es bleiben immer noch die handels\u00fcblichen Toleranzen des Rollenrohrherstellers in Bezug auf Geradheit, Ovalit\u00e4t, Wanddicke, etc. \u2013 und die strenge Kontrolle von Bearbeitungstoleranzen in der Fertigung, etc. \u2013 doch wir k\u00f6nnen sagen, dass der Rollenhersteller bei der Rollenachsenausrichtung jetzt nicht mehr so stark auf Vermutungen angewiesen ist.<\/p>\n<p>Dies kann wiederum in Bezug auf die Wiederholbarkeit der Qualit\u00e4t und bei der Beschleunigung des Herstellungsprozesses nur hilfreich sein und hat als positiver Nebeneffekt au\u00dferdem eine Reduktion der Gemeinkosten pro Einheit f\u00fcr jede hergestellte Rolle zur Folge.<\/p>\n<p><strong>6. WEITERE ANMERKUNGEN<\/strong><br \/>\nDies bedeutet auch, dass die Abmessungen \/ Toleranzen der Lagerbohrungen und die Abmessungen \/ Toleranzen des Geh\u00e4useflanschdurchmessers bei der Positionierung w\u00e4hrend des Schwei\u00dfprozesses nicht mehr von prim\u00e4rer Bedeutung sind.<\/p>\n<p>Wenn die zentrale Schwei\u00dfkopfbest\u00fcckung die Wellen\u00fcberst\u00e4nde aufnimmt und die Patronen gegen die gegen\u00fcberliegenden Au\u00dfenfl\u00e4chen des Rollenrohrs dr\u00fcckt &#8211; sind folgende Effekte zu beobachten:-<\/p>\n<ul>\n<li>Durch Lokalisierung \u00fcber die Mittelachse der Rollenwelle wurde der Abstand zwischen dem Flansch-Au\u00dfendurchmesser der Patrone und entweder dem Innendurchmesser der in das Rohrende gefr\u00e4sten Nut oder alternativ dem Au\u00dfendurchmesser der planbearbeiteten Enden des Rollenrohrs selbst im Durchschnitt ermittelt.<\/li>\n<li>Die Schwei\u00dfwulst f\u00fcllt diesen Raum w\u00e4hrend des Schwei\u00dfzyklus vollst\u00e4ndig aus &#8211; unabh\u00e4ngig von einer pr\u00e4zisen Platzierung des Flansch Au\u00dfendurchmessers gegen das Ende des Rollenrohrs.<\/li>\n<\/ul>\n<p><\/p>","protected":false},"excerpt":{"rendered":"<p>VORGEFERTIGTE LAGERGEH\u00c4USE (PATRONEN) EINIGE ANMERKUNGEN ZUR AUTOMATISCHEN SELBSTAUSRICHTUNG ALLER KOMPONENTEN INNERHALB DER SCHWEI\u00dfSTAHLROLLE EINLEITUNG Im Rahmen traditioneller Fertigungsmethoden f\u00fcr Schwei\u00dfstahl-F\u00f6rderbandrollen wurden bisher in der Regel zwei leere Pressstahl-Lagergeh\u00e4use an zwei gegen\u00fcberliegende Enden des Rollenrohrs angeschwei\u00dft. Abgeschlossen wurde der Fertigungsprozess dann durch mehrere anschlie\u00dfende Montageverfahren. Mit der Einf\u00fchrung des vorgefertigten Lagergeh\u00e4uses (Patrone) haben sich sowohl unsere [&hellip;]<\/p>\n","protected":false},"author":1,"featured_media":0,"parent":0,"menu_order":0,"comment_status":"closed","ping_status":"closed","template":"","meta":[],"_links":{"self":[{"href":"https:\/\/www.cci-limited.com\/de\/wp-json\/wp\/v2\/pages\/80"}],"collection":[{"href":"https:\/\/www.cci-limited.com\/de\/wp-json\/wp\/v2\/pages"}],"about":[{"href":"https:\/\/www.cci-limited.com\/de\/wp-json\/wp\/v2\/types\/page"}],"author":[{"embeddable":true,"href":"https:\/\/www.cci-limited.com\/de\/wp-json\/wp\/v2\/users\/1"}],"replies":[{"embeddable":true,"href":"https:\/\/www.cci-limited.com\/de\/wp-json\/wp\/v2\/comments?post=80"}],"version-history":[{"count":21,"href":"https:\/\/www.cci-limited.com\/de\/wp-json\/wp\/v2\/pages\/80\/revisions"}],"predecessor-version":[{"id":1224,"href":"https:\/\/www.cci-limited.com\/de\/wp-json\/wp\/v2\/pages\/80\/revisions\/1224"}],"wp:attachment":[{"href":"https:\/\/www.cci-limited.com\/de\/wp-json\/wp\/v2\/media?parent=80"}],"curies":[{"name":"wp","href":"https:\/\/api.w.org\/{rel}","templated":true}]}}