{"id":14,"date":"2016-02-17T17:35:41","date_gmt":"2016-02-17T17:35:41","guid":{"rendered":"http:\/\/176.32.230.43\/edwinlowe.com\/edwin\/?page_id=14"},"modified":"2022-07-21T09:39:35","modified_gmt":"2022-07-21T08:39:35","slug":"contact","status":"publish","type":"page","link":"https:\/\/www.cci-limited.com\/es\/contact\/","title":{"rendered":"Comun\u00edquese con nosotros"},"content":{"rendered":"<p><strong>Nuestras instalaciones de fabricaci\u00f3n se encuentran en el coraz\u00f3n de Birmingham en el Reino Unido &#8211; a s\u00f3lo 45 minutos en coche del aeropuerto internacional de Birmingham . Por favor , h\u00e1ganos saber si tiene la intenci\u00f3n de hacernos una visita.<\/strong><\/p>\n<figure><a href=\"https:\/\/www.google.co.uk\/maps\/place\/Edwin+Lowe+Ltd\/@52.52617,-1.8999057,557m\/data=!3m2!1e3!4b1!4m2!3m1!1s0x4870a34feafd323f:0x76c3ab72c7e12ea1?hl=en\" target=\"_blank\" rel=\"noopener\"><img class=\"alignnone\" src=\"http:\/\/176.32.230.43\/edwinlowe.com\/edwin\/wp-content\/uploads\/2016\/02\/Edwin-Lowe-Map.jpg\" alt=\"CCI Ltd Map\" \/><\/a><\/figure>\n<p>&nbsp;<\/p>\n<p><strong>CCI Ltd<br \/>\n<\/strong><br \/>\nPerry Bridge Works<br \/>\nAldridge Rd<br \/>\nPerry Barr<br \/>\nBirmingham<br \/>\nUNITED KINGDOM<br \/>\nB42 2HB<\/p>\n<p><strong>Tel: +44 121 356 5255\/6<\/strong><br \/>\n<strong> Fax: +44 121 344 3172<\/strong><br \/>\nEmail:\u00a0<a href=\"mailto:info@cci-limited.com\">info@cci-limited.com<\/a><\/p>","protected":false},"excerpt":{"rendered":"<p>Nuestras instalaciones de fabricaci\u00f3n se encuentran en el coraz\u00f3n de Birmingham en el Reino Unido &#8211; a s\u00f3lo 45 minutos en coche del aeropuerto internacional de Birmingham . Por favor , h\u00e1ganos saber si tiene la intenci\u00f3n de hacernos una visita. &nbsp; CCI Ltd Perry Bridge Works Aldridge Rd Perry Barr Birmingham UNITED KINGDOM B42 [&hellip;]<\/p>\n","protected":false},"author":1,"featured_media":0,"parent":0,"menu_order":0,"comment_status":"closed","ping_status":"closed","template":"","meta":[],"_links":{"self":[{"href":"https:\/\/www.cci-limited.com\/es\/wp-json\/wp\/v2\/pages\/14"}],"collection":[{"href":"https:\/\/www.cci-limited.com\/es\/wp-json\/wp\/v2\/pages"}],"about":[{"href":"https:\/\/www.cci-limited.com\/es\/wp-json\/wp\/v2\/types\/page"}],"author":[{"embeddable":true,"href":"https:\/\/www.cci-limited.com\/es\/wp-json\/wp\/v2\/users\/1"}],"replies":[{"embeddable":true,"href":"https:\/\/www.cci-limited.com\/es\/wp-json\/wp\/v2\/comments?post=14"}],"version-history":[{"count":73,"href":"https:\/\/www.cci-limited.com\/es\/wp-json\/wp\/v2\/pages\/14\/revisions"}],"predecessor-version":[{"id":1405,"href":"https:\/\/www.cci-limited.com\/es\/wp-json\/wp\/v2\/pages\/14\/revisions\/1405"}],"wp:attachment":[{"href":"https:\/\/www.cci-limited.com\/es\/wp-json\/wp\/v2\/media?parent=14"}],"curies":[{"name":"wp","href":"https:\/\/api.w.org\/{rel}","templated":true}]}}