{"id":29,"date":"2016-02-22T06:35:06","date_gmt":"2016-02-22T06:35:06","guid":{"rendered":"http:\/\/176.32.230.43\/edwinlowe.com\/edwin\/?page_id=29"},"modified":"2022-07-20T15:09:21","modified_gmt":"2022-07-20T14:09:21","slug":"company-history","status":"publish","type":"page","link":"https:\/\/www.cci-limited.com\/es\/company-history\/","title":{"rendered":"Historia de la Compa\u00f1\u00eda"},"content":{"rendered":"<p><\/p>\n<p class=\"p1\">Desarrollamos nuestra actividad desde hace mucho tiempo. El rey Jorge IV le concedi\u00f3 la autorizaci\u00f3n de constituci\u00f3n de sociedad a nuestro fundador Benjamin Lowe en 1826. Nos convertimos en una sociedad de responsabilidad limitada \u201cmoderna\u201d 89 a\u00f1os m\u00e1s tarde y nos constituimos en 1915, <span class=\"s1\">por lo que CCI Ltd tiene oficialmente m\u00e1s de 100 a\u00f1os.<\/span><\/p>\n<p class=\"p1\">Desde 1915 CCI Ltd Limited se ha especializado en piezas prensadas de embutici\u00f3n profunda. Fabricamos, por ejemplo, vainas de cobre para proyectiles durante la Primera y la Segunda Guerra Mundial, si bien hoy en d\u00eda, por supuesto, nuestros productos se utilizan en aplicaciones mucho m\u00e1s pac\u00edficas. Desde finales de la d\u00e9cada de 1970 la compa\u00f1\u00eda se ha especializado en el dise\u00f1o y la fabricaci\u00f3n de cajas de rodamientos de acero de embutici\u00f3n profunda de precisi\u00f3n, para rodillos transportadores de acero soldados, que utilizan nuestros clientes tanto en el Reino Unido como en el extranjero.<\/p>\n<p><\/p>","protected":false},"excerpt":{"rendered":"<p>Desarrollamos nuestra actividad desde hace mucho tiempo. El rey Jorge IV le concedi\u00f3 la autorizaci\u00f3n de constituci\u00f3n de sociedad a nuestro fundador Benjamin Lowe en 1826. Nos convertimos en una sociedad de responsabilidad limitada \u201cmoderna\u201d 89 a\u00f1os m\u00e1s tarde y nos constituimos en 1915, por lo que CCI Ltd tiene oficialmente m\u00e1s de 100 a\u00f1os. [&hellip;]<\/p>\n","protected":false},"author":1,"featured_media":0,"parent":0,"menu_order":0,"comment_status":"closed","ping_status":"closed","template":"","meta":[],"_links":{"self":[{"href":"https:\/\/www.cci-limited.com\/es\/wp-json\/wp\/v2\/pages\/29"}],"collection":[{"href":"https:\/\/www.cci-limited.com\/es\/wp-json\/wp\/v2\/pages"}],"about":[{"href":"https:\/\/www.cci-limited.com\/es\/wp-json\/wp\/v2\/types\/page"}],"author":[{"embeddable":true,"href":"https:\/\/www.cci-limited.com\/es\/wp-json\/wp\/v2\/users\/1"}],"replies":[{"embeddable":true,"href":"https:\/\/www.cci-limited.com\/es\/wp-json\/wp\/v2\/comments?post=29"}],"version-history":[{"count":32,"href":"https:\/\/www.cci-limited.com\/es\/wp-json\/wp\/v2\/pages\/29\/revisions"}],"predecessor-version":[{"id":1403,"href":"https:\/\/www.cci-limited.com\/es\/wp-json\/wp\/v2\/pages\/29\/revisions\/1403"}],"wp:attachment":[{"href":"https:\/\/www.cci-limited.com\/es\/wp-json\/wp\/v2\/media?parent=29"}],"curies":[{"name":"wp","href":"https:\/\/api.w.org\/{rel}","templated":true}]}}