{"id":388,"date":"2016-05-17T16:30:19","date_gmt":"2016-05-17T15:30:19","guid":{"rendered":"http:\/\/edwinlowe.com\/?page_id=388"},"modified":"2016-05-17T16:33:00","modified_gmt":"2016-05-17T15:33:00","slug":"privacy-policy","status":"publish","type":"page","link":"https:\/\/www.cci-limited.com\/es\/privacy-policy\/","title":{"rendered":"(English) Privacy Policy"},"content":{"rendered":"<p class=\"qtranxs-available-languages-message qtranxs-available-languages-message-es\">Disculpa, pero esta entrada est\u00e1 disponible s\u00f3lo en <a href=\"https:\/\/www.cci-limited.com\/en\/wp-json\/wp\/v2\/pages\/388\" class=\"qtranxs-available-language-link qtranxs-available-language-link-en\" title=\"English\">Ingl\u00e9s Estadounidense<\/a>.<\/p>","protected":false},"excerpt":{"rendered":"<p>Disculpa, pero esta entrada est\u00e1 disponible s\u00f3lo en Ingl\u00e9s Estadounidense.<\/p>\n","protected":false},"author":3,"featured_media":0,"parent":0,"menu_order":0,"comment_status":"closed","ping_status":"closed","template":"","meta":[],"_links":{"self":[{"href":"https:\/\/www.cci-limited.com\/es\/wp-json\/wp\/v2\/pages\/388"}],"collection":[{"href":"https:\/\/www.cci-limited.com\/es\/wp-json\/wp\/v2\/pages"}],"about":[{"href":"https:\/\/www.cci-limited.com\/es\/wp-json\/wp\/v2\/types\/page"}],"author":[{"embeddable":true,"href":"https:\/\/www.cci-limited.com\/es\/wp-json\/wp\/v2\/users\/3"}],"replies":[{"embeddable":true,"href":"https:\/\/www.cci-limited.com\/es\/wp-json\/wp\/v2\/comments?post=388"}],"version-history":[{"count":7,"href":"https:\/\/www.cci-limited.com\/es\/wp-json\/wp\/v2\/pages\/388\/revisions"}],"predecessor-version":[{"id":395,"href":"https:\/\/www.cci-limited.com\/es\/wp-json\/wp\/v2\/pages\/388\/revisions\/395"}],"wp:attachment":[{"href":"https:\/\/www.cci-limited.com\/es\/wp-json\/wp\/v2\/media?parent=388"}],"curies":[{"name":"wp","href":"https:\/\/api.w.org\/{rel}","templated":true}]}}