{"id":4,"date":"2016-02-17T17:33:06","date_gmt":"2016-02-17T17:33:06","guid":{"rendered":"http:\/\/176.32.230.43\/edwinlowe.com\/edwin\/?page_id=4"},"modified":"2022-07-20T15:07:16","modified_gmt":"2022-07-20T14:07:16","slug":"home","status":"publish","type":"page","link":"https:\/\/www.cci-limited.com\/es\/","title":{"rendered":"Home"},"content":{"rendered":"<p>CCI Ltd es el \u00fanico fabricante en el Reino Unido especializado en cajas de rodamiento de acero prensado para rodillos transportadores de acero que se usan en sistemas de cintas transportadoras de materiales a granel.<br \/>\nLa empresa tambi\u00e9n ha dise\u00f1ado y fabricado una nueva serie de componentes que introducen nuevas tecnolog\u00edas en la industria, lo cual ha mejorado de manera significativa las t\u00e9cnicas actuales de fabricaci\u00f3n de rodillos.<br \/>\n<\/p>","protected":false},"excerpt":{"rendered":"<p>CCI Ltd es el \u00fanico fabricante en el Reino Unido especializado en cajas de rodamiento de acero prensado para rodillos transportadores de acero que se usan en sistemas de cintas transportadoras de materiales a granel. La empresa tambi\u00e9n ha dise\u00f1ado y fabricado una nueva serie de componentes que introducen nuevas tecnolog\u00edas en la industria, lo [&hellip;]<\/p>\n","protected":false},"author":1,"featured_media":0,"parent":0,"menu_order":0,"comment_status":"closed","ping_status":"closed","template":"page-home.php","meta":[],"_links":{"self":[{"href":"https:\/\/www.cci-limited.com\/es\/wp-json\/wp\/v2\/pages\/4"}],"collection":[{"href":"https:\/\/www.cci-limited.com\/es\/wp-json\/wp\/v2\/pages"}],"about":[{"href":"https:\/\/www.cci-limited.com\/es\/wp-json\/wp\/v2\/types\/page"}],"author":[{"embeddable":true,"href":"https:\/\/www.cci-limited.com\/es\/wp-json\/wp\/v2\/users\/1"}],"replies":[{"embeddable":true,"href":"https:\/\/www.cci-limited.com\/es\/wp-json\/wp\/v2\/comments?post=4"}],"version-history":[{"count":211,"href":"https:\/\/www.cci-limited.com\/es\/wp-json\/wp\/v2\/pages\/4\/revisions"}],"predecessor-version":[{"id":1402,"href":"https:\/\/www.cci-limited.com\/es\/wp-json\/wp\/v2\/pages\/4\/revisions\/1402"}],"wp:attachment":[{"href":"https:\/\/www.cci-limited.com\/es\/wp-json\/wp\/v2\/media?parent=4"}],"curies":[{"name":"wp","href":"https:\/\/api.w.org\/{rel}","templated":true}]}}