{"id":56,"date":"2016-03-16T14:41:42","date_gmt":"2016-03-16T14:41:42","guid":{"rendered":"http:\/\/176.32.230.43\/edwinlowe.com\/edwin\/?page_id=56"},"modified":"2022-07-20T14:40:53","modified_gmt":"2022-07-20T13:40:53","slug":"current-range-of-cartridge-specifications","status":"publish","type":"page","link":"https:\/\/www.cci-limited.com\/es\/current-range-of-cartridge-specifications\/","title":{"rendered":"Especificaciones de cartucho"},"content":{"rendered":"<p><\/p>\n<h3>Establecido sobre el terreno<\/h3>\n<p>Aunque el concepto de unidades de caja de rodamientos de rodillos prefabricados (cartuchos) ser\u00e1 nuevo para muchos fabricantes de rodillos internacionalmente, ya est\u00e1n bien establecidas <span style=\"line-height: 1.5;\">con nuestros clientes a nivel mundial durante muchos a\u00f1os. Como consecuencia de ello, la gama de especificaciones de los cartuchos descritos a continuaci\u00f3n est\u00e1 comprobada y bien probada <\/span><span class=\"s1\">sobre<\/span> el terreno<span style=\"line-height: 1.5;\">, a trav\u00e9s de una amplia gama de aplicaciones por encima y debajo de la tierra y, a veces, en ambientes extremadamente hostiles.<\/span><\/p>\n<h3>Especificaciones propias del cliente<\/h3>\n<p>Como puede ver, tenemos un rango establecido de componentes que han demostrado su capacidad <span class=\"s1\">sobre<\/span> el terreno. Sin embargo, la tecnolog\u00eda que hemos introducido significa que es posible dise\u00f1ar especificaciones alternativas de unidades de caja de rodamientos prefabricada (cartuchos) a especificaciones propias de los clientes, en caso de que prefiera diferentes especificaciones de rodamiento o diferentes especificaciones de sellado, por ejemplo. Tales especificaciones alternativas podr\u00edan dise\u00f1arse para ser totalmente intercambiables en la l\u00ednea de producci\u00f3n de rodillos con la gama est\u00e1ndar de componentes de CCI Ltd.<\/p>\n<h3>Especificaciones ISO europeas<\/h3>\n<table class=\"cartridge_spec\">\n<tbody>\n<tr>\n<td colspan=\"7\"><b> Especificaci\u00f3n de rodamiento<\/b><\/td>\n<\/tr>\n<tr>\n<td><b>Di\u00e1metro de rodillo<\/b><\/td>\n<td><b>6204\/20mm<\/b><\/td>\n<td><b>6205\/25mm<\/b><\/td>\n<td><b>6305\/25mm<\/b><\/td>\n<td><b>6206\/30mm<\/b><\/td>\n<td><b>6306\/30mm<\/b><\/td>\n<td><b>6307\/35mm<\/b><\/td>\n<td><b>6308\/40mm<\/b><\/td>\n<\/tr>\n<tr class=\"center\">\n<td>60mm<\/td>\n<td><img src=\"https:\/\/www.cci-limited.com\/wp-content\/uploads\/2022\/07\/tick.png\" alt=\"\" \/><\/td>\n<td><img src=\"https:\/\/www.cci-limited.com\/wp-content\/uploads\/2022\/07\/x.png\" alt=\"\" \/><\/td>\n<td><img src=\"https:\/\/www.cci-limited.com\/wp-content\/uploads\/2022\/07\/x.png\" alt=\"\" \/><\/td>\n<td><img src=\"https:\/\/www.cci-limited.com\/wp-content\/uploads\/2022\/07\/x.png\" alt=\"\" \/><\/td>\n<td><img src=\"https:\/\/www.cci-limited.com\/wp-content\/uploads\/2022\/07\/x.png\" alt=\"\" \/><\/td>\n<td><img src=\"https:\/\/www.cci-limited.com\/wp-content\/uploads\/2022\/07\/x.png\" alt=\"\" \/><\/td>\n<td><img src=\"https:\/\/www.cci-limited.com\/wp-content\/uploads\/2022\/07\/x.png\" alt=\"\" \/><\/td>\n<\/tr>\n<tr class=\"center\">\n<td>63,5mm<\/td>\n<td><img src=\"https:\/\/www.cci-limited.com\/wp-content\/uploads\/2022\/07\/tick.png\" alt=\"\" \/><\/td>\n<td><img src=\"https:\/\/www.cci-limited.com\/wp-content\/uploads\/2022\/07\/tick.png\" alt=\"\" \/><\/td>\n<td><img src=\"https:\/\/www.cci-limited.com\/wp-content\/uploads\/2022\/07\/x.png\" alt=\"\" \/><\/td>\n<td><img src=\"https:\/\/www.cci-limited.com\/wp-content\/uploads\/2022\/07\/x.png\" alt=\"\" \/><\/td>\n<td><img src=\"https:\/\/www.cci-limited.com\/wp-content\/uploads\/2022\/07\/x.png\" alt=\"\" \/><\/td>\n<td><img src=\"https:\/\/www.cci-limited.com\/wp-content\/uploads\/2022\/07\/x.png\" alt=\"\" \/><\/td>\n<td><img src=\"https:\/\/www.cci-limited.com\/wp-content\/uploads\/2022\/07\/x.png\" alt=\"\" \/><\/td>\n<\/tr>\n<tr class=\"center\">\n<td>76mm<\/td>\n<td><img src=\"https:\/\/www.cci-limited.com\/wp-content\/uploads\/2022\/07\/tick.png\" alt=\"\" \/><\/td>\n<td><img src=\"https:\/\/www.cci-limited.com\/wp-content\/uploads\/2022\/07\/tick.png\" alt=\"\" \/><\/td>\n<td><img src=\"https:\/\/www.cci-limited.com\/wp-content\/uploads\/2022\/07\/x.png\" alt=\"\" \/><\/td>\n<td><img src=\"https:\/\/www.cci-limited.com\/wp-content\/uploads\/2022\/07\/x.png\" alt=\"\" \/><\/td>\n<td><img src=\"https:\/\/www.cci-limited.com\/wp-content\/uploads\/2022\/07\/x.png\" alt=\"\" \/><\/td>\n<td><img src=\"https:\/\/www.cci-limited.com\/wp-content\/uploads\/2022\/07\/x.png\" alt=\"\" \/><\/td>\n<td><img src=\"https:\/\/www.cci-limited.com\/wp-content\/uploads\/2022\/07\/x.png\" alt=\"\" \/><\/td>\n<\/tr>\n<tr class=\"center\">\n<td>89mm<\/td>\n<td><img src=\"https:\/\/www.cci-limited.com\/wp-content\/uploads\/2022\/07\/tick.png\" alt=\"\" \/><\/td>\n<td><img src=\"https:\/\/www.cci-limited.com\/wp-content\/uploads\/2022\/07\/tick.png\" alt=\"\" \/><\/td>\n<td><img src=\"https:\/\/www.cci-limited.com\/wp-content\/uploads\/2022\/07\/x.png\" alt=\"\" \/><\/td>\n<td><img src=\"https:\/\/www.cci-limited.com\/wp-content\/uploads\/2022\/07\/x.png\" alt=\"\" \/><\/td>\n<td><img src=\"https:\/\/www.cci-limited.com\/wp-content\/uploads\/2022\/07\/x.png\" alt=\"\" \/><\/td>\n<td><img src=\"https:\/\/www.cci-limited.com\/wp-content\/uploads\/2022\/07\/x.png\" alt=\"\" \/><\/td>\n<td><img src=\"https:\/\/www.cci-limited.com\/wp-content\/uploads\/2022\/07\/x.png\" alt=\"\" \/><\/td>\n<\/tr>\n<tr class=\"center\">\n<td>102mm<\/td>\n<td><img src=\"https:\/\/www.cci-limited.com\/wp-content\/uploads\/2022\/07\/tick.png\" alt=\"\" \/><\/td>\n<td><img src=\"https:\/\/www.cci-limited.com\/wp-content\/uploads\/2022\/07\/tick.png\" alt=\"\" \/><\/td>\n<td><img src=\"https:\/\/www.cci-limited.com\/wp-content\/uploads\/2022\/07\/x.png\" alt=\"\" \/><\/td>\n<td><img src=\"https:\/\/www.cci-limited.com\/wp-content\/uploads\/2022\/07\/x.png\" alt=\"\" \/><\/td>\n<td><img src=\"https:\/\/www.cci-limited.com\/wp-content\/uploads\/2022\/07\/x.png\" alt=\"\" \/><\/td>\n<td><img src=\"https:\/\/www.cci-limited.com\/wp-content\/uploads\/2022\/07\/x.png\" alt=\"\" \/><\/td>\n<td><img src=\"https:\/\/www.cci-limited.com\/wp-content\/uploads\/2022\/07\/x.png\" alt=\"\" \/><\/td>\n<\/tr>\n<tr class=\"center\">\n<td>108mm<\/td>\n<td><img src=\"https:\/\/www.cci-limited.com\/wp-content\/uploads\/2022\/07\/tick.png\" alt=\"\" \/><\/td>\n<td><img src=\"https:\/\/www.cci-limited.com\/wp-content\/uploads\/2022\/07\/tick.png\" alt=\"\" \/><\/td>\n<td><img src=\"https:\/\/www.cci-limited.com\/wp-content\/uploads\/2022\/07\/tick.png\" alt=\"\" \/><\/td>\n<td><img src=\"https:\/\/www.cci-limited.com\/wp-content\/uploads\/2022\/07\/tick.png\" alt=\"\" \/><\/td>\n<td><img src=\"https:\/\/www.cci-limited.com\/wp-content\/uploads\/2022\/07\/tick.png\" alt=\"\" \/><\/td>\n<td><img src=\"https:\/\/www.cci-limited.com\/wp-content\/uploads\/2022\/07\/x.png\" alt=\"\" \/><\/td>\n<td><img src=\"https:\/\/www.cci-limited.com\/wp-content\/uploads\/2022\/07\/x.png\" alt=\"\" \/><\/td>\n<\/tr>\n<tr class=\"center\">\n<td>114mm<\/td>\n<td><img src=\"https:\/\/www.cci-limited.com\/wp-content\/uploads\/2022\/07\/tick.png\" alt=\"\" \/><\/td>\n<td><img src=\"https:\/\/www.cci-limited.com\/wp-content\/uploads\/2022\/07\/tick.png\" alt=\"\" \/><\/td>\n<td><img src=\"https:\/\/www.cci-limited.com\/wp-content\/uploads\/2022\/07\/x.png\" alt=\"\" \/><\/td>\n<td><img src=\"https:\/\/www.cci-limited.com\/wp-content\/uploads\/2022\/07\/x.png\" alt=\"\" \/><\/td>\n<td><img src=\"https:\/\/www.cci-limited.com\/wp-content\/uploads\/2022\/07\/x.png\" alt=\"\" \/><\/td>\n<td><img src=\"https:\/\/www.cci-limited.com\/wp-content\/uploads\/2022\/07\/x.png\" alt=\"\" \/><\/td>\n<td><img src=\"https:\/\/www.cci-limited.com\/wp-content\/uploads\/2022\/07\/x.png\" alt=\"\" \/><\/td>\n<\/tr>\n<tr class=\"center\">\n<td>127mm<\/td>\n<td><img src=\"https:\/\/www.cci-limited.com\/wp-content\/uploads\/2022\/07\/tick.png\" alt=\"\" \/><\/td>\n<td><img src=\"https:\/\/www.cci-limited.com\/wp-content\/uploads\/2022\/07\/tick.png\" alt=\"\" \/><\/td>\n<td><img src=\"https:\/\/www.cci-limited.com\/wp-content\/uploads\/2022\/07\/tick.png\" alt=\"\" \/><\/td>\n<td><img src=\"https:\/\/www.cci-limited.com\/wp-content\/uploads\/2022\/07\/tick.png\" alt=\"\" \/><\/td>\n<td><img src=\"https:\/\/www.cci-limited.com\/wp-content\/uploads\/2022\/07\/tick.png\" alt=\"\" \/><\/td>\n<td><img src=\"https:\/\/www.cci-limited.com\/wp-content\/uploads\/2022\/07\/tick.png\" alt=\"\" \/><\/td>\n<td><img src=\"https:\/\/www.cci-limited.com\/wp-content\/uploads\/2022\/07\/x.png\" alt=\"\" \/><\/td>\n<\/tr>\n<tr class=\"center\">\n<td>133mm<\/td>\n<td><img src=\"https:\/\/www.cci-limited.com\/wp-content\/uploads\/2022\/07\/tick.png\" alt=\"\" \/><\/td>\n<td><img src=\"https:\/\/www.cci-limited.com\/wp-content\/uploads\/2022\/07\/tick.png\" alt=\"\" \/><\/td>\n<td><img src=\"https:\/\/www.cci-limited.com\/wp-content\/uploads\/2022\/07\/tick.png\" alt=\"\" \/><\/td>\n<td><img src=\"https:\/\/www.cci-limited.com\/wp-content\/uploads\/2022\/07\/tick.png\" alt=\"\" \/><\/td>\n<td><img src=\"https:\/\/www.cci-limited.com\/wp-content\/uploads\/2022\/07\/tick.png\" alt=\"\" \/><\/td>\n<td><img src=\"https:\/\/www.cci-limited.com\/wp-content\/uploads\/2022\/07\/x.png\" alt=\"\" \/><\/td>\n<td><img src=\"https:\/\/www.cci-limited.com\/wp-content\/uploads\/2022\/07\/x.png\" alt=\"\" \/><\/td>\n<\/tr>\n<tr class=\"center\">\n<td>139mm<\/td>\n<td><img src=\"https:\/\/www.cci-limited.com\/wp-content\/uploads\/2022\/07\/x.png\" alt=\"\" \/><\/td>\n<td><img src=\"https:\/\/www.cci-limited.com\/wp-content\/uploads\/2022\/07\/x.png\" alt=\"\" \/><\/td>\n<td><img src=\"https:\/\/www.cci-limited.com\/wp-content\/uploads\/2022\/07\/tick.png\" alt=\"\" \/><\/td>\n<td><img src=\"https:\/\/www.cci-limited.com\/wp-content\/uploads\/2022\/07\/tick.png\" alt=\"\" \/><\/td>\n<td><img src=\"https:\/\/www.cci-limited.com\/wp-content\/uploads\/2022\/07\/x.png\" alt=\"\" \/><\/td>\n<td><img src=\"https:\/\/www.cci-limited.com\/wp-content\/uploads\/2022\/07\/x.png\" alt=\"\" \/><\/td>\n<td><img src=\"https:\/\/www.cci-limited.com\/wp-content\/uploads\/2022\/07\/x.png\" alt=\"\" \/><\/td>\n<\/tr>\n<tr class=\"center\">\n<td>152mm<\/td>\n<td><img src=\"https:\/\/www.cci-limited.com\/wp-content\/uploads\/2022\/07\/x.png\" alt=\"\" \/><\/td>\n<td><img src=\"https:\/\/www.cci-limited.com\/wp-content\/uploads\/2022\/07\/tick.png\" alt=\"\" \/><\/td>\n<td><img src=\"https:\/\/www.cci-limited.com\/wp-content\/uploads\/2022\/07\/tick.png\" alt=\"\" \/><\/td>\n<td><img src=\"https:\/\/www.cci-limited.com\/wp-content\/uploads\/2022\/07\/tick.png\" alt=\"\" \/><\/td>\n<td><img src=\"https:\/\/www.cci-limited.com\/wp-content\/uploads\/2022\/07\/tick.png\" alt=\"\" \/><\/td>\n<td><img src=\"https:\/\/www.cci-limited.com\/wp-content\/uploads\/2022\/07\/tick.png\" alt=\"\" \/><\/td>\n<td><img src=\"https:\/\/www.cci-limited.com\/wp-content\/uploads\/2022\/07\/tick.png\" alt=\"\" \/><\/td>\n<\/tr>\n<tr class=\"center\">\n<td>159mm<\/td>\n<td><img src=\"https:\/\/www.cci-limited.com\/wp-content\/uploads\/2022\/07\/x.png\" alt=\"\" \/><\/td>\n<td><img src=\"https:\/\/www.cci-limited.com\/wp-content\/uploads\/2022\/07\/tick.png\" alt=\"\" \/><\/td>\n<td><img src=\"https:\/\/www.cci-limited.com\/wp-content\/uploads\/2022\/07\/tick.png\" alt=\"\" \/><\/td>\n<td><img src=\"https:\/\/www.cci-limited.com\/wp-content\/uploads\/2022\/07\/tick.png\" alt=\"\" \/><\/td>\n<td><img src=\"https:\/\/www.cci-limited.com\/wp-content\/uploads\/2022\/07\/tick.png\" alt=\"\" \/><\/td>\n<td><img src=\"https:\/\/www.cci-limited.com\/wp-content\/uploads\/2022\/07\/x.png\" alt=\"\" \/><\/td>\n<td><img src=\"https:\/\/www.cci-limited.com\/wp-content\/uploads\/2022\/07\/x.png\" alt=\"\" \/><\/td>\n<\/tr>\n<tr class=\"center\">\n<td>168mm<\/td>\n<td><img src=\"https:\/\/www.cci-limited.com\/wp-content\/uploads\/2022\/07\/x.png\" alt=\"\" \/><\/td>\n<td><img src=\"https:\/\/www.cci-limited.com\/wp-content\/uploads\/2022\/07\/tick.png\" alt=\"\" \/><\/td>\n<td><img src=\"https:\/\/www.cci-limited.com\/wp-content\/uploads\/2022\/07\/x.png\" alt=\"\" \/><\/td>\n<td><img src=\"https:\/\/www.cci-limited.com\/wp-content\/uploads\/2022\/07\/x.png\" alt=\"\" \/><\/td>\n<td><img src=\"https:\/\/www.cci-limited.com\/wp-content\/uploads\/2022\/07\/x.png\" alt=\"\" \/><\/td>\n<td><img src=\"https:\/\/www.cci-limited.com\/wp-content\/uploads\/2022\/07\/tick.png\" alt=\"\" \/><\/td>\n<td><img src=\"https:\/\/www.cci-limited.com\/wp-content\/uploads\/2022\/07\/x.png\" alt=\"\" \/><\/td>\n<\/tr>\n<tr class=\"center\">\n<td>178mm<\/td>\n<td><img src=\"https:\/\/www.cci-limited.com\/wp-content\/uploads\/2022\/07\/x.png\" alt=\"\" \/><\/td>\n<td><img src=\"https:\/\/www.cci-limited.com\/wp-content\/uploads\/2022\/07\/x.png\" alt=\"\" \/><\/td>\n<td><img src=\"https:\/\/www.cci-limited.com\/wp-content\/uploads\/2022\/07\/x.png\" alt=\"\" \/><\/td>\n<td><img src=\"https:\/\/www.cci-limited.com\/wp-content\/uploads\/2022\/07\/x.png\" alt=\"\" \/><\/td>\n<td><img src=\"https:\/\/www.cci-limited.com\/wp-content\/uploads\/2022\/07\/x.png\" alt=\"\" \/><\/td>\n<td><img src=\"https:\/\/www.cci-limited.com\/wp-content\/uploads\/2022\/07\/tick.png\" alt=\"\" \/><\/td>\n<td><img src=\"https:\/\/www.cci-limited.com\/wp-content\/uploads\/2022\/07\/x.png\" alt=\"\" \/><\/td>\n<\/tr>\n<tr class=\"center\">\n<td>178mm<\/td>\n<td><img src=\"https:\/\/www.cci-limited.com\/wp-content\/uploads\/2022\/07\/x.png\" alt=\"\" \/><\/td>\n<td><img src=\"https:\/\/www.cci-limited.com\/wp-content\/uploads\/2022\/07\/x.png\" alt=\"\" \/><\/td>\n<td><img src=\"https:\/\/www.cci-limited.com\/wp-content\/uploads\/2022\/07\/x.png\" alt=\"\" \/><\/td>\n<td><img src=\"https:\/\/www.cci-limited.com\/wp-content\/uploads\/2022\/07\/x.png\" alt=\"\" \/><\/td>\n<td><img src=\"https:\/\/www.cci-limited.com\/wp-content\/uploads\/2022\/07\/x.png\" alt=\"\" \/><\/td>\n<td><img src=\"https:\/\/www.cci-limited.com\/wp-content\/uploads\/2022\/07\/x.png\" alt=\"\" \/><\/td>\n<td><img src=\"https:\/\/www.cci-limited.com\/wp-content\/uploads\/2022\/07\/tick.png\" alt=\"\" \/><\/td>\n<\/tr>\n<\/tbody>\n<\/table>\n<h3>Especificaciones CEMA de Am\u00e9rica del Norte<\/h3>\n<table class=\"cartridge_spec\">\n<tbody>\n<tr>\n<td><\/td>\n<td colspan=\"6\"><b> Especificaci\u00f3n de rodamiento<\/b><\/td>\n<\/tr>\n<tr>\n<td><b>Di\u00e1metro de rodillo<\/b><\/td>\n<td><b>6204\/20mm<br \/>\n(CEMA B)<\/b><\/td>\n<td><b>6205\/25mm<br \/>\n(CEMA C)<\/b><\/td>\n<td><b>6305\/25mm<br \/>\n(CEMA D)<\/b><\/td>\n<td><b>6306\/30mm<br \/>\n(CEMA E)<\/b><\/td>\n<td><b>6307\/35mm<br \/>\n(CEMA E+)<\/b><\/td>\n<td><b>6308\/40mm<br \/>\n(CEMA F)<\/b><\/td>\n<\/tr>\n<tr class=\"center\">\n<td>4,0 inch<\/td>\n<td><img src=\"https:\/\/www.cci-limited.com\/wp-content\/uploads\/2022\/07\/tick.png\" alt=\"\" \/><\/td>\n<td><img src=\"https:\/\/www.cci-limited.com\/wp-content\/uploads\/2022\/07\/tick.png\" alt=\"\" \/><\/td>\n<td><img src=\"https:\/\/www.cci-limited.com\/wp-content\/uploads\/2022\/07\/x.png\" alt=\"\" \/><\/td>\n<td><img src=\"https:\/\/www.cci-limited.com\/wp-content\/uploads\/2022\/07\/x.png\" alt=\"\" \/><\/td>\n<td><img src=\"https:\/\/www.cci-limited.com\/wp-content\/uploads\/2022\/07\/x.png\" alt=\"\" \/><\/td>\n<td><img src=\"https:\/\/www.cci-limited.com\/wp-content\/uploads\/2022\/07\/x.png\" alt=\"\" \/><\/td>\n<\/tr>\n<tr class=\"center\">\n<td>5,0 inch<\/td>\n<td><img src=\"https:\/\/www.cci-limited.com\/wp-content\/uploads\/2022\/07\/tick.png\" alt=\"\" \/><\/td>\n<td><img src=\"https:\/\/www.cci-limited.com\/wp-content\/uploads\/2022\/07\/tick.png\" alt=\"\" \/><\/td>\n<td><img src=\"https:\/\/www.cci-limited.com\/wp-content\/uploads\/2022\/07\/tick.png\" alt=\"\" \/><\/td>\n<td><img src=\"https:\/\/www.cci-limited.com\/wp-content\/uploads\/2022\/07\/tick.png\" alt=\"\" \/><\/td>\n<td><img src=\"https:\/\/www.cci-limited.com\/wp-content\/uploads\/2022\/07\/tick.png\" alt=\"\" \/><\/td>\n<td><img src=\"https:\/\/www.cci-limited.com\/wp-content\/uploads\/2022\/07\/x.png\" alt=\"\" \/><\/td>\n<\/tr>\n<tr class=\"center\">\n<td>6,0 inch<\/td>\n<td><img src=\"https:\/\/www.cci-limited.com\/wp-content\/uploads\/2022\/07\/x.png\" alt=\"\" \/><\/td>\n<td><img src=\"https:\/\/www.cci-limited.com\/wp-content\/uploads\/2022\/07\/tick.png\" alt=\"\" \/><\/td>\n<td><img src=\"https:\/\/www.cci-limited.com\/wp-content\/uploads\/2022\/07\/tick.png\" alt=\"\" \/><\/td>\n<td><img src=\"https:\/\/www.cci-limited.com\/wp-content\/uploads\/2022\/07\/tick.png\" alt=\"\" \/><\/td>\n<td><img src=\"https:\/\/www.cci-limited.com\/wp-content\/uploads\/2022\/07\/tick.png\" alt=\"\" \/><\/td>\n<td><img src=\"https:\/\/www.cci-limited.com\/wp-content\/uploads\/2022\/07\/tick.png\" alt=\"\" \/><\/td>\n<\/tr>\n<tr class=\"center\">\n<td>7,0 inch<\/td>\n<td><img src=\"https:\/\/www.cci-limited.com\/wp-content\/uploads\/2022\/07\/x.png\" alt=\"\" \/><\/td>\n<td><img src=\"https:\/\/www.cci-limited.com\/wp-content\/uploads\/2022\/07\/x.png\" alt=\"\" \/><\/td>\n<td><img src=\"https:\/\/www.cci-limited.com\/wp-content\/uploads\/2022\/07\/x.png\" alt=\"\" \/><\/td>\n<td><img src=\"https:\/\/www.cci-limited.com\/wp-content\/uploads\/2022\/07\/x.png\" alt=\"\" \/><\/td>\n<td><img src=\"https:\/\/www.cci-limited.com\/wp-content\/uploads\/2022\/07\/tick.png\" alt=\"\" \/><\/td>\n<td><img src=\"https:\/\/www.cci-limited.com\/wp-content\/uploads\/2022\/07\/tick.png\" alt=\"\" \/><\/td>\n<\/tr>\n<tr class=\"center\">\n<td>8,0 inch<\/td>\n<td><img src=\"https:\/\/www.cci-limited.com\/wp-content\/uploads\/2022\/07\/x.png\" alt=\"\" \/><\/td>\n<td><img src=\"https:\/\/www.cci-limited.com\/wp-content\/uploads\/2022\/07\/x.png\" alt=\"\" \/><\/td>\n<td><img src=\"https:\/\/www.cci-limited.com\/wp-content\/uploads\/2022\/07\/x.png\" alt=\"\" \/><\/td>\n<td><img src=\"https:\/\/www.cci-limited.com\/wp-content\/uploads\/2022\/07\/x.png\" alt=\"\" \/><\/td>\n<td><img src=\"https:\/\/www.cci-limited.com\/wp-content\/uploads\/2022\/07\/x.png\" alt=\"\" \/><\/td>\n<td><img src=\"https:\/\/www.cci-limited.com\/wp-content\/uploads\/2022\/07\/tick.png\" alt=\"\" \/><\/td>\n<\/tr>\n<\/tbody>\n<\/table>\n<h3>Nota &#8211; Diferentes di\u00e1metros de rodillos<\/h3>\n<p>Como puede verse a partir de las tablas de las normas ISO\/CEMA anteriores, CCI Ltd produce una serie de componentes est\u00e1ndar para adaptarse a di\u00e1metros de tubo de rodillo internacionales est\u00e1ndar. Sin embargo, es un ejercicio bastante sencillo producir la mayor\u00eda de los cartuchos descritos anteriormente para adaptarse a diferentes di\u00e1metros de rodillos, si es necesario. Es simplemente una cuesti\u00f3n de asegurarse de que las herramientas de producci\u00f3n necesarias est\u00e9n en su lugar antes de la fabricaci\u00f3n.<\/p>","protected":false},"excerpt":{"rendered":"<p>Establecido sobre el terreno Aunque el concepto de unidades de caja de rodamientos de rodillos prefabricados (cartuchos) ser\u00e1 nuevo para muchos fabricantes de rodillos internacionalmente, ya est\u00e1n bien establecidas con nuestros clientes a nivel mundial durante muchos a\u00f1os. Como consecuencia de ello, la gama de especificaciones de los cartuchos descritos a continuaci\u00f3n est\u00e1 comprobada y [&hellip;]<\/p>\n","protected":false},"author":1,"featured_media":0,"parent":0,"menu_order":0,"comment_status":"closed","ping_status":"closed","template":"page-full.php","meta":[],"_links":{"self":[{"href":"https:\/\/www.cci-limited.com\/es\/wp-json\/wp\/v2\/pages\/56"}],"collection":[{"href":"https:\/\/www.cci-limited.com\/es\/wp-json\/wp\/v2\/pages"}],"about":[{"href":"https:\/\/www.cci-limited.com\/es\/wp-json\/wp\/v2\/types\/page"}],"author":[{"embeddable":true,"href":"https:\/\/www.cci-limited.com\/es\/wp-json\/wp\/v2\/users\/1"}],"replies":[{"embeddable":true,"href":"https:\/\/www.cci-limited.com\/es\/wp-json\/wp\/v2\/comments?post=56"}],"version-history":[{"count":62,"href":"https:\/\/www.cci-limited.com\/es\/wp-json\/wp\/v2\/pages\/56\/revisions"}],"predecessor-version":[{"id":1374,"href":"https:\/\/www.cci-limited.com\/es\/wp-json\/wp\/v2\/pages\/56\/revisions\/1374"}],"wp:attachment":[{"href":"https:\/\/www.cci-limited.com\/es\/wp-json\/wp\/v2\/media?parent=56"}],"curies":[{"name":"wp","href":"https:\/\/api.w.org\/{rel}","templated":true}]}}