{"id":6,"date":"2016-02-17T17:33:24","date_gmt":"2016-02-17T17:33:24","guid":{"rendered":"http:\/\/176.32.230.43\/edwinlowe.com\/edwin\/?page_id=6"},"modified":"2022-08-09T12:09:11","modified_gmt":"2022-08-09T11:09:11","slug":"about-us","status":"publish","type":"page","link":"https:\/\/www.cci-limited.com\/es\/about-us\/","title":{"rendered":"Acerca de la compan\u0303i\u0301a"},"content":{"rendered":"<p><\/p>\n<p class=\"p1\">Basada en nuestra exclusiva gama de cajas de rodamientos de acero, la empresa es pionera en el desarrollo de un nuevo tipo de producto: el conjunto prefabricado de una caja de rodamientos de rodillos de acero prensado, tambi\u00e9n conocido como \u201ccartucho\u201d. Este \u201ccartucho\u201d es un subconjunto independiente completo que proporciona un extremo completamente prefabricado de un rodillo de acero soldado, es decir, todos los componentes necesarios, incluida la caja de rodamientos, el rodamiento de bolas, el sistema de sellado, incluso la grasa, est\u00e1n bloqueados dentro de la caja de rodamientos de acero para proporcionar una unidad completamente prefabricada.<\/p>\n<p>&nbsp;<\/p>\n<p class=\"p1\">El cartucho prototipo original se fabric\u00f3 a principios de la d\u00e9cada de 1980. Estos componentes son muy utilizados por los fabricantes de rodillos a nivel mundial y se han ganado una buena reputaci\u00f3n por su calidad, robustez y longevidad. Ahora contamos con unas instalaciones de fabricaci\u00f3n automatizada y rob\u00f3tica, de \u00faltima generaci\u00f3n, en Birmingham, Reino Unido, en las que fabricamos todos nuestros componentes.<\/p>\n<p>&nbsp;<br \/>\n<\/p>","protected":false},"excerpt":{"rendered":"<p>Basada en nuestra exclusiva gama de cajas de rodamientos de acero, la empresa es pionera en el desarrollo de un nuevo tipo de producto: el conjunto prefabricado de una caja de rodamientos de rodillos de acero prensado, tambi\u00e9n conocido como \u201ccartucho\u201d. Este \u201ccartucho\u201d es un subconjunto independiente completo que proporciona un extremo completamente prefabricado de [&hellip;]<\/p>\n","protected":false},"author":1,"featured_media":0,"parent":0,"menu_order":0,"comment_status":"closed","ping_status":"closed","template":"","meta":[],"_links":{"self":[{"href":"https:\/\/www.cci-limited.com\/es\/wp-json\/wp\/v2\/pages\/6"}],"collection":[{"href":"https:\/\/www.cci-limited.com\/es\/wp-json\/wp\/v2\/pages"}],"about":[{"href":"https:\/\/www.cci-limited.com\/es\/wp-json\/wp\/v2\/types\/page"}],"author":[{"embeddable":true,"href":"https:\/\/www.cci-limited.com\/es\/wp-json\/wp\/v2\/users\/1"}],"replies":[{"embeddable":true,"href":"https:\/\/www.cci-limited.com\/es\/wp-json\/wp\/v2\/comments?post=6"}],"version-history":[{"count":72,"href":"https:\/\/www.cci-limited.com\/es\/wp-json\/wp\/v2\/pages\/6\/revisions"}],"predecessor-version":[{"id":1432,"href":"https:\/\/www.cci-limited.com\/es\/wp-json\/wp\/v2\/pages\/6\/revisions\/1432"}],"wp:attachment":[{"href":"https:\/\/www.cci-limited.com\/es\/wp-json\/wp\/v2\/media?parent=6"}],"curies":[{"name":"wp","href":"https:\/\/api.w.org\/{rel}","templated":true}]}}