{"id":74,"date":"2016-03-24T08:19:36","date_gmt":"2016-03-24T08:19:36","guid":{"rendered":"http:\/\/176.32.230.43\/edwinlowe.com\/edwin\/?page_id=74"},"modified":"2017-11-26T15:56:55","modified_gmt":"2017-11-26T15:56:55","slug":"world-first-technology","status":"publish","type":"page","link":"https:\/\/www.cci-limited.com\/es\/world-first-technology\/","title":{"rendered":"TECNOLOG\u00cdA DE PRIMERA CALIDAD A NIVEL MUNDIAL"},"content":{"rendered":"<p><strong>NUEVA TECNOLOG\u00cdA &#8211; UNIDADES PREFABRICADAS DE CAJAS DE RODAMIENTOS (O CARTUCHOS)<\/strong><br \/>\n<iframe loading=\"lazy\" src=\"https:\/\/player.vimeo.com\/video\/123314433\" width=\"500\" height=\"281\" frameborder=\"0\" allowfullscreen=\"allowfullscreen\"><\/iframe><br \/>\n<strong>RESUMEN DE LAS VENTAJAS T\u00c9CNICAS Y COMERCIALES<\/strong><\/p>\n<p>Esta nueva tecnolog\u00eda ha tenido un efecto importante en la forma en que ahora se fabrican los rodillos.  El uso de unidades prefabricadas de cajas de rodamientos (cartuchos) para rodillos de acero soldado ofrece varias ventajas para el fabricante de rodillos, ahora y en el futuro, algunas de las cuales se resumen a continuaci\u00f3n:<\/p>\n<p><strong>PROCESO DE FABRICACI\u00d3N<\/strong><\/p>\n<ul>\n<li>Rodillo reducido a tres componentes\/cuatro piezas solamente = simplifica enormemente el proceso de fabricaci\u00f3n del rodillo.<\/li>\n<li>Rodillos basados en cartucho = menos mano de obra\/menos operadores.<\/li>\n<li>Libre de mantenimiento: no se requiere mantenimiento durante la vida \u00fatil del rodillo.<\/li>\n<li>Se pueden fabricar todas las especificaciones internacionales est\u00e1ndar comunes.<\/li>\n<li>Tiempos de ciclo de producci\u00f3n reducidos = mayor capacidad de producci\u00f3n.<\/li>\n<li>Rendimiento total m\u00e1s r\u00e1pido = menor tiempo de entrega al cliente.<\/li>\n<li>Mayor flexibilidad de la producci\u00f3n &#8211; \u00f3rdenes peque\u00f1as = no representan un problema.<\/li>\n<li>Menores costos directos e indirectos = mayor margen de beneficios.<\/li>\n<li>Econom\u00eda de la producci\u00f3n por lote = econom\u00eda de la producci\u00f3n a granel.<\/li>\n<li>Auto regulaci\u00f3n del proceso de ensamblaje = m\u00e1s f\u00e1cil de mantener los est\u00e1ndares de alta calidad<\/li>\n<li>Diferentes dise\u00f1os de cartuchos = diferentes especificaciones de rodillos.<\/li>\n<li>Nuevo: diferentes especificaciones internacionales de rodillos fabricadas en una \u00fanica l\u00ednea de producci\u00f3n.<\/li>\n<li>Nuevo: cambio de la especificaci\u00f3n del rodillo real durante el proceso de fabricaci\u00f3n, sin detener la producci\u00f3n.<\/li>\n<\/ul>\n<p><strong>GASTOS DE CAPITAL Y EQUIPOS<\/strong><\/p>\n<ul>\n<li>Nuevo: la inversi\u00f3n inicial de capital y equipos de capital para producir rodillos basados en cartuchos no sufren cambios, incluso si se modifica el dise\u00f1o del rodillo en el futuro.<\/li>\n<li>Nuevo: por lo tanto, la protecci\u00f3n autom\u00e1tica contra equipos de capital se vuelve obsoleta.<\/li>\n<\/ul>\n<p>EDWIN LOWE LTD, BIRMINGHAM, REINO UNIDO &#8211; NUEVA TECNOLOG\u00cdA &#8211; UNIDADES PREFABRICADAS DE CAJAS DE RODAMIENTOS (O CARTUCHOS) &#8211; RESUMEN DE LAS VENTAJAS T\u00c9CNICAS Y COMERCIALES<\/p>\n<ul>\n<li>Nuevo: automatizaci\u00f3n de la producci\u00f3n de rodillos basados en cartuchos = menor costo de capital en comparaci\u00f3n con la automatizaci\u00f3n de la producci\u00f3n de los dise\u00f1os de rodillos tradicionales.<\/li>\n<li>Nuevo: \u00faltimo dise\u00f1o de herramientas de la m\u00e1quina de soldadura = alineaci\u00f3n autom\u00e1tica de todos los ejes centrales de todos los componentes del rodillo durante el ciclo de ensamblaje\/soldadura.<\/li>\n<\/ul>\n<p><\/p>","protected":false},"excerpt":{"rendered":"<p>NUEVA TECNOLOG\u00cdA &#8211; UNIDADES PREFABRICADAS DE CAJAS DE RODAMIENTOS (O CARTUCHOS) RESUMEN DE LAS VENTAJAS T\u00c9CNICAS Y COMERCIALES Esta nueva tecnolog\u00eda ha tenido un efecto importante en la forma en que ahora se fabrican los rodillos. El uso de unidades prefabricadas de cajas de rodamientos (cartuchos) para rodillos de acero soldado ofrece varias ventajas para [&hellip;]<\/p>\n","protected":false},"author":1,"featured_media":0,"parent":0,"menu_order":0,"comment_status":"closed","ping_status":"closed","template":"page-full.php","meta":[],"_links":{"self":[{"href":"https:\/\/www.cci-limited.com\/es\/wp-json\/wp\/v2\/pages\/74"}],"collection":[{"href":"https:\/\/www.cci-limited.com\/es\/wp-json\/wp\/v2\/pages"}],"about":[{"href":"https:\/\/www.cci-limited.com\/es\/wp-json\/wp\/v2\/types\/page"}],"author":[{"embeddable":true,"href":"https:\/\/www.cci-limited.com\/es\/wp-json\/wp\/v2\/users\/1"}],"replies":[{"embeddable":true,"href":"https:\/\/www.cci-limited.com\/es\/wp-json\/wp\/v2\/comments?post=74"}],"version-history":[{"count":24,"href":"https:\/\/www.cci-limited.com\/es\/wp-json\/wp\/v2\/pages\/74\/revisions"}],"predecessor-version":[{"id":1220,"href":"https:\/\/www.cci-limited.com\/es\/wp-json\/wp\/v2\/pages\/74\/revisions\/1220"}],"wp:attachment":[{"href":"https:\/\/www.cci-limited.com\/es\/wp-json\/wp\/v2\/media?parent=74"}],"curies":[{"name":"wp","href":"https:\/\/api.w.org\/{rel}","templated":true}]}}