{"id":76,"date":"2016-03-24T08:21:14","date_gmt":"2016-03-24T08:21:14","guid":{"rendered":"http:\/\/176.32.230.43\/edwinlowe.com\/edwin\/?page_id=76"},"modified":"2017-11-26T15:58:51","modified_gmt":"2017-11-26T15:58:51","slug":"world-first-manufacturing","status":"publish","type":"page","link":"https:\/\/www.cci-limited.com\/es\/world-first-manufacturing\/","title":{"rendered":"FABRICACI\u00d3N DE PRIMERA CALIDAD A NIVEL MUNDIAL"},"content":{"rendered":"<p><strong>UNIDADES PREFABRICADAS DE LAS CAJAS DE RODAMIENTOS (CARTUCHOS)<\/strong><br \/>\n<strong>CAPACIDAD ACTUAL DE PRODUCCI\u00d3N DE LA F\u00c1BRICA<\/strong><br \/>\n<strong>TECNOLOG\u00cdA PARA LA PRODUCCI\u00d3N DE CARTUCHOS<\/strong><\/p>\n<p>Adem\u00e1s de introducir una nueva tecnolog\u00eda de dise\u00f1o en el proceso de fabricaci\u00f3n de rodillos, la compa\u00f1\u00eda tambi\u00e9n ha desarrollado paralelamente una nueva tecnolog\u00eda de fabricaci\u00f3n. La compa\u00f1\u00eda ha dise\u00f1ado e instalado nuevos equipos automatizados rob\u00f3ticos con prop\u00f3sitos especiales, que fabrican su gama de cartuchos.<\/p>\n<p>De esta forma esperamos asegurar tener una capacidad de producci\u00f3n suficiente &#8211; ahora y en el futuro inmediato- para cubrir todos los requisitos de nuestros clientes del Reino Unido y de exportaci\u00f3n.<\/p>\n<p>La compa\u00f1\u00eda actualmente posee tres l\u00edneas independientes para la producci\u00f3n de cartuchos: dos l\u00edneas de producci\u00f3n autom\u00e1tica y una l\u00ednea de producci\u00f3n manual. A continuaci\u00f3n se describe nuestra capacidad de producci\u00f3n resumida, que esperamos que ayude a nuestros clientes con su planificaci\u00f3n de producci\u00f3n futura.<\/p>\n<div class=\"two_thirds_last\">\n<h2>CAPACIDAD DE PRODUCCI\u00d3N DE CARTUCHOS &#8211; TURNO \u00daNICO &#8211; 40 HORAS SEMANALES<\/h2>\n<table>\n<tbody>\n<tr>\n<td>L\u00ednea de producci\u00f3n de cartuchos<\/td>\n<td>Capacidad semanal m\u00e1xima<\/td>\n<\/tr>\n<tr>\n<td>L\u00ednea autom\u00e1tica de cartuchos n.\u00b0 1<\/td>\n<td>28,000<\/td>\n<\/tr>\n<tr>\n<td>L\u00ednea autom\u00e1tica de cartuchos n.\u00b0 2<\/td>\n<td>18,000<\/td>\n<\/tr>\n<tr>\n<td>L\u00ednea manual de cartuchos n.\u00b0 3<\/td>\n<td>10,000<\/td>\n<\/tr>\n<tr>\n<td>Capacidad total m\u00e1xima semanal<\/td>\n<td>56,000<\/td>\n<\/tr>\n<\/tbody>\n<\/table>\n<p>Para obtener m\u00e1s detalles sobre qu\u00e9 especificaciones de cartucho se fabrican en qu\u00e9 l\u00ednea de<br \/>\nproducci\u00f3n, esperamos que la siguiente informaci\u00f3n sea de utilidad:<\/p>\n<p><strong>L\u00ednea autom\u00e1tica de cartuchos n.\u00b0 1 &#8211; Rango de productos<\/strong><\/p>\n<ul>\n<li>Cartuchos de servicio ligero\/intermedio &#8211; especificaci\u00f3n de 6204\/20 mm y 6205\/25 mm.<\/li>\n<li>Para ajustarse a los di\u00e1metros de la brida de rodillo de 63,50 mm\/2\u00bd\u201d hasta 133,00 mm\/5\u00bc\u201d de di\u00e1metro inclusive.<\/li>\n<li>Para ajustarse a todas las especificaciones comunes ISO internacionales\/m\u00e9tricas e imperiales de los rodillos, que incluyen CEMA B y CEMA C de Am\u00e9rica del Norte.<\/li>\n<\/ul>\n<p>EDWIN LOWE LTD. BIRMINGHAM, REINO UNIDO &#8211; UNIDADES PREFABRICADAS DE LAS CAJAS DE RODAMIENTOS (CARTUCHOS) &#8211; CAPACIDAD ACTUAL DE PRODUCCI\u00d3N DE LA F\u00c1BRICA<\/p>\n<p><strong>L\u00ednea autom\u00e1tica de cartuchos n.\u00b0 2 &#8211; Rango de productos<\/strong><\/p>\n<ul>\n<li>Proporciona un respaldo para la capacidad de producci\u00f3n autom\u00e1tica para la l\u00ednea autom\u00e1tica n.\u00b0 1.<\/li>\n<li>Cartuchos de servicio intermedio y pesado &#8211; especificaciones de 6305\/25 mm, 6206\/30 mm, 6306\/30 mm, 6307\/35 mm y 6308\/40 mm.<\/li>\n<li>Para ajustarse a todas las especificaciones comunes ISO internacionales\/m\u00e9tricas e imperiales de los rodillos, que incluyen CEMA D, CEMA E y CEMA F de Am\u00e9rica del Norte.<\/li>\n<\/ul>\n<p><strong>L\u00ednea manual de cartuchos n.\u00b0 3 &#8211; Rango de productos<\/strong><\/p>\n<li>Proporciona un respaldo de emergencia para cubrir las l\u00edneas de producci\u00f3n autom\u00e1tica n.\u00b0 1 y n.\u00b0 2. Es decir, nuestra l\u00ednea manual puede producir todas las especificaciones de cartuchos desde 6204\/20 mm a 6308\/40 mm inclusive.<\/li>\n<li>De lo contrario se utiliza para ciclos m\u00e1s peque\u00f1os de producci\u00f3n, incluidos componentes para prop\u00f3sitos especiales y trabajo de desarrollo de prototipos.<\/li>\n<li>Por lo tanto, las especificaciones de rodamientos de 6204\/20 mm a 6308\/40 mm inclusive &#8211; es decir, todos los est\u00e1ndares comunes in ternacionales ISO\/m\u00e9tricos y todos los est\u00e1ndares CEMA de Am\u00e9rica del Norte, hasta CEMA F inclusive.<\/li>\n<p><\/p>","protected":false},"excerpt":{"rendered":"<p>UNIDADES PREFABRICADAS DE LAS CAJAS DE RODAMIENTOS (CARTUCHOS) CAPACIDAD ACTUAL DE PRODUCCI\u00d3N DE LA F\u00c1BRICA TECNOLOG\u00cdA PARA LA PRODUCCI\u00d3N DE CARTUCHOS Adem\u00e1s de introducir una nueva tecnolog\u00eda de dise\u00f1o en el proceso de fabricaci\u00f3n de rodillos, la compa\u00f1\u00eda tambi\u00e9n ha desarrollado paralelamente una nueva tecnolog\u00eda de fabricaci\u00f3n. La compa\u00f1\u00eda ha dise\u00f1ado e instalado nuevos equipos [&hellip;]<\/p>\n","protected":false},"author":1,"featured_media":0,"parent":0,"menu_order":0,"comment_status":"closed","ping_status":"closed","template":"","meta":[],"_links":{"self":[{"href":"https:\/\/www.cci-limited.com\/es\/wp-json\/wp\/v2\/pages\/76"}],"collection":[{"href":"https:\/\/www.cci-limited.com\/es\/wp-json\/wp\/v2\/pages"}],"about":[{"href":"https:\/\/www.cci-limited.com\/es\/wp-json\/wp\/v2\/types\/page"}],"author":[{"embeddable":true,"href":"https:\/\/www.cci-limited.com\/es\/wp-json\/wp\/v2\/users\/1"}],"replies":[{"embeddable":true,"href":"https:\/\/www.cci-limited.com\/es\/wp-json\/wp\/v2\/comments?post=76"}],"version-history":[{"count":21,"href":"https:\/\/www.cci-limited.com\/es\/wp-json\/wp\/v2\/pages\/76\/revisions"}],"predecessor-version":[{"id":1221,"href":"https:\/\/www.cci-limited.com\/es\/wp-json\/wp\/v2\/pages\/76\/revisions\/1221"}],"wp:attachment":[{"href":"https:\/\/www.cci-limited.com\/es\/wp-json\/wp\/v2\/media?parent=76"}],"curies":[{"name":"wp","href":"https:\/\/api.w.org\/{rel}","templated":true}]}}