{"id":29,"date":"2016-02-22T06:35:06","date_gmt":"2016-02-22T06:35:06","guid":{"rendered":"http:\/\/176.32.230.43\/edwinlowe.com\/edwin\/?page_id=29"},"modified":"2022-07-20T15:09:21","modified_gmt":"2022-07-20T14:09:21","slug":"company-history","status":"publish","type":"page","link":"https:\/\/www.cci-limited.com\/fr\/company-history\/","title":{"rendered":"Historique de l&rsquo;entreprise"},"content":{"rendered":"<p><\/p>\n<p class=\"p1\">Nous existons depuis longtemps. Le roi George IV a accord\u00e9 une charte \u00e0 notre fondateur Benjamin Lowe en 1826. Nous sommes devenus une soci\u00e9t\u00e9 \u00e0 responsabilit\u00e9 limit\u00e9e \u00ab\u00a0moderne\u00a0\u00bb 89 ans plus tard et nous nous sommes constitu\u00e9s en soci\u00e9t\u00e9 en 1915 \u2013 <span class=\"s1\">ce qui fait officiellement d\u2019CCI Ltd. une entreprise de plus de 100 ans !<\/span><\/p>\n<p class=\"p2\">Depuis 1915, CCI Ltd s\u2019est sp\u00e9cialis\u00e9e dans l\u2019emboutissage profond. Par exemple, pendant la premi\u00e8re et la seconde guerre mondiale nous produisions des obus en laiton. Aujourd\u2019hui, nos produits sont bien s\u00fbr utilis\u00e9s dans des applications bien plus pacifiques ! Depuis la fin des ann\u00e9es 70, l\u2019entreprise s\u2019est sp\u00e9cialis\u00e9e dans la conception et la fabrication de bo\u00eetiers de roulement par emboutissage profond de pr\u00e9cision pour les rouleaux de convoyeur en acier soud\u00e9 utilis\u00e9s par nos clients au Royaume-Uni et \u00e0 l\u2019\u00e9tranger.<\/p>\n<p><\/p>","protected":false},"excerpt":{"rendered":"<p>Nous existons depuis longtemps. Le roi George IV a accord\u00e9 une charte \u00e0 notre fondateur Benjamin Lowe en 1826. Nous sommes devenus une soci\u00e9t\u00e9 \u00e0 responsabilit\u00e9 limit\u00e9e \u00ab\u00a0moderne\u00a0\u00bb 89 ans plus tard et nous nous sommes constitu\u00e9s en soci\u00e9t\u00e9 en 1915 \u2013 ce qui fait officiellement d\u2019CCI Ltd. une entreprise de plus de 100 ans [&hellip;]<\/p>\n","protected":false},"author":1,"featured_media":0,"parent":0,"menu_order":0,"comment_status":"closed","ping_status":"closed","template":"","meta":[],"_links":{"self":[{"href":"https:\/\/www.cci-limited.com\/fr\/wp-json\/wp\/v2\/pages\/29"}],"collection":[{"href":"https:\/\/www.cci-limited.com\/fr\/wp-json\/wp\/v2\/pages"}],"about":[{"href":"https:\/\/www.cci-limited.com\/fr\/wp-json\/wp\/v2\/types\/page"}],"author":[{"embeddable":true,"href":"https:\/\/www.cci-limited.com\/fr\/wp-json\/wp\/v2\/users\/1"}],"replies":[{"embeddable":true,"href":"https:\/\/www.cci-limited.com\/fr\/wp-json\/wp\/v2\/comments?post=29"}],"version-history":[{"count":32,"href":"https:\/\/www.cci-limited.com\/fr\/wp-json\/wp\/v2\/pages\/29\/revisions"}],"predecessor-version":[{"id":1403,"href":"https:\/\/www.cci-limited.com\/fr\/wp-json\/wp\/v2\/pages\/29\/revisions\/1403"}],"wp:attachment":[{"href":"https:\/\/www.cci-limited.com\/fr\/wp-json\/wp\/v2\/media?parent=29"}],"curies":[{"name":"wp","href":"https:\/\/api.w.org\/{rel}","templated":true}]}}