{"id":4,"date":"2016-02-17T17:33:06","date_gmt":"2016-02-17T17:33:06","guid":{"rendered":"http:\/\/176.32.230.43\/edwinlowe.com\/edwin\/?page_id=4"},"modified":"2022-07-20T15:07:16","modified_gmt":"2022-07-20T14:07:16","slug":"home","status":"publish","type":"page","link":"https:\/\/www.cci-limited.com\/fr\/","title":{"rendered":"Domicile"},"content":{"rendered":"<p>CCI Ltd est le seul fabricant britannique sp\u00e9cialis\u00e9 dans les boitiers de roulement en acier embouti destin\u00e9s aux rouleaux pour convoyeurs en acier et utilis\u00e9s dans les syst\u00e8mes de convoyeurs pour manutention en vrac.<br \/>\n<\/p>","protected":false},"excerpt":{"rendered":"<p>CCI Ltd est le seul fabricant britannique sp\u00e9cialis\u00e9 dans les boitiers de roulement en acier embouti destin\u00e9s aux rouleaux pour convoyeurs en acier et utilis\u00e9s dans les syst\u00e8mes de convoyeurs pour manutention en vrac.<\/p>\n","protected":false},"author":1,"featured_media":0,"parent":0,"menu_order":0,"comment_status":"closed","ping_status":"closed","template":"page-home.php","meta":[],"_links":{"self":[{"href":"https:\/\/www.cci-limited.com\/fr\/wp-json\/wp\/v2\/pages\/4"}],"collection":[{"href":"https:\/\/www.cci-limited.com\/fr\/wp-json\/wp\/v2\/pages"}],"about":[{"href":"https:\/\/www.cci-limited.com\/fr\/wp-json\/wp\/v2\/types\/page"}],"author":[{"embeddable":true,"href":"https:\/\/www.cci-limited.com\/fr\/wp-json\/wp\/v2\/users\/1"}],"replies":[{"embeddable":true,"href":"https:\/\/www.cci-limited.com\/fr\/wp-json\/wp\/v2\/comments?post=4"}],"version-history":[{"count":211,"href":"https:\/\/www.cci-limited.com\/fr\/wp-json\/wp\/v2\/pages\/4\/revisions"}],"predecessor-version":[{"id":1402,"href":"https:\/\/www.cci-limited.com\/fr\/wp-json\/wp\/v2\/pages\/4\/revisions\/1402"}],"wp:attachment":[{"href":"https:\/\/www.cci-limited.com\/fr\/wp-json\/wp\/v2\/media?parent=4"}],"curies":[{"name":"wp","href":"https:\/\/api.w.org\/{rel}","templated":true}]}}