{"id":56,"date":"2016-03-16T14:41:42","date_gmt":"2016-03-16T14:41:42","guid":{"rendered":"http:\/\/176.32.230.43\/edwinlowe.com\/edwin\/?page_id=56"},"modified":"2022-07-20T14:40:53","modified_gmt":"2022-07-20T13:40:53","slug":"current-range-of-cartridge-specifications","status":"publish","type":"page","link":"https:\/\/www.cci-limited.com\/fr\/current-range-of-cartridge-specifications\/","title":{"rendered":"Gamme actuelle de sp\u00e9cifications de cartouche"},"content":{"rendered":"<p><\/p>\n<h3>\u00c9tablis dans le domaine<\/h3>\n<p>Bien que le concept d&rsquo;assemblage de bo\u00eetier de roulement de rouleau pr\u00e9fabriqu\u00e9 (cartouche) est nouveau pour de nombreux fabricants internationaux de rouleaux, ceux-ci sont d\u00e9j\u00e0 bien \u00e9tablis depuis de nombreuses ann\u00e9es aupr\u00e8s de nos clients dans le monde entier. En cons\u00e9quence, la gamme de sp\u00e9cifications de cartouches d\u00e9crite ci-dessous est \u00e9prouv\u00e9e et largement test\u00e9e sur le terrain sur une large gamme d&rsquo;applications en surface et souterraines et parfois dans des environnements extr\u00eamement hostiles.<\/p>\n<h3>Sp\u00e9cifications propres aux clients<\/h3>\n<p>Comme vous pouvez le constater, nous proposons une gamme \u00e9tablie de composants qui ont fait leurs preuves dans le domaine. Cependant, gr\u00e2ce \u00e0 la technologie que nous avons introduite, il est possible de concevoir d&rsquo;autres sp\u00e9cifications d&rsquo;assemblages de bo\u00eetier de roulement pr\u00e9fabriqu\u00e9s (cartouches) r\u00e9pondant aux sp\u00e9cifications propres aux clients s&rsquo;ils pr\u00e9f\u00e8rent disposer, par exemple, de sp\u00e9cifications de roulement ou de joint diff\u00e9rentes. Ces autres sp\u00e9cifications peuvent \u00eatre con\u00e7ues pour \u00eatre compl\u00e8tement interchangeables sur la ligne de production de rouleaux avec la gamme de composants standards CCI Ltd.<\/p>\n<h3>Sp\u00e9cifications europ\u00e9ennes ISO<\/h3>\n<table class=\"cartridge_spec\">\n<tbody>\n<tr>\n<td colspan=\"7\"><b> Sp\u00e9cification de rouleau<\/b><\/td>\n<\/tr>\n<tr>\n<td>&nbsp;Diam\u00e8tre du rouleau&nbsp;<\/td>\n<td>&nbsp;6204\/20mm&nbsp;<\/td>\n<td>&nbsp;6205\/25mm&nbsp;<\/td>\n<td>&nbsp;6305\/25mm&nbsp;<\/td>\n<td>&nbsp;6206\/30mm&nbsp;<\/td>\n<td>&nbsp;6306\/30mm&nbsp;<\/td>\n<td>&nbsp;6307\/35mm&nbsp;<\/td>\n<td>&nbsp;6308\/40mm&nbsp;<\/td>\n<\/tr>\n<tr class=\"center\">\n<td>60mm<\/td>\n<td><img src=\"https:\/\/www.cci-limited.com\/wp-content\/uploads\/2022\/07\/tick.png\" alt=\"\" \/><\/td>\n<td><img src=\"https:\/\/www.cci-limited.com\/wp-content\/uploads\/2022\/07\/x.png\" alt=\"\" \/><\/td>\n<td><img src=\"https:\/\/www.cci-limited.com\/wp-content\/uploads\/2022\/07\/x.png\" alt=\"\" \/><\/td>\n<td><img src=\"https:\/\/www.cci-limited.com\/wp-content\/uploads\/2022\/07\/x.png\" alt=\"\" \/><\/td>\n<td><img src=\"https:\/\/www.cci-limited.com\/wp-content\/uploads\/2022\/07\/x.png\" alt=\"\" \/><\/td>\n<td><img src=\"https:\/\/www.cci-limited.com\/wp-content\/uploads\/2022\/07\/x.png\" alt=\"\" \/><\/td>\n<td><img src=\"https:\/\/www.cci-limited.com\/wp-content\/uploads\/2022\/07\/x.png\" alt=\"\" \/><\/td>\n<\/tr>\n<tr class=\"center\">\n<td>63.5mm<\/td>\n<td><img src=\"https:\/\/www.cci-limited.com\/wp-content\/uploads\/2022\/07\/tick.png\" alt=\"\" \/><\/td>\n<td><img src=\"https:\/\/www.cci-limited.com\/wp-content\/uploads\/2022\/07\/tick.png\" alt=\"\" \/><\/td>\n<td><img src=\"https:\/\/www.cci-limited.com\/wp-content\/uploads\/2022\/07\/x.png\" alt=\"\" \/><\/td>\n<td><img src=\"https:\/\/www.cci-limited.com\/wp-content\/uploads\/2022\/07\/x.png\" alt=\"\" \/><\/td>\n<td><img src=\"https:\/\/www.cci-limited.com\/wp-content\/uploads\/2022\/07\/x.png\" alt=\"\" \/><\/td>\n<td><img src=\"https:\/\/www.cci-limited.com\/wp-content\/uploads\/2022\/07\/x.png\" alt=\"\" \/><\/td>\n<td><img src=\"https:\/\/www.cci-limited.com\/wp-content\/uploads\/2022\/07\/x.png\" alt=\"\" \/><\/td>\n<\/tr>\n<tr class=\"center\">\n<td>76mm<\/td>\n<td><img src=\"https:\/\/www.cci-limited.com\/wp-content\/uploads\/2022\/07\/tick.png\" alt=\"\" \/><\/td>\n<td><img src=\"https:\/\/www.cci-limited.com\/wp-content\/uploads\/2022\/07\/tick.png\" alt=\"\" \/><\/td>\n<td><img src=\"https:\/\/www.cci-limited.com\/wp-content\/uploads\/2022\/07\/x.png\" alt=\"\" \/><\/td>\n<td><img src=\"https:\/\/www.cci-limited.com\/wp-content\/uploads\/2022\/07\/x.png\" alt=\"\" \/><\/td>\n<td><img src=\"https:\/\/www.cci-limited.com\/wp-content\/uploads\/2022\/07\/x.png\" alt=\"\" \/><\/td>\n<td><img src=\"https:\/\/www.cci-limited.com\/wp-content\/uploads\/2022\/07\/x.png\" alt=\"\" \/><\/td>\n<td><img src=\"https:\/\/www.cci-limited.com\/wp-content\/uploads\/2022\/07\/x.png\" alt=\"\" \/><\/td>\n<\/tr>\n<tr class=\"center\">\n<td>89mm<\/td>\n<td><img src=\"https:\/\/www.cci-limited.com\/wp-content\/uploads\/2022\/07\/tick.png\" alt=\"\" \/><\/td>\n<td><img src=\"https:\/\/www.cci-limited.com\/wp-content\/uploads\/2022\/07\/tick.png\" alt=\"\" \/><\/td>\n<td><img src=\"https:\/\/www.cci-limited.com\/wp-content\/uploads\/2022\/07\/x.png\" alt=\"\" \/><\/td>\n<td><img src=\"https:\/\/www.cci-limited.com\/wp-content\/uploads\/2022\/07\/x.png\" alt=\"\" \/><\/td>\n<td><img src=\"https:\/\/www.cci-limited.com\/wp-content\/uploads\/2022\/07\/x.png\" alt=\"\" \/><\/td>\n<td><img src=\"https:\/\/www.cci-limited.com\/wp-content\/uploads\/2022\/07\/x.png\" alt=\"\" \/><\/td>\n<td><img src=\"https:\/\/www.cci-limited.com\/wp-content\/uploads\/2022\/07\/x.png\" alt=\"\" \/><\/td>\n<\/tr>\n<tr class=\"center\">\n<td>102mm<\/td>\n<td><img src=\"https:\/\/www.cci-limited.com\/wp-content\/uploads\/2022\/07\/tick.png\" alt=\"\" \/><\/td>\n<td><img src=\"https:\/\/www.cci-limited.com\/wp-content\/uploads\/2022\/07\/tick.png\" alt=\"\" \/><\/td>\n<td><img src=\"https:\/\/www.cci-limited.com\/wp-content\/uploads\/2022\/07\/x.png\" alt=\"\" \/><\/td>\n<td><img src=\"https:\/\/www.cci-limited.com\/wp-content\/uploads\/2022\/07\/x.png\" alt=\"\" \/><\/td>\n<td><img src=\"https:\/\/www.cci-limited.com\/wp-content\/uploads\/2022\/07\/x.png\" alt=\"\" \/><\/td>\n<td><img src=\"https:\/\/www.cci-limited.com\/wp-content\/uploads\/2022\/07\/x.png\" alt=\"\" \/><\/td>\n<td><img src=\"https:\/\/www.cci-limited.com\/wp-content\/uploads\/2022\/07\/x.png\" alt=\"\" \/><\/td>\n<\/tr>\n<tr class=\"center\">\n<td>108mm<\/td>\n<td><img src=\"https:\/\/www.cci-limited.com\/wp-content\/uploads\/2022\/07\/tick.png\" alt=\"\" \/><\/td>\n<td><img src=\"https:\/\/www.cci-limited.com\/wp-content\/uploads\/2022\/07\/tick.png\" alt=\"\" \/><\/td>\n<td><img src=\"https:\/\/www.cci-limited.com\/wp-content\/uploads\/2022\/07\/tick.png\" alt=\"\" \/><\/td>\n<td><img src=\"https:\/\/www.cci-limited.com\/wp-content\/uploads\/2022\/07\/tick.png\" alt=\"\" \/><\/td>\n<td><img src=\"https:\/\/www.cci-limited.com\/wp-content\/uploads\/2022\/07\/tick.png\" alt=\"\" \/><\/td>\n<td><img src=\"https:\/\/www.cci-limited.com\/wp-content\/uploads\/2022\/07\/x.png\" alt=\"\" \/><\/td>\n<td><img src=\"https:\/\/www.cci-limited.com\/wp-content\/uploads\/2022\/07\/x.png\" alt=\"\" \/><\/td>\n<\/tr>\n<tr class=\"center\">\n<td>114mm<\/td>\n<td><img src=\"https:\/\/www.cci-limited.com\/wp-content\/uploads\/2022\/07\/tick.png\" alt=\"\" \/><\/td>\n<td><img src=\"https:\/\/www.cci-limited.com\/wp-content\/uploads\/2022\/07\/tick.png\" alt=\"\" \/><\/td>\n<td><img src=\"https:\/\/www.cci-limited.com\/wp-content\/uploads\/2022\/07\/x.png\" alt=\"\" \/><\/td>\n<td><img src=\"https:\/\/www.cci-limited.com\/wp-content\/uploads\/2022\/07\/x.png\" alt=\"\" \/><\/td>\n<td><img src=\"https:\/\/www.cci-limited.com\/wp-content\/uploads\/2022\/07\/x.png\" alt=\"\" \/><\/td>\n<td><img src=\"https:\/\/www.cci-limited.com\/wp-content\/uploads\/2022\/07\/x.png\" alt=\"\" \/><\/td>\n<td><img src=\"https:\/\/www.cci-limited.com\/wp-content\/uploads\/2022\/07\/x.png\" alt=\"\" \/><\/td>\n<\/tr>\n<tr class=\"center\">\n<td>127mm<\/td>\n<td><img src=\"https:\/\/www.cci-limited.com\/wp-content\/uploads\/2022\/07\/tick.png\" alt=\"\" \/><\/td>\n<td><img src=\"https:\/\/www.cci-limited.com\/wp-content\/uploads\/2022\/07\/tick.png\" alt=\"\" \/><\/td>\n<td><img src=\"https:\/\/www.cci-limited.com\/wp-content\/uploads\/2022\/07\/tick.png\" alt=\"\" \/><\/td>\n<td><img src=\"https:\/\/www.cci-limited.com\/wp-content\/uploads\/2022\/07\/tick.png\" alt=\"\" \/><\/td>\n<td><img src=\"https:\/\/www.cci-limited.com\/wp-content\/uploads\/2022\/07\/tick.png\" alt=\"\" \/><\/td>\n<td><img src=\"https:\/\/www.cci-limited.com\/wp-content\/uploads\/2022\/07\/tick.png\" alt=\"\" \/><\/td>\n<td><img src=\"https:\/\/www.cci-limited.com\/wp-content\/uploads\/2022\/07\/x.png\" alt=\"\" \/><\/td>\n<\/tr>\n<tr class=\"center\">\n<td>133mm<\/td>\n<td><img src=\"https:\/\/www.cci-limited.com\/wp-content\/uploads\/2022\/07\/tick.png\" alt=\"\" \/><\/td>\n<td><img src=\"https:\/\/www.cci-limited.com\/wp-content\/uploads\/2022\/07\/tick.png\" alt=\"\" \/><\/td>\n<td><img src=\"https:\/\/www.cci-limited.com\/wp-content\/uploads\/2022\/07\/tick.png\" alt=\"\" \/><\/td>\n<td><img src=\"https:\/\/www.cci-limited.com\/wp-content\/uploads\/2022\/07\/tick.png\" alt=\"\" \/><\/td>\n<td><img src=\"https:\/\/www.cci-limited.com\/wp-content\/uploads\/2022\/07\/tick.png\" alt=\"\" \/><\/td>\n<td><img src=\"https:\/\/www.cci-limited.com\/wp-content\/uploads\/2022\/07\/x.png\" alt=\"\" \/><\/td>\n<td><img src=\"https:\/\/www.cci-limited.com\/wp-content\/uploads\/2022\/07\/x.png\" alt=\"\" \/><\/td>\n<\/tr>\n<tr class=\"center\">\n<td>139mm<\/td>\n<td><img src=\"https:\/\/www.cci-limited.com\/wp-content\/uploads\/2022\/07\/x.png\" alt=\"\" \/><\/td>\n<td><img src=\"https:\/\/www.cci-limited.com\/wp-content\/uploads\/2022\/07\/x.png\" alt=\"\" \/><\/td>\n<td><img src=\"https:\/\/www.cci-limited.com\/wp-content\/uploads\/2022\/07\/tick.png\" alt=\"\" \/><\/td>\n<td><img src=\"https:\/\/www.cci-limited.com\/wp-content\/uploads\/2022\/07\/tick.png\" alt=\"\" \/><\/td>\n<td><img src=\"https:\/\/www.cci-limited.com\/wp-content\/uploads\/2022\/07\/x.png\" alt=\"\" \/><\/td>\n<td><img src=\"https:\/\/www.cci-limited.com\/wp-content\/uploads\/2022\/07\/x.png\" alt=\"\" \/><\/td>\n<td><img src=\"https:\/\/www.cci-limited.com\/wp-content\/uploads\/2022\/07\/x.png\" alt=\"\" \/><\/td>\n<\/tr>\n<tr class=\"center\">\n<td>152mm<\/td>\n<td><img src=\"https:\/\/www.cci-limited.com\/wp-content\/uploads\/2022\/07\/x.png\" alt=\"\" \/><\/td>\n<td><img src=\"https:\/\/www.cci-limited.com\/wp-content\/uploads\/2022\/07\/tick.png\" alt=\"\" \/><\/td>\n<td><img src=\"https:\/\/www.cci-limited.com\/wp-content\/uploads\/2022\/07\/tick.png\" alt=\"\" \/><\/td>\n<td><img src=\"https:\/\/www.cci-limited.com\/wp-content\/uploads\/2022\/07\/tick.png\" alt=\"\" \/><\/td>\n<td><img src=\"https:\/\/www.cci-limited.com\/wp-content\/uploads\/2022\/07\/tick.png\" alt=\"\" \/><\/td>\n<td><img src=\"https:\/\/www.cci-limited.com\/wp-content\/uploads\/2022\/07\/tick.png\" alt=\"\" \/><\/td>\n<td><img src=\"https:\/\/www.cci-limited.com\/wp-content\/uploads\/2022\/07\/tick.png\" alt=\"\" \/><\/td>\n<\/tr>\n<tr class=\"center\">\n<td>159mm<\/td>\n<td><img src=\"https:\/\/www.cci-limited.com\/wp-content\/uploads\/2022\/07\/x.png\" alt=\"\" \/><\/td>\n<td><img src=\"https:\/\/www.cci-limited.com\/wp-content\/uploads\/2022\/07\/tick.png\" alt=\"\" \/><\/td>\n<td><img src=\"https:\/\/www.cci-limited.com\/wp-content\/uploads\/2022\/07\/tick.png\" alt=\"\" \/><\/td>\n<td><img src=\"https:\/\/www.cci-limited.com\/wp-content\/uploads\/2022\/07\/tick.png\" alt=\"\" \/><\/td>\n<td><img src=\"https:\/\/www.cci-limited.com\/wp-content\/uploads\/2022\/07\/tick.png\" alt=\"\" \/><\/td>\n<td><img src=\"https:\/\/www.cci-limited.com\/wp-content\/uploads\/2022\/07\/x.png\" alt=\"\" \/><\/td>\n<td><img src=\"https:\/\/www.cci-limited.com\/wp-content\/uploads\/2022\/07\/x.png\" alt=\"\" \/><\/td>\n<\/tr>\n<tr class=\"center\">\n<td>168mm<\/td>\n<td><img src=\"https:\/\/www.cci-limited.com\/wp-content\/uploads\/2022\/07\/x.png\" alt=\"\" \/><\/td>\n<td><img src=\"https:\/\/www.cci-limited.com\/wp-content\/uploads\/2022\/07\/tick.png\" alt=\"\" \/><\/td>\n<td><img src=\"https:\/\/www.cci-limited.com\/wp-content\/uploads\/2022\/07\/x.png\" alt=\"\" \/><\/td>\n<td><img src=\"https:\/\/www.cci-limited.com\/wp-content\/uploads\/2022\/07\/x.png\" alt=\"\" \/><\/td>\n<td><img src=\"https:\/\/www.cci-limited.com\/wp-content\/uploads\/2022\/07\/x.png\" alt=\"\" \/><\/td>\n<td><img src=\"https:\/\/www.cci-limited.com\/wp-content\/uploads\/2022\/07\/tick.png\" alt=\"\" \/><\/td>\n<td><img src=\"https:\/\/www.cci-limited.com\/wp-content\/uploads\/2022\/07\/x.png\" alt=\"\" \/><\/td>\n<\/tr>\n<tr class=\"center\">\n<td>178mm<\/td>\n<td><img src=\"https:\/\/www.cci-limited.com\/wp-content\/uploads\/2022\/07\/x.png\" alt=\"\" \/><\/td>\n<td><img src=\"https:\/\/www.cci-limited.com\/wp-content\/uploads\/2022\/07\/x.png\" alt=\"\" \/><\/td>\n<td><img src=\"https:\/\/www.cci-limited.com\/wp-content\/uploads\/2022\/07\/x.png\" alt=\"\" \/><\/td>\n<td><img src=\"https:\/\/www.cci-limited.com\/wp-content\/uploads\/2022\/07\/x.png\" alt=\"\" \/><\/td>\n<td><img src=\"https:\/\/www.cci-limited.com\/wp-content\/uploads\/2022\/07\/x.png\" alt=\"\" \/><\/td>\n<td><img src=\"https:\/\/www.cci-limited.com\/wp-content\/uploads\/2022\/07\/tick.png\" alt=\"\" \/><\/td>\n<td><img src=\"https:\/\/www.cci-limited.com\/wp-content\/uploads\/2022\/07\/x.png\" alt=\"\" \/><\/td>\n<\/tr>\n<tr class=\"center\">\n<td>178mm<\/td>\n<td><img src=\"https:\/\/www.cci-limited.com\/wp-content\/uploads\/2022\/07\/x.png\" alt=\"\" \/><\/td>\n<td><img src=\"https:\/\/www.cci-limited.com\/wp-content\/uploads\/2022\/07\/x.png\" alt=\"\" \/><\/td>\n<td><img src=\"https:\/\/www.cci-limited.com\/wp-content\/uploads\/2022\/07\/x.png\" alt=\"\" \/><\/td>\n<td><img src=\"https:\/\/www.cci-limited.com\/wp-content\/uploads\/2022\/07\/x.png\" alt=\"\" \/><\/td>\n<td><img src=\"https:\/\/www.cci-limited.com\/wp-content\/uploads\/2022\/07\/x.png\" alt=\"\" \/><\/td>\n<td><img src=\"https:\/\/www.cci-limited.com\/wp-content\/uploads\/2022\/07\/x.png\" alt=\"\" \/><\/td>\n<td><img src=\"https:\/\/www.cci-limited.com\/wp-content\/uploads\/2022\/07\/tick.png\" alt=\"\" \/><\/td>\n<\/tr>\n<\/tbody>\n<\/table>\n<h3>Sp\u00e9cification CEMA d&rsquo;Am\u00e9rique du Nord<\/h3>\n<table class=\"cartridge_spec\">\n<tbody>\n<tr>\n<td><\/td>\n<td colspan=\"6\"><b> Sp\u00e9cification du roulement<\/b><\/td>\n<\/tr>\n<tr>\n<td><b>Diam\u00e8tre du rouleau<\/b><\/td>\n<td>&nbsp;6204\/20mm<br \/>\n(CEMA B)&nbsp;<\/td>\n<td>&nbsp;6205\/25mm<br \/>\n(CEMA C&nbsp;<\/td>\n<td>&nbsp;6305\/25mm<br \/>\n(CEMA D)&nbsp;<\/td>\n<td>&nbsp;6306\/30mm<br \/>\n(CEMA E)&nbsp;<\/td>\n<td>&nbsp;6307\/35mm<br \/>\n(CEMA E+)&nbsp;<\/td>\n<td>&nbsp;6308\/40mm<br \/>\n(CEMA F)&nbsp;<\/td>\n<\/tr>\n<tr class=\"center\">\n<td>4.0 po<\/td>\n<td><img src=\"https:\/\/www.cci-limited.com\/wp-content\/uploads\/2022\/07\/tick.png\" alt=\"\" \/><\/td>\n<td><img src=\"https:\/\/www.cci-limited.com\/wp-content\/uploads\/2022\/07\/tick.png\" alt=\"\" \/><\/td>\n<td><img src=\"https:\/\/www.cci-limited.com\/wp-content\/uploads\/2022\/07\/x.png\" alt=\"\" \/><\/td>\n<td><img src=\"https:\/\/www.cci-limited.com\/wp-content\/uploads\/2022\/07\/x.png\" alt=\"\" \/><\/td>\n<td><img src=\"https:\/\/www.cci-limited.com\/wp-content\/uploads\/2022\/07\/x.png\" alt=\"\" \/><\/td>\n<td><img src=\"https:\/\/www.cci-limited.com\/wp-content\/uploads\/2022\/07\/x.png\" alt=\"\" \/><\/td>\n<\/tr>\n<tr class=\"center\">\n<td>5.0 po<\/td>\n<td><img src=\"https:\/\/www.cci-limited.com\/wp-content\/uploads\/2022\/07\/tick.png\" alt=\"\" \/><\/td>\n<td><img src=\"https:\/\/www.cci-limited.com\/wp-content\/uploads\/2022\/07\/tick.png\" alt=\"\" \/><\/td>\n<td><img src=\"https:\/\/www.cci-limited.com\/wp-content\/uploads\/2022\/07\/tick.png\" alt=\"\" \/><\/td>\n<td><img src=\"https:\/\/www.cci-limited.com\/wp-content\/uploads\/2022\/07\/tick.png\" alt=\"\" \/><\/td>\n<td><img src=\"https:\/\/www.cci-limited.com\/wp-content\/uploads\/2022\/07\/tick.png\" alt=\"\" \/><\/td>\n<td><img src=\"https:\/\/www.cci-limited.com\/wp-content\/uploads\/2022\/07\/x.png\" alt=\"\" \/><\/td>\n<\/tr>\n<tr class=\"center\">\n<td>6.0 po<\/td>\n<td><img src=\"https:\/\/www.cci-limited.com\/wp-content\/uploads\/2022\/07\/x.png\" alt=\"\" \/><\/td>\n<td><img src=\"https:\/\/www.cci-limited.com\/wp-content\/uploads\/2022\/07\/tick.png\" alt=\"\" \/><\/td>\n<td><img src=\"https:\/\/www.cci-limited.com\/wp-content\/uploads\/2022\/07\/tick.png\" alt=\"\" \/><\/td>\n<td><img src=\"https:\/\/www.cci-limited.com\/wp-content\/uploads\/2022\/07\/tick.png\" alt=\"\" \/><\/td>\n<td><img src=\"https:\/\/www.cci-limited.com\/wp-content\/uploads\/2022\/07\/tick.png\" alt=\"\" \/><\/td>\n<td><img src=\"https:\/\/www.cci-limited.com\/wp-content\/uploads\/2022\/07\/tick.png\" alt=\"\" \/><\/td>\n<\/tr>\n<tr class=\"center\">\n<td>7.0 po<\/td>\n<td><img src=\"https:\/\/www.cci-limited.com\/wp-content\/uploads\/2022\/07\/x.png\" alt=\"\" \/><\/td>\n<td><img src=\"https:\/\/www.cci-limited.com\/wp-content\/uploads\/2022\/07\/x.png\" alt=\"\" \/><\/td>\n<td><img src=\"https:\/\/www.cci-limited.com\/wp-content\/uploads\/2022\/07\/x.png\" alt=\"\" \/><\/td>\n<td><img src=\"https:\/\/www.cci-limited.com\/wp-content\/uploads\/2022\/07\/x.png\" alt=\"\" \/><\/td>\n<td><img src=\"https:\/\/www.cci-limited.com\/wp-content\/uploads\/2022\/07\/tick.png\" alt=\"\" \/><\/td>\n<td><img src=\"https:\/\/www.cci-limited.com\/wp-content\/uploads\/2022\/07\/tick.png\" alt=\"\" \/><\/td>\n<\/tr>\n<tr class=\"center\">\n<td>8.0 po<\/td>\n<td><img src=\"https:\/\/www.cci-limited.com\/wp-content\/uploads\/2022\/07\/x.png\" alt=\"\" \/><\/td>\n<td><img src=\"https:\/\/www.cci-limited.com\/wp-content\/uploads\/2022\/07\/x.png\" alt=\"\" \/><\/td>\n<td><img src=\"https:\/\/www.cci-limited.com\/wp-content\/uploads\/2022\/07\/x.png\" alt=\"\" \/><\/td>\n<td><img src=\"https:\/\/www.cci-limited.com\/wp-content\/uploads\/2022\/07\/x.png\" alt=\"\" \/><\/td>\n<td><img src=\"https:\/\/www.cci-limited.com\/wp-content\/uploads\/2022\/07\/x.png\" alt=\"\" \/><\/td>\n<td><img src=\"https:\/\/www.cci-limited.com\/wp-content\/uploads\/2022\/07\/tick.png\" alt=\"\" \/><\/td>\n<\/tr>\n<\/tbody>\n<\/table>\n<h3>Note &#8211; Diam\u00e8tres diff\u00e9rents de rouleau<\/h3>\n<p>Comme vous pouvez le constater dans les tableaux ISO\/CEMA ci-dessus, CCI Ltd produit une s\u00e9rie de composants standards pouvant s&rsquo;adapter aux diam\u00e8tres standards internationaux des tubes de rouleau. Cependant, il est relativement facile de produire la majorit\u00e9 des cartouches d\u00e9crites ci-dessus pour des diam\u00e8tres de rouleau diff\u00e9rents. Il faut simplement s&rsquo;assurer que l&rsquo;outillage de production n\u00e9cessaire est en place avant de d\u00e9marrer la production.<\/p>","protected":false},"excerpt":{"rendered":"<p>\u00c9tablis dans le domaine Bien que le concept d&rsquo;assemblage de bo\u00eetier de roulement de rouleau pr\u00e9fabriqu\u00e9 (cartouche) est nouveau pour de nombreux fabricants internationaux de rouleaux, ceux-ci sont d\u00e9j\u00e0 bien \u00e9tablis depuis de nombreuses ann\u00e9es aupr\u00e8s de nos clients dans le monde entier. En cons\u00e9quence, la gamme de sp\u00e9cifications de cartouches d\u00e9crite ci-dessous est \u00e9prouv\u00e9e [&hellip;]<\/p>\n","protected":false},"author":1,"featured_media":0,"parent":0,"menu_order":0,"comment_status":"closed","ping_status":"closed","template":"page-full.php","meta":[],"_links":{"self":[{"href":"https:\/\/www.cci-limited.com\/fr\/wp-json\/wp\/v2\/pages\/56"}],"collection":[{"href":"https:\/\/www.cci-limited.com\/fr\/wp-json\/wp\/v2\/pages"}],"about":[{"href":"https:\/\/www.cci-limited.com\/fr\/wp-json\/wp\/v2\/types\/page"}],"author":[{"embeddable":true,"href":"https:\/\/www.cci-limited.com\/fr\/wp-json\/wp\/v2\/users\/1"}],"replies":[{"embeddable":true,"href":"https:\/\/www.cci-limited.com\/fr\/wp-json\/wp\/v2\/comments?post=56"}],"version-history":[{"count":62,"href":"https:\/\/www.cci-limited.com\/fr\/wp-json\/wp\/v2\/pages\/56\/revisions"}],"predecessor-version":[{"id":1374,"href":"https:\/\/www.cci-limited.com\/fr\/wp-json\/wp\/v2\/pages\/56\/revisions\/1374"}],"wp:attachment":[{"href":"https:\/\/www.cci-limited.com\/fr\/wp-json\/wp\/v2\/media?parent=56"}],"curies":[{"name":"wp","href":"https:\/\/api.w.org\/{rel}","templated":true}]}}