{"id":6,"date":"2016-02-17T17:33:24","date_gmt":"2016-02-17T17:33:24","guid":{"rendered":"http:\/\/176.32.230.43\/edwinlowe.com\/edwin\/?page_id=6"},"modified":"2022-08-09T12:09:11","modified_gmt":"2022-08-09T11:09:11","slug":"about-us","status":"publish","type":"page","link":"https:\/\/www.cci-limited.com\/fr\/about-us\/","title":{"rendered":"\u00c0 propos de nous"},"content":{"rendered":"<p><\/p>\n<p class=\"p1\">Sur la base de notre gamme unique de bo\u00eetiers de roulement en acier, l\u2019entreprise a mis au point le d\u00e9veloppement d\u2019un nouveau type de produit, l\u2019assemblage de bo\u00eetier de roulement pour rouleaux en acier embouti pr\u00e9fabriqu\u00e9, \u00e9galement appel\u00e9 \u00ab cartouche \u00bb. Cette \u00ab\u00a0cartouche\u00a0\u00bb est un sous-ensemble complet qui fournit une extr\u00e9mit\u00e9 compl\u00e8tement pr\u00e9fabriqu\u00e9e pour les rouleaux en acier soud\u00e9, c\u2019est-\u00e0-dire que tous les composants n\u00e9cessaires, y compris le bo\u00eetier de roulement, le roulement \u00e0 billes, le dispositif d\u2019\u00e9tanch\u00e9it\u00e9 et m\u00eame la graisse sont tous enferm\u00e9s dans un bo\u00eetier de roulement en acier pour fournir une unit\u00e9 compl\u00e8tement pr\u00e9fabriqu\u00e9e.\n<\/p>\n<p class=\"p1\">Le prototype original a \u00e9t\u00e9 produit au d\u00e9but des ann\u00e9es 80. Ces composants sont maintenant largement utilis\u00e9s par les fabricants de rouleaux dans le monde et sont consid\u00e9r\u00e9s comme des composants de qualit\u00e9, robustes et durables. Nous poss\u00e9dons maintenant un site de production automatis\u00e9 de pointe \u00e0 Birmingham au Royaume-Uni dans lequel tous nos composants sont produits.<\/p>\n<p><\/p>","protected":false},"excerpt":{"rendered":"<p>Sur la base de notre gamme unique de bo\u00eetiers de roulement en acier, l\u2019entreprise a mis au point le d\u00e9veloppement d\u2019un nouveau type de produit, l\u2019assemblage de bo\u00eetier de roulement pour rouleaux en acier embouti pr\u00e9fabriqu\u00e9, \u00e9galement appel\u00e9 \u00ab cartouche \u00bb. Cette \u00ab\u00a0cartouche\u00a0\u00bb est un sous-ensemble complet qui fournit une extr\u00e9mit\u00e9 compl\u00e8tement pr\u00e9fabriqu\u00e9e pour les [&hellip;]<\/p>\n","protected":false},"author":1,"featured_media":0,"parent":0,"menu_order":0,"comment_status":"closed","ping_status":"closed","template":"","meta":[],"_links":{"self":[{"href":"https:\/\/www.cci-limited.com\/fr\/wp-json\/wp\/v2\/pages\/6"}],"collection":[{"href":"https:\/\/www.cci-limited.com\/fr\/wp-json\/wp\/v2\/pages"}],"about":[{"href":"https:\/\/www.cci-limited.com\/fr\/wp-json\/wp\/v2\/types\/page"}],"author":[{"embeddable":true,"href":"https:\/\/www.cci-limited.com\/fr\/wp-json\/wp\/v2\/users\/1"}],"replies":[{"embeddable":true,"href":"https:\/\/www.cci-limited.com\/fr\/wp-json\/wp\/v2\/comments?post=6"}],"version-history":[{"count":72,"href":"https:\/\/www.cci-limited.com\/fr\/wp-json\/wp\/v2\/pages\/6\/revisions"}],"predecessor-version":[{"id":1432,"href":"https:\/\/www.cci-limited.com\/fr\/wp-json\/wp\/v2\/pages\/6\/revisions\/1432"}],"wp:attachment":[{"href":"https:\/\/www.cci-limited.com\/fr\/wp-json\/wp\/v2\/media?parent=6"}],"curies":[{"name":"wp","href":"https:\/\/api.w.org\/{rel}","templated":true}]}}