{"id":74,"date":"2016-03-24T08:19:36","date_gmt":"2016-03-24T08:19:36","guid":{"rendered":"http:\/\/176.32.230.43\/edwinlowe.com\/edwin\/?page_id=74"},"modified":"2017-11-26T15:56:55","modified_gmt":"2017-11-26T15:56:55","slug":"world-first-technology","status":"publish","type":"page","link":"https:\/\/www.cci-limited.com\/fr\/world-first-technology\/","title":{"rendered":"TECHNOLOGIE UNIQUE AU MONDE"},"content":{"rendered":"<p><strong>NOUVELLE TECHNOLOGIE &#8211; ASSEMBLAGES PR\u00c9FABRIQU\u00c9S DE BO\u00ceTIERS DE ROULEMENT (OU CARTOUCHES)<\/strong><br \/>\n<iframe loading=\"lazy\" src=\"https:\/\/player.vimeo.com\/video\/123314433\" width=\"500\" height=\"281\" frameborder=\"0\" allowfullscreen=\"allowfullscreen\"><\/iframe><br \/>\n<strong>R\u00c9CAPITULATIF DES AVANTAGES TECHNIQUES ET COMMERCIAUX<\/strong><\/p>\n<p>Cette nouvelle technologie a eu un effet consid\u00e9rable sur la fa\u00e7on dont les rouleaux sont d\u00e9sormais fabriqu\u00e9s.  L\u2019utilisation d\u2019assemblages pr\u00e9fabriqu\u00e9s de bo\u00eetier de roulement (cartouches) pour les rouleaux en acier soud\u00e9s offre plusieurs avantages, \u00e0 la fois pr\u00e9sents et futurs, aux fabricants de rouleaux. Nous pouvons les r\u00e9sumer comme suit\u00a0:<\/p>\n<p><strong>PROCESSUS DE FABRICATION<\/strong><\/p>\n<ul>\n<li>Rouleau r\u00e9duit \u00e0 trois composants ou quatre pi\u00e8ces seulement = simplification majeure du processus de fabrication des rouleaux.<\/li>\n<li>Rouleaux \u00e0 base de cartouche = moins de main-d\u2019\u0153uvre ou moins d\u2019op\u00e9rateurs.<\/li>\n<li>Aucune maintenance\u00a0: aucune maintenance n\u2019est n\u00e9cessaire pendant la dur\u00e9e de vie du rouleau.<\/li>\n<li>Toutes les sp\u00e9cifications internationales standard peuvent \u00eatre fabriqu\u00e9es.<\/li>\n<li>R\u00e9duction des temps de cycle de production = augmentation du flux de production.<\/li>\n<li>Flux plus rapides = d\u00e9lai de production plus rapide pour le client.<\/li>\n<li>Plus grande flexibilit\u00e9 de production\u00a0: petites commandes = aucun probl\u00e8me.<\/li>\n<li>Diminution des co\u00fbts directs et indirects = marges de b\u00e9n\u00e9fice plus \u00e9lev\u00e9es.<\/li>\n<li>\u00c9conomie de production par lots = \u00e9conomie de production \u00e0 grande \u00e9chelle.<\/li>\n<li>Autor\u00e9gulation du processus d\u2019assemblage = plus facile de conserver des standards de qualit\u00e9 \u00e9lev\u00e9e.<\/li>\n<li>Conceptions diff\u00e9rentes de la cartouche = diff\u00e9rentes sp\u00e9cifications du rouleau.<\/li>\n<li>Nouveau\u00a0: diff\u00e9rentes sp\u00e9cifications internationales de rouleaux fabriqu\u00e9es sur une ligne de production unique.<\/li>\n<li>Nouveau\u00a0: modification la sp\u00e9cification r\u00e9elle des rouleaux au cours du processus de fabrication, sans arr\u00eater la production.<\/li>\n<\/ul>\n<p><strong>D\u00c9PENSES ET BIENS D\u2019INVESTISSEMENT<\/strong><\/p>\n<ul>\n<li>Nouveau\u00a0: l\u2019investissement initial financier et en biens d\u2019\u00e9quipement pour produire des rouleaux \u00e0 base de cartouche reste inchang\u00e9, m\u00eame si les conceptions de rouleaux changent \u00e0 l\u2019avenir<\/li>\n<li>Nouveau\u00a0: par cons\u00e9quent, la protection automatique des biens d\u2019investissement devient obsol\u00e8te.<\/li>\n<\/ul>\n<p>EDWIN LOWE LTD, BIRMINGHAM, ROYAUME-UNI &#8211; NOUVELLE TECHNOLOGIE &#8211; ASSEMBLAGES PR\u00c9FABRIQU\u00c9S DE BO\u00ceTIERS DE ROULEMENT (OU CARTOUCHES) &#8211; R\u00c9CAPITULATIF DES AVANTAGES TECHNIQUES ET COMMERCIAUX<\/p>\n<ul>\n<li>Nouveau\u00a0: automatisation de la production de rouleaux \u00e0 base de cartouche = co\u00fbt d\u2019investissement plus faible par rapport \u00e0 l\u2019automatisation de la production de mod\u00e8les de rouleaux traditionnels.<\/li>\n<li>Nouveau\u00a0: machine-outil de soudage de derni\u00e8re conception = alignement automatique de tous les axes centraux de tous les composants de rouleaux pendant le cycle d\u2019assemblage\/de soudage.<\/li>\n<\/ul>\n<p><\/p>","protected":false},"excerpt":{"rendered":"<p>NOUVELLE TECHNOLOGIE &#8211; ASSEMBLAGES PR\u00c9FABRIQU\u00c9S DE BO\u00ceTIERS DE ROULEMENT (OU CARTOUCHES) R\u00c9CAPITULATIF DES AVANTAGES TECHNIQUES ET COMMERCIAUX Cette nouvelle technologie a eu un effet consid\u00e9rable sur la fa\u00e7on dont les rouleaux sont d\u00e9sormais fabriqu\u00e9s. L\u2019utilisation d\u2019assemblages pr\u00e9fabriqu\u00e9s de bo\u00eetier de roulement (cartouches) pour les rouleaux en acier soud\u00e9s offre plusieurs avantages, \u00e0 la fois pr\u00e9sents [&hellip;]<\/p>\n","protected":false},"author":1,"featured_media":0,"parent":0,"menu_order":0,"comment_status":"closed","ping_status":"closed","template":"page-full.php","meta":[],"_links":{"self":[{"href":"https:\/\/www.cci-limited.com\/fr\/wp-json\/wp\/v2\/pages\/74"}],"collection":[{"href":"https:\/\/www.cci-limited.com\/fr\/wp-json\/wp\/v2\/pages"}],"about":[{"href":"https:\/\/www.cci-limited.com\/fr\/wp-json\/wp\/v2\/types\/page"}],"author":[{"embeddable":true,"href":"https:\/\/www.cci-limited.com\/fr\/wp-json\/wp\/v2\/users\/1"}],"replies":[{"embeddable":true,"href":"https:\/\/www.cci-limited.com\/fr\/wp-json\/wp\/v2\/comments?post=74"}],"version-history":[{"count":24,"href":"https:\/\/www.cci-limited.com\/fr\/wp-json\/wp\/v2\/pages\/74\/revisions"}],"predecessor-version":[{"id":1220,"href":"https:\/\/www.cci-limited.com\/fr\/wp-json\/wp\/v2\/pages\/74\/revisions\/1220"}],"wp:attachment":[{"href":"https:\/\/www.cci-limited.com\/fr\/wp-json\/wp\/v2\/media?parent=74"}],"curies":[{"name":"wp","href":"https:\/\/api.w.org\/{rel}","templated":true}]}}