{"id":76,"date":"2016-03-24T08:21:14","date_gmt":"2016-03-24T08:21:14","guid":{"rendered":"http:\/\/176.32.230.43\/edwinlowe.com\/edwin\/?page_id=76"},"modified":"2017-11-26T15:58:51","modified_gmt":"2017-11-26T15:58:51","slug":"world-first-manufacturing","status":"publish","type":"page","link":"https:\/\/www.cci-limited.com\/fr\/world-first-manufacturing\/","title":{"rendered":"PREMI\u00c8RE MONDIALE DANS LA M\u00c9THODE DE FABRICATION"},"content":{"rendered":"<p><strong>ASSEMBLAGES DE BO\u00ceTIERS DE ROULEMENT PR\u00c9FABRIQU\u00c9S (CARTOUCHES)<\/strong><\/p>\n<p><strong>CAPACITE DE PRODUCTION ACTUELLE<\/strong><\/p>\n<p><strong>TECHNOLOGIE DE PRODUCTION DE CARTOUCHES<\/strong><\/p>\n<p>Parall\u00e8lement \u00e0 l\u2019introduction de nouvelles technologies de conception dans le proc\u00e9d\u00e9 de fabrication des rouleaux, l\u2019entreprise a \u00e9galement d\u00e9velopp\u00e9 une nouvelle technologie de fabrication. L\u2019entreprise a con\u00e7u et install\u00e9, pour des besoins sp\u00e9cifiques, de nouveaux \u00e9quipements automatis\u00e9s et robotis\u00e9s pour la fabrication de sa gamme de cartouches.<\/p>\n<p>De cette mani\u00e8re, nous esp\u00e9rons faire en sorte d\u2019avoir une capacit\u00e9 de production suffisante, aujourd\u2019hui et \u00e0 l\u2019avenir, pour satisfaire \u00e0 tous les besoins de nos clients bas\u00e9s au Royaume-Uni et \u00e0 l\u2019\u00e9tranger.<\/p>\n<p>L\u2019entreprise compte actuellement trois lignes de production s\u00e9par\u00e9es de cartouches : deux lignes automatis\u00e9es et une ligne manuelle. Notre capacit\u00e9 de production est r\u00e9sum\u00e9e ci-dessous, ce qui, nous esp\u00e9rons, aidera tous nos clients \u00e0 planifier leur future production.<\/p>\n<div class=\"two_thirds_last\">\n<h2>CAPACITE DE PRODUCTION DE CARTOUCHES &#8211; POSTE UNIQUE &#8211; 40 HEURES\/SEMAINE<\/h2>\n<table>\n<tbody>\n<tr>\n<td>Ligne de production de cartouches<\/td>\n<td>Capacit\u00e9 hebdomadaire maximale<\/td>\n<\/tr>\n<tr>\n<td>Ligne automatis\u00e9e de production de cartouches n\u00ba 1<\/td>\n<td>28,000<\/td>\n<\/tr>\n<tr>\n<td>Ligne de production automatis\u00e9e de cartouches n\u00ba 2<\/td>\n<td>18,000<\/td>\n<\/tr>\n<tr>\n<td>Ligne de production manuelle de cartouches n\u00ba 3<\/td>\n<td>10,000<\/td>\n<\/tr>\n<tr>\n<td>Capacit\u00e9 hebdomadaire totale maximale<\/td>\n<td>56,000<\/td>\n<\/tr>\n<\/tbody>\n<\/table>\n<p>Pour savoir les types de cartouches qui sont fabriqu\u00e9es sur chacune des lignes de production, nous<br \/>\nesp\u00e9rons que vous trouverez les informations suivantes utiles :<\/p>\n<p><strong>Ligne de production automatis\u00e9e de cartouche n\u00ba 1 &#8211; Gamme de produits<\/strong><\/p>\n<ul>\n<li>Cartouches l\u00e9g\u00e8res\/interm\u00e9diaires : sp\u00e9cifications 6204\/20 mm et 6205\/25 mm<\/li>\n<li>Convient aux brides de rouleau d\u2019un diam\u00e8tre allant de 63,50 mm (ou 2\u00bd\u201d) \u00e0 133,00 mm (ou 5\u00bc\u201d) inclus.<\/li>\n<li>R\u00e9pond \u00e0 toutes les sp\u00e9cifications courantes internationales de rouleaux ISO\/m\u00e9triques et imp\u00e9riales, y compris les normes CEMA B et CEMA C nord-am\u00e9ricaines.<\/li>\n<\/ul>\n<p>EDWIN LOWE LTD. BIRMINGHAM, ROYAUME-UNI &#8211; ASSEMBLAGES DE BO\u00ceTIERS DE ROULEMENT PR\u00c9FABRIQU\u00c9S (CARTOUCHES) &#8211; CAPACIT\u00c9 DE PRODUCTION ACTUELLE<\/p>\n<p><strong>Ligne de production automatis\u00e9e de cartouche n\u00ba 2 &#8211; Gamme de produits<\/strong><\/p>\n<ul>\n<li>Fournit une capacit\u00e9 de production automatis\u00e9e de secours \u00e0 la ligne automatis\u00e9e n\u00ba 1.<\/li>\n<li>Cartouches interm\u00e9diaires et lourdes &#8211; sp\u00e9cifications 6305\/25 mm, 6206\/30 mm, 6306\/30 mm, 6307\/35 mm et 6308\/40 mm.<\/li>\n<li>R\u00e9pond \u00e0 toutes les sp\u00e9cifications courantes internationales ISO\/m\u00e9triques et imp\u00e9riales, y compris les normes CEMA B et CEMA C nord-am\u00e9ricaines.<\/li>\n<\/ul>\n<p><strong>Ligne de production manuelle de cartouche n\u00ba 3 &#8211; Gamme de produits<\/strong><\/p>\n<ul>\n<li>Fournit une solution d\u2019urgence de secours pour les lignes de production automatis\u00e9es 1 et 2, c\u2019est-\u00e0-dire que notre ligne manuelle peut produire toutes les sp\u00e9cifications allant de 6204\/20 mm \u00e0 6308\/40 mm inclus.<\/li>\n<li>Elle est \u00e9galement utilis\u00e9e pour la production de plus petites s\u00e9ries, y compris des composants \u00e0 usages sp\u00e9cifiques et le d\u00e9veloppement de prototype.<\/li>\n<li>Par cons\u00e9quent, les sp\u00e9cifications de roulement allant de 6204\/20 mm \u00e0 6308\/40 mm inclus, c\u2019est-\u00e0-dire tous les standards courants internationaux ISO\/m\u00e9triques et tous les standards nord am\u00e9ricains CEMA, jusqu\u2019\u00e0 CEMA F inclus.<\/li>\n<\/ul>\n<p><\/p>","protected":false},"excerpt":{"rendered":"<p>ASSEMBLAGES DE BO\u00ceTIERS DE ROULEMENT PR\u00c9FABRIQU\u00c9S (CARTOUCHES) CAPACITE DE PRODUCTION ACTUELLE TECHNOLOGIE DE PRODUCTION DE CARTOUCHES Parall\u00e8lement \u00e0 l\u2019introduction de nouvelles technologies de conception dans le proc\u00e9d\u00e9 de fabrication des rouleaux, l\u2019entreprise a \u00e9galement d\u00e9velopp\u00e9 une nouvelle technologie de fabrication. L\u2019entreprise a con\u00e7u et install\u00e9, pour des besoins sp\u00e9cifiques, de nouveaux \u00e9quipements automatis\u00e9s et robotis\u00e9s [&hellip;]<\/p>\n","protected":false},"author":1,"featured_media":0,"parent":0,"menu_order":0,"comment_status":"closed","ping_status":"closed","template":"","meta":[],"_links":{"self":[{"href":"https:\/\/www.cci-limited.com\/fr\/wp-json\/wp\/v2\/pages\/76"}],"collection":[{"href":"https:\/\/www.cci-limited.com\/fr\/wp-json\/wp\/v2\/pages"}],"about":[{"href":"https:\/\/www.cci-limited.com\/fr\/wp-json\/wp\/v2\/types\/page"}],"author":[{"embeddable":true,"href":"https:\/\/www.cci-limited.com\/fr\/wp-json\/wp\/v2\/users\/1"}],"replies":[{"embeddable":true,"href":"https:\/\/www.cci-limited.com\/fr\/wp-json\/wp\/v2\/comments?post=76"}],"version-history":[{"count":21,"href":"https:\/\/www.cci-limited.com\/fr\/wp-json\/wp\/v2\/pages\/76\/revisions"}],"predecessor-version":[{"id":1221,"href":"https:\/\/www.cci-limited.com\/fr\/wp-json\/wp\/v2\/pages\/76\/revisions\/1221"}],"wp:attachment":[{"href":"https:\/\/www.cci-limited.com\/fr\/wp-json\/wp\/v2\/media?parent=76"}],"curies":[{"name":"wp","href":"https:\/\/api.w.org\/{rel}","templated":true}]}}