{"id":29,"date":"2016-02-22T06:35:06","date_gmt":"2016-02-22T06:35:06","guid":{"rendered":"http:\/\/176.32.230.43\/edwinlowe.com\/edwin\/?page_id=29"},"modified":"2022-07-20T15:09:21","modified_gmt":"2022-07-20T14:09:21","slug":"company-history","status":"publish","type":"page","link":"https:\/\/www.cci-limited.com\/it\/company-history\/","title":{"rendered":"Storia dell&#8217;azienda"},"content":{"rendered":"<p><\/p>\n<p class=\"p1\">La nostra storia ha inizio molti anni fa: l\u2019attivit\u00e0 del nostro fondatore Benjamin Lowe fu ufficialmente riconosciuta dal re Giorgio IV nel 1826. Nel 1915, dopo 89 anni, ci siamo trasformati in una \u201cmoderna\u201d societ\u00e0 a responsabilit\u00e0 limitata e <span class=\"s1\">quindi CCI Ltd ha ora ufficialmente pi\u00f9 di 100 anni!<\/span><\/p>\n<p class=\"p1\">A partire dal 1915, CCI Ltd Limited si \u00e8 specializzata nello stampaggio imbutito; durante la Prima e la Seconda Guerra Mondiale abbiamo prodotto le cartucce in ottone, ma oggi i nostri prodotti sono utilizzati in applicazioni sicuramente pi\u00f9 pacifiche! Dalla fine degli anni settanta, l\u2019azienda si \u00e8 specializzata nella progettazione e nella fabbricazione di sedi per cuscinetti in acciaio imbutito per rulli trasportatori in acciaio saldato, utilizzati dai nostri clienti qui nel Regno Unito e in altre parti del mondo.<\/p>\n<p><\/p>","protected":false},"excerpt":{"rendered":"<p>La nostra storia ha inizio molti anni fa: l\u2019attivit\u00e0 del nostro fondatore Benjamin Lowe fu ufficialmente riconosciuta dal re Giorgio IV nel 1826. Nel 1915, dopo 89 anni, ci siamo trasformati in una \u201cmoderna\u201d societ\u00e0 a responsabilit\u00e0 limitata e quindi CCI Ltd ha ora ufficialmente pi\u00f9 di 100 anni! A partire dal 1915, CCI Ltd [&hellip;]<\/p>\n","protected":false},"author":1,"featured_media":0,"parent":0,"menu_order":0,"comment_status":"closed","ping_status":"closed","template":"","meta":[],"_links":{"self":[{"href":"https:\/\/www.cci-limited.com\/it\/wp-json\/wp\/v2\/pages\/29"}],"collection":[{"href":"https:\/\/www.cci-limited.com\/it\/wp-json\/wp\/v2\/pages"}],"about":[{"href":"https:\/\/www.cci-limited.com\/it\/wp-json\/wp\/v2\/types\/page"}],"author":[{"embeddable":true,"href":"https:\/\/www.cci-limited.com\/it\/wp-json\/wp\/v2\/users\/1"}],"replies":[{"embeddable":true,"href":"https:\/\/www.cci-limited.com\/it\/wp-json\/wp\/v2\/comments?post=29"}],"version-history":[{"count":32,"href":"https:\/\/www.cci-limited.com\/it\/wp-json\/wp\/v2\/pages\/29\/revisions"}],"predecessor-version":[{"id":1403,"href":"https:\/\/www.cci-limited.com\/it\/wp-json\/wp\/v2\/pages\/29\/revisions\/1403"}],"wp:attachment":[{"href":"https:\/\/www.cci-limited.com\/it\/wp-json\/wp\/v2\/media?parent=29"}],"curies":[{"name":"wp","href":"https:\/\/api.w.org\/{rel}","templated":true}]}}