{"id":56,"date":"2016-03-16T14:41:42","date_gmt":"2016-03-16T14:41:42","guid":{"rendered":"http:\/\/176.32.230.43\/edwinlowe.com\/edwin\/?page_id=56"},"modified":"2022-07-20T14:40:53","modified_gmt":"2022-07-20T13:40:53","slug":"current-range-of-cartridge-specifications","status":"publish","type":"page","link":"https:\/\/www.cci-limited.com\/it\/current-range-of-cartridge-specifications\/","title":{"rendered":"Specifiche delle cartucce"},"content":{"rendered":"<p><\/p>\n<h3>Prodotti testati sul campo<\/h3>\n<p>Probabilmente, per molti produttori di rulli il concetto di sedi prefabbricate per cuscinetti per rulli (cartucce) pu\u00f2 costituire una novit\u00e0, tuttavia sono molti i clienti che ne usufruiscono in tutto il mondo da diversi anni. Ed \u00e8 per questo che la seguente gamma di cartucce \u00e8 stata provata e testata sul campo per applicazioni sia in superficie sia nel sottoterra e talvolta in ambienti estremamente ostili.<\/p>\n<h3>Specifiche personalizzate<\/h3>\n<p>Come potrete vedere, disponiamo di una gamma consolidata di componenti che sono stati testati sul campo. Tuttavia, la tecnologia che abbiamo introdotto consente di progettare specifiche alternative di sedi prefabbricate per cuscinetti (cartucce) in base alle esigenze dei nostri clienti, ad esempio per diverse specifiche di cuscinetti o di tenute. Tali specifiche alternative possono essere progettate per essere completamente intercambiabili sulla linea di produzione del rullo con la gamma standard di componenti di CCI Ltd.<\/p>\n<h3>Specifiche ISO europee<\/h3>\n<table class=\"cartridge_spec\">\n<tbody>\n<tr>\n<td colspan=\"7\"><b> Specifica Cuscinetto<\/b><\/td>\n<\/tr>\n<tr>\n<td><b>Diametro Rullo<\/b><\/td>\n<td><b>6204\/20 mm<\/b><\/td>\n<td><b>6205\/25 mm<\/b><\/td>\n<td><b>6305\/25 mm<\/b><\/td>\n<td><b>6206\/30 mm<\/b><\/td>\n<td><b>6306\/30 mm<\/b><\/td>\n<td><b>6307\/35 mm<\/b><\/td>\n<td><b>6308\/40 mm<\/b><\/td>\n<\/tr>\n<tr class=\"center\">\n<td>60mm<\/td>\n<td><img src=\"https:\/\/www.cci-limited.com\/wp-content\/uploads\/2022\/07\/tick.png\" alt=\"\" \/><\/td>\n<td><img src=\"https:\/\/www.cci-limited.com\/wp-content\/uploads\/2022\/07\/x.png\" alt=\"\" \/><\/td>\n<td><img src=\"https:\/\/www.cci-limited.com\/wp-content\/uploads\/2022\/07\/x.png\" alt=\"\" \/><\/td>\n<td><img src=\"https:\/\/www.cci-limited.com\/wp-content\/uploads\/2022\/07\/x.png\" alt=\"\" \/><\/td>\n<td><img src=\"https:\/\/www.cci-limited.com\/wp-content\/uploads\/2022\/07\/x.png\" alt=\"\" \/><\/td>\n<td><img src=\"https:\/\/www.cci-limited.com\/wp-content\/uploads\/2022\/07\/x.png\" alt=\"\" \/><\/td>\n<td><img src=\"https:\/\/www.cci-limited.com\/wp-content\/uploads\/2022\/07\/x.png\" alt=\"\" \/><\/td>\n<\/tr>\n<tr class=\"center\">\n<td>63.5mm<\/td>\n<td><img src=\"https:\/\/www.cci-limited.com\/wp-content\/uploads\/2022\/07\/tick.png\" alt=\"\" \/><\/td>\n<td><img src=\"https:\/\/www.cci-limited.com\/wp-content\/uploads\/2022\/07\/tick.png\" alt=\"\" \/><\/td>\n<td><img src=\"https:\/\/www.cci-limited.com\/wp-content\/uploads\/2022\/07\/x.png\" alt=\"\" \/><\/td>\n<td><img src=\"https:\/\/www.cci-limited.com\/wp-content\/uploads\/2022\/07\/x.png\" alt=\"\" \/><\/td>\n<td><img src=\"https:\/\/www.cci-limited.com\/wp-content\/uploads\/2022\/07\/x.png\" alt=\"\" \/><\/td>\n<td><img src=\"https:\/\/www.cci-limited.com\/wp-content\/uploads\/2022\/07\/x.png\" alt=\"\" \/><\/td>\n<td><img src=\"https:\/\/www.cci-limited.com\/wp-content\/uploads\/2022\/07\/x.png\" alt=\"\" \/><\/td>\n<\/tr>\n<tr class=\"center\">\n<td>76mm<\/td>\n<td><img src=\"https:\/\/www.cci-limited.com\/wp-content\/uploads\/2022\/07\/tick.png\" alt=\"\" \/><\/td>\n<td><img src=\"https:\/\/www.cci-limited.com\/wp-content\/uploads\/2022\/07\/tick.png\" alt=\"\" \/><\/td>\n<td><img src=\"https:\/\/www.cci-limited.com\/wp-content\/uploads\/2022\/07\/x.png\" alt=\"\" \/><\/td>\n<td><img src=\"https:\/\/www.cci-limited.com\/wp-content\/uploads\/2022\/07\/x.png\" alt=\"\" \/><\/td>\n<td><img src=\"https:\/\/www.cci-limited.com\/wp-content\/uploads\/2022\/07\/x.png\" alt=\"\" \/><\/td>\n<td><img src=\"https:\/\/www.cci-limited.com\/wp-content\/uploads\/2022\/07\/x.png\" alt=\"\" \/><\/td>\n<td><img src=\"https:\/\/www.cci-limited.com\/wp-content\/uploads\/2022\/07\/x.png\" alt=\"\" \/><\/td>\n<\/tr>\n<tr class=\"center\">\n<td>89mm<\/td>\n<td><img src=\"https:\/\/www.cci-limited.com\/wp-content\/uploads\/2022\/07\/tick.png\" alt=\"\" \/><\/td>\n<td><img src=\"https:\/\/www.cci-limited.com\/wp-content\/uploads\/2022\/07\/tick.png\" alt=\"\" \/><\/td>\n<td><img src=\"https:\/\/www.cci-limited.com\/wp-content\/uploads\/2022\/07\/x.png\" alt=\"\" \/><\/td>\n<td><img src=\"https:\/\/www.cci-limited.com\/wp-content\/uploads\/2022\/07\/x.png\" alt=\"\" \/><\/td>\n<td><img src=\"https:\/\/www.cci-limited.com\/wp-content\/uploads\/2022\/07\/x.png\" alt=\"\" \/><\/td>\n<td><img src=\"https:\/\/www.cci-limited.com\/wp-content\/uploads\/2022\/07\/x.png\" alt=\"\" \/><\/td>\n<td><img src=\"https:\/\/www.cci-limited.com\/wp-content\/uploads\/2022\/07\/x.png\" alt=\"\" \/><\/td>\n<\/tr>\n<tr class=\"center\">\n<td>102mm<\/td>\n<td><img src=\"https:\/\/www.cci-limited.com\/wp-content\/uploads\/2022\/07\/tick.png\" alt=\"\" \/><\/td>\n<td><img src=\"https:\/\/www.cci-limited.com\/wp-content\/uploads\/2022\/07\/tick.png\" alt=\"\" \/><\/td>\n<td><img src=\"https:\/\/www.cci-limited.com\/wp-content\/uploads\/2022\/07\/x.png\" alt=\"\" \/><\/td>\n<td><img src=\"https:\/\/www.cci-limited.com\/wp-content\/uploads\/2022\/07\/x.png\" alt=\"\" \/><\/td>\n<td><img src=\"https:\/\/www.cci-limited.com\/wp-content\/uploads\/2022\/07\/x.png\" alt=\"\" \/><\/td>\n<td><img src=\"https:\/\/www.cci-limited.com\/wp-content\/uploads\/2022\/07\/x.png\" alt=\"\" \/><\/td>\n<td><img src=\"https:\/\/www.cci-limited.com\/wp-content\/uploads\/2022\/07\/x.png\" alt=\"\" \/><\/td>\n<\/tr>\n<tr class=\"center\">\n<td>108mm<\/td>\n<td><img src=\"https:\/\/www.cci-limited.com\/wp-content\/uploads\/2022\/07\/tick.png\" alt=\"\" \/><\/td>\n<td><img src=\"https:\/\/www.cci-limited.com\/wp-content\/uploads\/2022\/07\/tick.png\" alt=\"\" \/><\/td>\n<td><img src=\"https:\/\/www.cci-limited.com\/wp-content\/uploads\/2022\/07\/tick.png\" alt=\"\" \/><\/td>\n<td><img src=\"https:\/\/www.cci-limited.com\/wp-content\/uploads\/2022\/07\/tick.png\" alt=\"\" \/><\/td>\n<td><img src=\"https:\/\/www.cci-limited.com\/wp-content\/uploads\/2022\/07\/tick.png\" alt=\"\" \/><\/td>\n<td><img src=\"https:\/\/www.cci-limited.com\/wp-content\/uploads\/2022\/07\/x.png\" alt=\"\" \/><\/td>\n<td><img src=\"https:\/\/www.cci-limited.com\/wp-content\/uploads\/2022\/07\/x.png\" alt=\"\" \/><\/td>\n<\/tr>\n<tr class=\"center\">\n<td>114mm<\/td>\n<td><img src=\"https:\/\/www.cci-limited.com\/wp-content\/uploads\/2022\/07\/tick.png\" alt=\"\" \/><\/td>\n<td><img src=\"https:\/\/www.cci-limited.com\/wp-content\/uploads\/2022\/07\/tick.png\" alt=\"\" \/><\/td>\n<td><img src=\"https:\/\/www.cci-limited.com\/wp-content\/uploads\/2022\/07\/x.png\" alt=\"\" \/><\/td>\n<td><img src=\"https:\/\/www.cci-limited.com\/wp-content\/uploads\/2022\/07\/x.png\" alt=\"\" \/><\/td>\n<td><img src=\"https:\/\/www.cci-limited.com\/wp-content\/uploads\/2022\/07\/x.png\" alt=\"\" \/><\/td>\n<td><img src=\"https:\/\/www.cci-limited.com\/wp-content\/uploads\/2022\/07\/x.png\" alt=\"\" \/><\/td>\n<td><img src=\"https:\/\/www.cci-limited.com\/wp-content\/uploads\/2022\/07\/x.png\" alt=\"\" \/><\/td>\n<\/tr>\n<tr class=\"center\">\n<td>127mm<\/td>\n<td><img src=\"https:\/\/www.cci-limited.com\/wp-content\/uploads\/2022\/07\/tick.png\" alt=\"\" \/><\/td>\n<td><img src=\"https:\/\/www.cci-limited.com\/wp-content\/uploads\/2022\/07\/tick.png\" alt=\"\" \/><\/td>\n<td><img src=\"https:\/\/www.cci-limited.com\/wp-content\/uploads\/2022\/07\/tick.png\" alt=\"\" \/><\/td>\n<td><img src=\"https:\/\/www.cci-limited.com\/wp-content\/uploads\/2022\/07\/tick.png\" alt=\"\" \/><\/td>\n<td><img src=\"https:\/\/www.cci-limited.com\/wp-content\/uploads\/2022\/07\/tick.png\" alt=\"\" \/><\/td>\n<td><img src=\"https:\/\/www.cci-limited.com\/wp-content\/uploads\/2022\/07\/tick.png\" alt=\"\" \/><\/td>\n<td><img src=\"https:\/\/www.cci-limited.com\/wp-content\/uploads\/2022\/07\/x.png\" alt=\"\" \/><\/td>\n<\/tr>\n<tr class=\"center\">\n<td>133mm<\/td>\n<td><img src=\"https:\/\/www.cci-limited.com\/wp-content\/uploads\/2022\/07\/tick.png\" alt=\"\" \/><\/td>\n<td><img src=\"https:\/\/www.cci-limited.com\/wp-content\/uploads\/2022\/07\/tick.png\" alt=\"\" \/><\/td>\n<td><img src=\"https:\/\/www.cci-limited.com\/wp-content\/uploads\/2022\/07\/tick.png\" alt=\"\" \/><\/td>\n<td><img src=\"https:\/\/www.cci-limited.com\/wp-content\/uploads\/2022\/07\/tick.png\" alt=\"\" \/><\/td>\n<td><img src=\"https:\/\/www.cci-limited.com\/wp-content\/uploads\/2022\/07\/tick.png\" alt=\"\" \/><\/td>\n<td><img src=\"https:\/\/www.cci-limited.com\/wp-content\/uploads\/2022\/07\/x.png\" alt=\"\" \/><\/td>\n<td><img src=\"https:\/\/www.cci-limited.com\/wp-content\/uploads\/2022\/07\/x.png\" alt=\"\" \/><\/td>\n<\/tr>\n<tr class=\"center\">\n<td>139mm<\/td>\n<td><img src=\"https:\/\/www.cci-limited.com\/wp-content\/uploads\/2022\/07\/x.png\" alt=\"\" \/><\/td>\n<td><img src=\"https:\/\/www.cci-limited.com\/wp-content\/uploads\/2022\/07\/x.png\" alt=\"\" \/><\/td>\n<td><img src=\"https:\/\/www.cci-limited.com\/wp-content\/uploads\/2022\/07\/tick.png\" alt=\"\" \/><\/td>\n<td><img src=\"https:\/\/www.cci-limited.com\/wp-content\/uploads\/2022\/07\/tick.png\" alt=\"\" \/><\/td>\n<td><img src=\"https:\/\/www.cci-limited.com\/wp-content\/uploads\/2022\/07\/x.png\" alt=\"\" \/><\/td>\n<td><img src=\"https:\/\/www.cci-limited.com\/wp-content\/uploads\/2022\/07\/x.png\" alt=\"\" \/><\/td>\n<td><img src=\"https:\/\/www.cci-limited.com\/wp-content\/uploads\/2022\/07\/x.png\" alt=\"\" \/><\/td>\n<\/tr>\n<tr class=\"center\">\n<td>152mm<\/td>\n<td><img src=\"https:\/\/www.cci-limited.com\/wp-content\/uploads\/2022\/07\/x.png\" alt=\"\" \/><\/td>\n<td><img src=\"https:\/\/www.cci-limited.com\/wp-content\/uploads\/2022\/07\/tick.png\" alt=\"\" \/><\/td>\n<td><img src=\"https:\/\/www.cci-limited.com\/wp-content\/uploads\/2022\/07\/tick.png\" alt=\"\" \/><\/td>\n<td><img src=\"https:\/\/www.cci-limited.com\/wp-content\/uploads\/2022\/07\/tick.png\" alt=\"\" \/><\/td>\n<td><img src=\"https:\/\/www.cci-limited.com\/wp-content\/uploads\/2022\/07\/tick.png\" alt=\"\" \/><\/td>\n<td><img src=\"https:\/\/www.cci-limited.com\/wp-content\/uploads\/2022\/07\/tick.png\" alt=\"\" \/><\/td>\n<td><img src=\"https:\/\/www.cci-limited.com\/wp-content\/uploads\/2022\/07\/tick.png\" alt=\"\" \/><\/td>\n<\/tr>\n<tr class=\"center\">\n<td>159mm<\/td>\n<td><img src=\"https:\/\/www.cci-limited.com\/wp-content\/uploads\/2022\/07\/x.png\" alt=\"\" \/><\/td>\n<td><img src=\"https:\/\/www.cci-limited.com\/wp-content\/uploads\/2022\/07\/tick.png\" alt=\"\" \/><\/td>\n<td><img src=\"https:\/\/www.cci-limited.com\/wp-content\/uploads\/2022\/07\/tick.png\" alt=\"\" \/><\/td>\n<td><img src=\"https:\/\/www.cci-limited.com\/wp-content\/uploads\/2022\/07\/tick.png\" alt=\"\" \/><\/td>\n<td><img src=\"https:\/\/www.cci-limited.com\/wp-content\/uploads\/2022\/07\/tick.png\" alt=\"\" \/><\/td>\n<td><img src=\"https:\/\/www.cci-limited.com\/wp-content\/uploads\/2022\/07\/x.png\" alt=\"\" \/><\/td>\n<td><img src=\"https:\/\/www.cci-limited.com\/wp-content\/uploads\/2022\/07\/x.png\" alt=\"\" \/><\/td>\n<\/tr>\n<tr class=\"center\">\n<td>168mm<\/td>\n<td><img src=\"https:\/\/www.cci-limited.com\/wp-content\/uploads\/2022\/07\/x.png\" alt=\"\" \/><\/td>\n<td><img src=\"https:\/\/www.cci-limited.com\/wp-content\/uploads\/2022\/07\/tick.png\" alt=\"\" \/><\/td>\n<td><img src=\"https:\/\/www.cci-limited.com\/wp-content\/uploads\/2022\/07\/x.png\" alt=\"\" \/><\/td>\n<td><img src=\"https:\/\/www.cci-limited.com\/wp-content\/uploads\/2022\/07\/x.png\" alt=\"\" \/><\/td>\n<td><img src=\"https:\/\/www.cci-limited.com\/wp-content\/uploads\/2022\/07\/x.png\" alt=\"\" \/><\/td>\n<td><img src=\"https:\/\/www.cci-limited.com\/wp-content\/uploads\/2022\/07\/tick.png\" alt=\"\" \/><\/td>\n<td><img src=\"https:\/\/www.cci-limited.com\/wp-content\/uploads\/2022\/07\/x.png\" alt=\"\" \/><\/td>\n<\/tr>\n<tr class=\"center\">\n<td>178mm<\/td>\n<td><img src=\"https:\/\/www.cci-limited.com\/wp-content\/uploads\/2022\/07\/x.png\" alt=\"\" \/><\/td>\n<td><img src=\"https:\/\/www.cci-limited.com\/wp-content\/uploads\/2022\/07\/x.png\" alt=\"\" \/><\/td>\n<td><img src=\"https:\/\/www.cci-limited.com\/wp-content\/uploads\/2022\/07\/x.png\" alt=\"\" \/><\/td>\n<td><img src=\"https:\/\/www.cci-limited.com\/wp-content\/uploads\/2022\/07\/x.png\" alt=\"\" \/><\/td>\n<td><img src=\"https:\/\/www.cci-limited.com\/wp-content\/uploads\/2022\/07\/x.png\" alt=\"\" \/><\/td>\n<td><img src=\"https:\/\/www.cci-limited.com\/wp-content\/uploads\/2022\/07\/tick.png\" alt=\"\" \/><\/td>\n<td><img src=\"https:\/\/www.cci-limited.com\/wp-content\/uploads\/2022\/07\/x.png\" alt=\"\" \/><\/td>\n<\/tr>\n<tr class=\"center\">\n<td>178mm<\/td>\n<td><img src=\"https:\/\/www.cci-limited.com\/wp-content\/uploads\/2022\/07\/x.png\" alt=\"\" \/><\/td>\n<td><img src=\"https:\/\/www.cci-limited.com\/wp-content\/uploads\/2022\/07\/x.png\" alt=\"\" \/><\/td>\n<td><img src=\"https:\/\/www.cci-limited.com\/wp-content\/uploads\/2022\/07\/x.png\" alt=\"\" \/><\/td>\n<td><img src=\"https:\/\/www.cci-limited.com\/wp-content\/uploads\/2022\/07\/x.png\" alt=\"\" \/><\/td>\n<td><img src=\"https:\/\/www.cci-limited.com\/wp-content\/uploads\/2022\/07\/x.png\" alt=\"\" \/><\/td>\n<td><img src=\"https:\/\/www.cci-limited.com\/wp-content\/uploads\/2022\/07\/x.png\" alt=\"\" \/><\/td>\n<td><img src=\"https:\/\/www.cci-limited.com\/wp-content\/uploads\/2022\/07\/tick.png\" alt=\"\" \/><\/td>\n<\/tr>\n<\/tbody>\n<\/table>\n<h3>Specifiche nordamericane CEMA<\/h3>\n<table class=\"cartridge_spec\">\n<tbody>\n<tr>\n<td><\/td>\n<td colspan=\"6\"><b> Specifica cuscinetto<\/b><\/td>\n<\/tr>\n<tr>\n<td><b>Diametro rullo<\/b><\/td>\n<td><b>6204\/20 mm<br \/>\n(CEMA B)<\/b><\/td>\n<td><b>6205\/25 mm<br \/>\n(CEMA C)<\/b><\/td>\n<td><b>6305\/25 mm<br \/>\n(CEMA D)<\/b><\/td>\n<td><b>6306\/30 mm<br \/>\n(CEMA E)<\/b><\/td>\n<td><b>6307\/35 mm<br \/>\n(CEMA E+)<\/b><\/td>\n<td><b>6308\/40 mm<br \/>\n(CEMA F)<\/b><\/td>\n<\/tr>\n<tr class=\"center\">\n<td>4.0 inch<\/td>\n<td><img src=\"https:\/\/www.cci-limited.com\/wp-content\/uploads\/2022\/07\/tick.png\" alt=\"\" \/><\/td>\n<td><img src=\"https:\/\/www.cci-limited.com\/wp-content\/uploads\/2022\/07\/tick.png\" alt=\"\" \/><\/td>\n<td><img src=\"https:\/\/www.cci-limited.com\/wp-content\/uploads\/2022\/07\/x.png\" alt=\"\" \/><\/td>\n<td><img src=\"https:\/\/www.cci-limited.com\/wp-content\/uploads\/2022\/07\/x.png\" alt=\"\" \/><\/td>\n<td><img src=\"https:\/\/www.cci-limited.com\/wp-content\/uploads\/2022\/07\/x.png\" alt=\"\" \/><\/td>\n<td><img src=\"https:\/\/www.cci-limited.com\/wp-content\/uploads\/2022\/07\/x.png\" alt=\"\" \/><\/td>\n<\/tr>\n<tr class=\"center\">\n<td>5.0 inch<\/td>\n<td><img src=\"https:\/\/www.cci-limited.com\/wp-content\/uploads\/2022\/07\/tick.png\" alt=\"\" \/><\/td>\n<td><img src=\"https:\/\/www.cci-limited.com\/wp-content\/uploads\/2022\/07\/tick.png\" alt=\"\" \/><\/td>\n<td><img src=\"https:\/\/www.cci-limited.com\/wp-content\/uploads\/2022\/07\/tick.png\" alt=\"\" \/><\/td>\n<td><img src=\"https:\/\/www.cci-limited.com\/wp-content\/uploads\/2022\/07\/tick.png\" alt=\"\" \/><\/td>\n<td><img src=\"https:\/\/www.cci-limited.com\/wp-content\/uploads\/2022\/07\/tick.png\" alt=\"\" \/><\/td>\n<td><img src=\"https:\/\/www.cci-limited.com\/wp-content\/uploads\/2022\/07\/x.png\" alt=\"\" \/><\/td>\n<\/tr>\n<tr class=\"center\">\n<td>6.0 inch<\/td>\n<td><img src=\"https:\/\/www.cci-limited.com\/wp-content\/uploads\/2022\/07\/x.png\" alt=\"\" \/><\/td>\n<td><img src=\"https:\/\/www.cci-limited.com\/wp-content\/uploads\/2022\/07\/tick.png\" alt=\"\" \/><\/td>\n<td><img src=\"https:\/\/www.cci-limited.com\/wp-content\/uploads\/2022\/07\/tick.png\" alt=\"\" \/><\/td>\n<td><img src=\"https:\/\/www.cci-limited.com\/wp-content\/uploads\/2022\/07\/tick.png\" alt=\"\" \/><\/td>\n<td><img src=\"https:\/\/www.cci-limited.com\/wp-content\/uploads\/2022\/07\/tick.png\" alt=\"\" \/><\/td>\n<td><img src=\"https:\/\/www.cci-limited.com\/wp-content\/uploads\/2022\/07\/tick.png\" alt=\"\" \/><\/td>\n<\/tr>\n<tr class=\"center\">\n<td>7.0 inch<\/td>\n<td><img src=\"https:\/\/www.cci-limited.com\/wp-content\/uploads\/2022\/07\/x.png\" alt=\"\" \/><\/td>\n<td><img src=\"https:\/\/www.cci-limited.com\/wp-content\/uploads\/2022\/07\/x.png\" alt=\"\" \/><\/td>\n<td><img src=\"https:\/\/www.cci-limited.com\/wp-content\/uploads\/2022\/07\/x.png\" alt=\"\" \/><\/td>\n<td><img src=\"https:\/\/www.cci-limited.com\/wp-content\/uploads\/2022\/07\/x.png\" alt=\"\" \/><\/td>\n<td><img src=\"https:\/\/www.cci-limited.com\/wp-content\/uploads\/2022\/07\/tick.png\" alt=\"\" \/><\/td>\n<td><img src=\"https:\/\/www.cci-limited.com\/wp-content\/uploads\/2022\/07\/tick.png\" alt=\"\" \/><\/td>\n<\/tr>\n<tr class=\"center\">\n<td>8.0 inch<\/td>\n<td><img src=\"https:\/\/www.cci-limited.com\/wp-content\/uploads\/2022\/07\/x.png\" alt=\"\" \/><\/td>\n<td><img src=\"https:\/\/www.cci-limited.com\/wp-content\/uploads\/2022\/07\/x.png\" alt=\"\" \/><\/td>\n<td><img src=\"https:\/\/www.cci-limited.com\/wp-content\/uploads\/2022\/07\/x.png\" alt=\"\" \/><\/td>\n<td><img src=\"https:\/\/www.cci-limited.com\/wp-content\/uploads\/2022\/07\/x.png\" alt=\"\" \/><\/td>\n<td><img src=\"https:\/\/www.cci-limited.com\/wp-content\/uploads\/2022\/07\/x.png\" alt=\"\" \/><\/td>\n<td><img src=\"https:\/\/www.cci-limited.com\/wp-content\/uploads\/2022\/07\/tick.png\" alt=\"\" \/><\/td>\n<\/tr>\n<\/tbody>\n<\/table>\n<h3>Nota &#8211; Diversi Diametri dei rulli<\/h3>\n<p>Come potete osservare dalle tabelle ISO\/CEMA, CCI Ltd produce una serie di componenti standard adatti a diametri internazionali standard del tubo del rullo. Tuttavia, se necessario \u00e8 possibile produrre la maggior parte delle cartucce indicate sopra, adatte a diversi diametri del rullo. Si tratta semplicemente di assicurarsi che l&#8217;apposito attrezzo di produzione sia correttamente posizionato prima della fabbricazione.<\/p>","protected":false},"excerpt":{"rendered":"<p>Prodotti testati sul campo Probabilmente, per molti produttori di rulli il concetto di sedi prefabbricate per cuscinetti per rulli (cartucce) pu\u00f2 costituire una novit\u00e0, tuttavia sono molti i clienti che ne usufruiscono in tutto il mondo da diversi anni. Ed \u00e8 per questo che la seguente gamma di cartucce \u00e8 stata provata e testata sul [&hellip;]<\/p>\n","protected":false},"author":1,"featured_media":0,"parent":0,"menu_order":0,"comment_status":"closed","ping_status":"closed","template":"page-full.php","meta":[],"_links":{"self":[{"href":"https:\/\/www.cci-limited.com\/it\/wp-json\/wp\/v2\/pages\/56"}],"collection":[{"href":"https:\/\/www.cci-limited.com\/it\/wp-json\/wp\/v2\/pages"}],"about":[{"href":"https:\/\/www.cci-limited.com\/it\/wp-json\/wp\/v2\/types\/page"}],"author":[{"embeddable":true,"href":"https:\/\/www.cci-limited.com\/it\/wp-json\/wp\/v2\/users\/1"}],"replies":[{"embeddable":true,"href":"https:\/\/www.cci-limited.com\/it\/wp-json\/wp\/v2\/comments?post=56"}],"version-history":[{"count":62,"href":"https:\/\/www.cci-limited.com\/it\/wp-json\/wp\/v2\/pages\/56\/revisions"}],"predecessor-version":[{"id":1374,"href":"https:\/\/www.cci-limited.com\/it\/wp-json\/wp\/v2\/pages\/56\/revisions\/1374"}],"wp:attachment":[{"href":"https:\/\/www.cci-limited.com\/it\/wp-json\/wp\/v2\/media?parent=56"}],"curies":[{"name":"wp","href":"https:\/\/api.w.org\/{rel}","templated":true}]}}