{"id":78,"date":"2016-03-24T08:24:51","date_gmt":"2016-03-24T08:24:51","guid":{"rendered":"http:\/\/176.32.230.43\/edwinlowe.com\/edwin\/?page_id=78"},"modified":"2017-11-26T16:01:06","modified_gmt":"2017-11-26T16:01:06","slug":"ultimate-reliability","status":"publish","type":"page","link":"https:\/\/www.cci-limited.com\/it\/ultimate-reliability\/","title":{"rendered":"ASSOLUTA AFFIDABILIT\u00c0 DEI RULLI TRASPORTATORI"},"content":{"rendered":"<p><strong>OSSERVAZIONI SULLA DURATA DI PROGETTO DELLE<\/strong><br \/>\n<strong>SEDI PREFABBRICATE DEI CUSCINETTI A SFERA (CARTUCCE)<\/strong><br \/>\n<strong>OSSERVAZIONI PRELIMINARI<\/strong><br \/>\nIl concetto originale alla base della sede prefabbricata dei cuscinetti a sfere (cartuccia) per rulli in acciaio saldato \u00e8 stato sviluppato da CCI Ltd verso la met\u00e0 degli anni ottanta, in ottemperanza alle direttive dell\u2019azienda statale British Coal. Il progetto era destinato all\u2019utilizzo nei sistemi di movimentazione, sottoterra e in superficie, della British Coal presenti sul territorio del Regno Unito, sia per l\u2019attivit\u00e0 mineraria sia per lo stoccaggio del carbone.<\/p>\n<p><strong>DURATA DI PROGETTO DEL RULLO\/DURATA DI PROGETTO DELLA CARTUCCIA<\/strong><br \/>\nAll\u2019epoca, British Coal stimava che la durata di progetto\/servizio minima di un rullo facente parte dei propri nastri trasportatori si aggirasse intorno alle 26.000 ore di esercizio (tre anni). CCI Ltd adott\u00f2, pertanto, la stessa specifica come requisito minimo per la nuova gamma di sedi prefabbricate dei cuscinetti a sfere.<\/p>\n<p><strong>SISTEMA DI TENUTA DEDICATO<\/strong><br \/>\nPer raggiungere questo obiettivo, CCI Ltd prese il concetto esistente, basato sulla tenuta a labbro, e lo riprogett\u00f2 per realizzare il primo prototipo dell\u2019ormai vasta gamma di tenute a contatto con l\u2019albero a tre labbra in poliuretano. Il poliuretano \u00e8 un materiale molto duro e resistente all\u2019usura. Resiste molto bene alle abrasioni e all\u2019usura in generale: \u00e8 persino pi\u00f9 duro della superficie in acciaio dell\u2019albero stesso!<\/p>\n<p>L\u2019ultima generazione di questo tipo di tenuta \u00e8 diventata il progetto standard per tutta la gamma aziendale di unit\u00e0 di cuscinetti a sfere destinate a impieghi industriali ed \u00e8 incredibilmente efficace e resistente sia ai contaminanti secchi, sia a quelli liquidi.<\/p>\n<p><strong>NESSUNA NECESSIT\u00c0 DI MANUTENZIONE<\/strong><br \/>\nTutte le nostre sedi di cuscinetti (o cartucce) sono sigillate ed autonome: non \u00e8 necessaria alcuna altra forma di manutenzione durante la vita di servizio del rullo. Ci\u00f2 consente ai nostri clienti di ridurre i costi di funzionamento e manutenzione per i sistemi di rulli trasportatori fabbricati con queste cartucce.<\/p>\n<p><strong>EFFETTIVA ESPERIENZA SUL CAMPO<\/strong><br \/>\nNaturalmente, solo l\u2019effettiva esperienza sul campo pu\u00f2 dimostrare a un utente finale (in questo caso il produttore di rulli) se un nuovo concetto di progettazione \u00e8 efficace e funziona nel migliore dei modi. Per riassumere, non solo il requisito di tre anni di vita di progetto \u00e8 stato raggiunto e persino superato,  ma entro la fine degli anni ottanta e gli inizi degli anni novanta, la gamma di sedi prefabbricate dei cuscinetti a sfere (o cartucce) CCI Ltd non solo ha preso piede con successo nel Regno Unito, ma ha anche iniziato a stabilire nuovi standard nei mercati d\u2019oltremare, con sempre pi\u00f9 produttori di rulli che hanno deciso di adottare questa tecnologia.<\/p>\n<p>EDWIN LOWE LTD, BIRMINGHAM, UK &#8211; OSSERVAZIONI SULLA DURATA DI PROGETTO DELLE SEDI PREFABBRICATE DEI CUSCINETTI A SFERA (CARTUCCE)<\/p>\n<p><strong>AUMENTO DELL\u2019ASPETTATIVA DI VITA<\/strong><br \/>\nNegli ultimi vent\u2019anni, durante i quali abbiamo aiutato i produttori di rulli di tutto il mondo a migliorare o modernizzare le proprie linee di produzione, ci sono giunti numerosissimi commenti dai clienti sulle effettive prestazioni dei rulli fabbricati con queste cartucce.<\/p>\n<p>Gli ambienti operativi testati sono stati dei pi\u00f9 vari, da quelli con temperature ambientali molto basse (ad esempio nel Circolo Polare Artico) a quelli con temperature molto elevate (deserto nordafricano), cos\u00ec come lo sono stati i tipi di applicazioni, dalle miniere di oro e carbone alle cave, dai cementifici ai sistemi di movimentazione portuali, ecc.<\/p>\n<p>In base a tutti i dati ricevuti sinora, possiamo affermare che da un rullo fabbricato con queste cartucce ci si pu\u00f2 aspettare una vita minima di servizio di almeno 50.000 ore, a patto che il rullo sia fabbricato nel modo corretto, installato nel modo corretto e utilizzato nel modo corretto dall\u2019utente finale.<\/p>\n<p>Le esperienze vissute dai nostri clienti dimostrano che, in realt\u00e0, l\u2019aspettativa di vita \u00e8 ben superiore, ma molto dipende, naturalmente, dalla precisione con cui si svolge il processo produttivo di ogni singolo rullo e dall\u2019efficienza operativa dell\u2019utente finale.<\/p>","protected":false},"excerpt":{"rendered":"<p>OSSERVAZIONI SULLA DURATA DI PROGETTO DELLE SEDI PREFABBRICATE DEI CUSCINETTI A SFERA (CARTUCCE) OSSERVAZIONI PRELIMINARI Il concetto originale alla base della sede prefabbricata dei cuscinetti a sfere (cartuccia) per rulli in acciaio saldato \u00e8 stato sviluppato da CCI Ltd verso la met\u00e0 degli anni ottanta, in ottemperanza alle direttive dell\u2019azienda statale British Coal. Il progetto [&hellip;]<\/p>\n","protected":false},"author":1,"featured_media":0,"parent":0,"menu_order":0,"comment_status":"closed","ping_status":"closed","template":"","meta":[],"_links":{"self":[{"href":"https:\/\/www.cci-limited.com\/it\/wp-json\/wp\/v2\/pages\/78"}],"collection":[{"href":"https:\/\/www.cci-limited.com\/it\/wp-json\/wp\/v2\/pages"}],"about":[{"href":"https:\/\/www.cci-limited.com\/it\/wp-json\/wp\/v2\/types\/page"}],"author":[{"embeddable":true,"href":"https:\/\/www.cci-limited.com\/it\/wp-json\/wp\/v2\/users\/1"}],"replies":[{"embeddable":true,"href":"https:\/\/www.cci-limited.com\/it\/wp-json\/wp\/v2\/comments?post=78"}],"version-history":[{"count":15,"href":"https:\/\/www.cci-limited.com\/it\/wp-json\/wp\/v2\/pages\/78\/revisions"}],"predecessor-version":[{"id":1223,"href":"https:\/\/www.cci-limited.com\/it\/wp-json\/wp\/v2\/pages\/78\/revisions\/1223"}],"wp:attachment":[{"href":"https:\/\/www.cci-limited.com\/it\/wp-json\/wp\/v2\/media?parent=78"}],"curies":[{"name":"wp","href":"https:\/\/api.w.org\/{rel}","templated":true}]}}