{"id":29,"date":"2016-02-22T06:35:06","date_gmt":"2016-02-22T06:35:06","guid":{"rendered":"http:\/\/176.32.230.43\/edwinlowe.com\/edwin\/?page_id=29"},"modified":"2022-07-20T15:09:21","modified_gmt":"2022-07-20T14:09:21","slug":"company-history","status":"publish","type":"page","link":"https:\/\/www.cci-limited.com\/pt\/company-history\/","title":{"rendered":"Hist\u00f3ria da empresa"},"content":{"rendered":"<p><\/p>\n<p class=\"p1\">A hist\u00f3ria da CCI Ltd data de 1826, quando o pr\u00f3prio rei George VI concedeu o alvar\u00e1 de funcionamento ao seu fundador, Benjamin Lowe. Tornou-se um sociedade limitada \u201cmoderna\u201d 89 anos mais tarde, constitu\u00edda em 1915. <span class=\"s1\">Assim, a CCI Ltd tem oficialmente mais de um s\u00e9culo de hist\u00f3ria!\u201d<\/span><\/p>\n<p class=\"p1\">Desde 1915, a CCI Ltd Limited se especializou em estampagem profunda. Produzimos c\u00e1psulas de bronze para muni\u00e7\u00e3o, por exemplo, durante a 1\u00aa e a 2\u00aa Guerras Mundiais, embora hoje, \u00e9 claro, nossos produtos tenham finalidades muito mais pac\u00edficas! Desde o final da d\u00e9cada de 1970, a empresa se especializou no projeto e fabrica\u00e7\u00e3o de mancais em a\u00e7o por estampagem profunda para roletes em a\u00e7o soldado para transportadores, usados por clientes no Reino Unido e no exterior.<\/p>\n<p><\/p>","protected":false},"excerpt":{"rendered":"<p>A hist\u00f3ria da CCI Ltd data de 1826, quando o pr\u00f3prio rei George VI concedeu o alvar\u00e1 de funcionamento ao seu fundador, Benjamin Lowe. Tornou-se um sociedade limitada \u201cmoderna\u201d 89 anos mais tarde, constitu\u00edda em 1915. Assim, a CCI Ltd tem oficialmente mais de um s\u00e9culo de hist\u00f3ria!\u201d Desde 1915, a CCI Ltd Limited se [&hellip;]<\/p>\n","protected":false},"author":1,"featured_media":0,"parent":0,"menu_order":0,"comment_status":"closed","ping_status":"closed","template":"","meta":[],"_links":{"self":[{"href":"https:\/\/www.cci-limited.com\/pt\/wp-json\/wp\/v2\/pages\/29"}],"collection":[{"href":"https:\/\/www.cci-limited.com\/pt\/wp-json\/wp\/v2\/pages"}],"about":[{"href":"https:\/\/www.cci-limited.com\/pt\/wp-json\/wp\/v2\/types\/page"}],"author":[{"embeddable":true,"href":"https:\/\/www.cci-limited.com\/pt\/wp-json\/wp\/v2\/users\/1"}],"replies":[{"embeddable":true,"href":"https:\/\/www.cci-limited.com\/pt\/wp-json\/wp\/v2\/comments?post=29"}],"version-history":[{"count":32,"href":"https:\/\/www.cci-limited.com\/pt\/wp-json\/wp\/v2\/pages\/29\/revisions"}],"predecessor-version":[{"id":1403,"href":"https:\/\/www.cci-limited.com\/pt\/wp-json\/wp\/v2\/pages\/29\/revisions\/1403"}],"wp:attachment":[{"href":"https:\/\/www.cci-limited.com\/pt\/wp-json\/wp\/v2\/media?parent=29"}],"curies":[{"name":"wp","href":"https:\/\/api.w.org\/{rel}","templated":true}]}}