{"id":4,"date":"2016-02-17T17:33:06","date_gmt":"2016-02-17T17:33:06","guid":{"rendered":"http:\/\/176.32.230.43\/edwinlowe.com\/edwin\/?page_id=4"},"modified":"2022-07-20T15:07:16","modified_gmt":"2022-07-20T14:07:16","slug":"home","status":"publish","type":"page","link":"https:\/\/www.cci-limited.com\/pt\/","title":{"rendered":"Home"},"content":{"rendered":"<p>A CCI Ltd \u00e9 a \u00fanica fabricante especialista brit\u00e2nica de caixas de rolamento em a\u00e7o prensado para transportadores, utilizadas em sistemas de transporte para manipula\u00e7\u00e3o a granel.<br \/>\nA empresa tamb\u00e9m projetou e fabricou uma nova s\u00e9rie de componentes que apresentou uma nova tecnologia \u00e0 ind\u00fastria, sendo respons\u00e1vel pelas melhorias significativas das t\u00e9cnicas de fabrica\u00e7\u00e3o de roletes atuais.<br \/>\n<\/p>","protected":false},"excerpt":{"rendered":"<p>A CCI Ltd \u00e9 a \u00fanica fabricante especialista brit\u00e2nica de caixas de rolamento em a\u00e7o prensado para transportadores, utilizadas em sistemas de transporte para manipula\u00e7\u00e3o a granel. A empresa tamb\u00e9m projetou e fabricou uma nova s\u00e9rie de componentes que apresentou uma nova tecnologia \u00e0 ind\u00fastria, sendo respons\u00e1vel pelas melhorias significativas das t\u00e9cnicas de fabrica\u00e7\u00e3o de [&hellip;]<\/p>\n","protected":false},"author":1,"featured_media":0,"parent":0,"menu_order":0,"comment_status":"closed","ping_status":"closed","template":"page-home.php","meta":[],"_links":{"self":[{"href":"https:\/\/www.cci-limited.com\/pt\/wp-json\/wp\/v2\/pages\/4"}],"collection":[{"href":"https:\/\/www.cci-limited.com\/pt\/wp-json\/wp\/v2\/pages"}],"about":[{"href":"https:\/\/www.cci-limited.com\/pt\/wp-json\/wp\/v2\/types\/page"}],"author":[{"embeddable":true,"href":"https:\/\/www.cci-limited.com\/pt\/wp-json\/wp\/v2\/users\/1"}],"replies":[{"embeddable":true,"href":"https:\/\/www.cci-limited.com\/pt\/wp-json\/wp\/v2\/comments?post=4"}],"version-history":[{"count":211,"href":"https:\/\/www.cci-limited.com\/pt\/wp-json\/wp\/v2\/pages\/4\/revisions"}],"predecessor-version":[{"id":1402,"href":"https:\/\/www.cci-limited.com\/pt\/wp-json\/wp\/v2\/pages\/4\/revisions\/1402"}],"wp:attachment":[{"href":"https:\/\/www.cci-limited.com\/pt\/wp-json\/wp\/v2\/media?parent=4"}],"curies":[{"name":"wp","href":"https:\/\/api.w.org\/{rel}","templated":true}]}}