{"id":56,"date":"2016-03-16T14:41:42","date_gmt":"2016-03-16T14:41:42","guid":{"rendered":"http:\/\/176.32.230.43\/edwinlowe.com\/edwin\/?page_id=56"},"modified":"2022-07-20T14:40:53","modified_gmt":"2022-07-20T13:40:53","slug":"current-range-of-cartridge-specifications","status":"publish","type":"page","link":"https:\/\/www.cci-limited.com\/pt\/current-range-of-cartridge-specifications\/","title":{"rendered":"Especifica\u00e7\u00f5es de cartucho"},"content":{"rendered":"<p><\/p>\n<h3>Estabelecido no setor<\/h3>\n<p> Embora o conceito de conjuntos de caixa de rolamento pr\u00e9-fabricada (cartuchos) seja novo para muitos fabricantes de roletes em v\u00e1rios pa\u00edses, trata-se de um conceito j\u00e1 bem estabelecido entre nossos clientes de todo o mundo h\u00e1 muitos anos.<\/p>\n<p>Sendo assim as especifica\u00e7\u00f5es de cartuchos abaixo foram comprovadas e testadas em uso, em uma ampla variedade de aplica\u00e7\u00f5es acima e abaixo do solo e, algumas vezes, em ambientes extremamente hostis.<\/p>\n<h3>Especifica\u00e7\u00f5es do pr\u00f3prio cliente<\/h3>\n<p> Como se pode ver, estabelecemos uma linha de componentes j\u00e1 comprovada pelo uso.<\/p>\n<p>Contudo, a tecnologia que introduzimos permite conceber especifica\u00e7\u00f5es alternativas de conjuntos de caixas de rolamento pr\u00e9-fabricadas (cartuchos) conforme as especifica\u00e7\u00f5es do pr\u00f3prio cliente, se este preferir diferentes especifica\u00e7\u00f5es de rolamentos ou diferentes especifica\u00e7\u00f5es de veda\u00e7\u00e3o, por exemplo. Essas especifica\u00e7\u00f5es alternativas podem ser concebidas para que sejam totalmente intercambi\u00e1veis na linha de produ\u00e7\u00e3o de roletes, com o conjunto de componentes padronizados da CCI Ltd.<\/p>\n<h3>Especifica\u00e7\u00f5es ISO europeias<\/h3>\n<table class=\"cartridge_spec\">\n<tbody>\n<tr>\n<td colspan=\"7\"><b>                                                                             Especifica\u00e7\u00f5es de rolamento<\/b><\/td>\n<\/tr>\n<tr>\n<td><b>Di\u00e2metro de rolete<\/b><\/td>\n<td><b>6204\/20mm<\/b><\/td>\n<td><b>6205\/25mm<\/b><\/td>\n<td><b>6305\/25mm<\/b><\/td>\n<td><b>6206\/30mm<\/b><\/td>\n<td><b>6306\/30mm<\/b><\/td>\n<td><b>6307\/35mm<\/b><\/td>\n<td><b>6308\/40mm<\/b><\/td>\n<\/tr>\n<tr class=\"center\">\n<td>60mm<\/td>\n<td><img src=\"https:\/\/www.cci-limited.com\/wp-content\/uploads\/2022\/07\/tick.png\" alt=\"\" \/><\/td>\n<td><img src=\"https:\/\/www.cci-limited.com\/wp-content\/uploads\/2022\/07\/x.png\" alt=\"\" \/><\/td>\n<td><img src=\"https:\/\/www.cci-limited.com\/wp-content\/uploads\/2022\/07\/x.png\" alt=\"\" \/><\/td>\n<td><img src=\"https:\/\/www.cci-limited.com\/wp-content\/uploads\/2022\/07\/x.png\" alt=\"\" \/><\/td>\n<td><img src=\"https:\/\/www.cci-limited.com\/wp-content\/uploads\/2022\/07\/x.png\" alt=\"\" \/><\/td>\n<td><img src=\"https:\/\/www.cci-limited.com\/wp-content\/uploads\/2022\/07\/x.png\" alt=\"\" \/><\/td>\n<td><img src=\"https:\/\/www.cci-limited.com\/wp-content\/uploads\/2022\/07\/x.png\" alt=\"\" \/><\/td>\n<\/tr>\n<tr class=\"center\">\n<td>63.5mm<\/td>\n<td><img src=\"https:\/\/www.cci-limited.com\/wp-content\/uploads\/2022\/07\/tick.png\" alt=\"\" \/><\/td>\n<td><img src=\"https:\/\/www.cci-limited.com\/wp-content\/uploads\/2022\/07\/tick.png\" alt=\"\" \/><\/td>\n<td><img src=\"https:\/\/www.cci-limited.com\/wp-content\/uploads\/2022\/07\/x.png\" alt=\"\" \/><\/td>\n<td><img src=\"https:\/\/www.cci-limited.com\/wp-content\/uploads\/2022\/07\/x.png\" alt=\"\" \/><\/td>\n<td><img src=\"https:\/\/www.cci-limited.com\/wp-content\/uploads\/2022\/07\/x.png\" alt=\"\" \/><\/td>\n<td><img src=\"https:\/\/www.cci-limited.com\/wp-content\/uploads\/2022\/07\/x.png\" alt=\"\" \/><\/td>\n<td><img src=\"https:\/\/www.cci-limited.com\/wp-content\/uploads\/2022\/07\/x.png\" alt=\"\" \/><\/td>\n<\/tr>\n<tr class=\"center\">\n<td>76mm<\/td>\n<td><img src=\"https:\/\/www.cci-limited.com\/wp-content\/uploads\/2022\/07\/tick.png\" alt=\"\" \/><\/td>\n<td><img src=\"https:\/\/www.cci-limited.com\/wp-content\/uploads\/2022\/07\/tick.png\" alt=\"\" \/><\/td>\n<td><img src=\"https:\/\/www.cci-limited.com\/wp-content\/uploads\/2022\/07\/x.png\" alt=\"\" \/><\/td>\n<td><img src=\"https:\/\/www.cci-limited.com\/wp-content\/uploads\/2022\/07\/x.png\" alt=\"\" \/><\/td>\n<td><img src=\"https:\/\/www.cci-limited.com\/wp-content\/uploads\/2022\/07\/x.png\" alt=\"\" \/><\/td>\n<td><img src=\"https:\/\/www.cci-limited.com\/wp-content\/uploads\/2022\/07\/x.png\" alt=\"\" \/><\/td>\n<td><img src=\"https:\/\/www.cci-limited.com\/wp-content\/uploads\/2022\/07\/x.png\" alt=\"\" \/><\/td>\n<\/tr>\n<tr class=\"center\">\n<td>89mm<\/td>\n<td><img src=\"https:\/\/www.cci-limited.com\/wp-content\/uploads\/2022\/07\/tick.png\" alt=\"\" \/><\/td>\n<td><img src=\"https:\/\/www.cci-limited.com\/wp-content\/uploads\/2022\/07\/tick.png\" alt=\"\" \/><\/td>\n<td><img src=\"https:\/\/www.cci-limited.com\/wp-content\/uploads\/2022\/07\/x.png\" alt=\"\" \/><\/td>\n<td><img src=\"https:\/\/www.cci-limited.com\/wp-content\/uploads\/2022\/07\/x.png\" alt=\"\" \/><\/td>\n<td><img src=\"https:\/\/www.cci-limited.com\/wp-content\/uploads\/2022\/07\/x.png\" alt=\"\" \/><\/td>\n<td><img src=\"https:\/\/www.cci-limited.com\/wp-content\/uploads\/2022\/07\/x.png\" alt=\"\" \/><\/td>\n<td><img src=\"https:\/\/www.cci-limited.com\/wp-content\/uploads\/2022\/07\/x.png\" alt=\"\" \/><\/td>\n<\/tr>\n<tr class=\"center\">\n<td>102mm<\/td>\n<td><img src=\"https:\/\/www.cci-limited.com\/wp-content\/uploads\/2022\/07\/tick.png\" alt=\"\" \/><\/td>\n<td><img src=\"https:\/\/www.cci-limited.com\/wp-content\/uploads\/2022\/07\/tick.png\" alt=\"\" \/><\/td>\n<td><img src=\"https:\/\/www.cci-limited.com\/wp-content\/uploads\/2022\/07\/x.png\" alt=\"\" \/><\/td>\n<td><img src=\"https:\/\/www.cci-limited.com\/wp-content\/uploads\/2022\/07\/x.png\" alt=\"\" \/><\/td>\n<td><img src=\"https:\/\/www.cci-limited.com\/wp-content\/uploads\/2022\/07\/x.png\" alt=\"\" \/><\/td>\n<td><img src=\"https:\/\/www.cci-limited.com\/wp-content\/uploads\/2022\/07\/x.png\" alt=\"\" \/><\/td>\n<td><img src=\"https:\/\/www.cci-limited.com\/wp-content\/uploads\/2022\/07\/x.png\" alt=\"\" \/><\/td>\n<\/tr>\n<tr class=\"center\">\n<td>108mm<\/td>\n<td><img src=\"https:\/\/www.cci-limited.com\/wp-content\/uploads\/2022\/07\/tick.png\" alt=\"\" \/><\/td>\n<td><img src=\"https:\/\/www.cci-limited.com\/wp-content\/uploads\/2022\/07\/tick.png\" alt=\"\" \/><\/td>\n<td><img src=\"https:\/\/www.cci-limited.com\/wp-content\/uploads\/2022\/07\/tick.png\" alt=\"\" \/><\/td>\n<td><img src=\"https:\/\/www.cci-limited.com\/wp-content\/uploads\/2022\/07\/tick.png\" alt=\"\" \/><\/td>\n<td><img src=\"https:\/\/www.cci-limited.com\/wp-content\/uploads\/2022\/07\/tick.png\" alt=\"\" \/><\/td>\n<td><img src=\"https:\/\/www.cci-limited.com\/wp-content\/uploads\/2022\/07\/x.png\" alt=\"\" \/><\/td>\n<td><img src=\"https:\/\/www.cci-limited.com\/wp-content\/uploads\/2022\/07\/x.png\" alt=\"\" \/><\/td>\n<\/tr>\n<tr class=\"center\">\n<td>114mm<\/td>\n<td><img src=\"https:\/\/www.cci-limited.com\/wp-content\/uploads\/2022\/07\/tick.png\" alt=\"\" \/><\/td>\n<td><img src=\"https:\/\/www.cci-limited.com\/wp-content\/uploads\/2022\/07\/tick.png\" alt=\"\" \/><\/td>\n<td><img src=\"https:\/\/www.cci-limited.com\/wp-content\/uploads\/2022\/07\/x.png\" alt=\"\" \/><\/td>\n<td><img src=\"https:\/\/www.cci-limited.com\/wp-content\/uploads\/2022\/07\/x.png\" alt=\"\" \/><\/td>\n<td><img src=\"https:\/\/www.cci-limited.com\/wp-content\/uploads\/2022\/07\/x.png\" alt=\"\" \/><\/td>\n<td><img src=\"https:\/\/www.cci-limited.com\/wp-content\/uploads\/2022\/07\/x.png\" alt=\"\" \/><\/td>\n<td><img src=\"https:\/\/www.cci-limited.com\/wp-content\/uploads\/2022\/07\/x.png\" alt=\"\" \/><\/td>\n<\/tr>\n<tr class=\"center\">\n<td>127mm<\/td>\n<td><img src=\"https:\/\/www.cci-limited.com\/wp-content\/uploads\/2022\/07\/tick.png\" alt=\"\" \/><\/td>\n<td><img src=\"https:\/\/www.cci-limited.com\/wp-content\/uploads\/2022\/07\/tick.png\" alt=\"\" \/><\/td>\n<td><img src=\"https:\/\/www.cci-limited.com\/wp-content\/uploads\/2022\/07\/tick.png\" alt=\"\" \/><\/td>\n<td><img src=\"https:\/\/www.cci-limited.com\/wp-content\/uploads\/2022\/07\/tick.png\" alt=\"\" \/><\/td>\n<td><img src=\"https:\/\/www.cci-limited.com\/wp-content\/uploads\/2022\/07\/tick.png\" alt=\"\" \/><\/td>\n<td><img src=\"https:\/\/www.cci-limited.com\/wp-content\/uploads\/2022\/07\/tick.png\" alt=\"\" \/><\/td>\n<td><img src=\"https:\/\/www.cci-limited.com\/wp-content\/uploads\/2022\/07\/x.png\" alt=\"\" \/><\/td>\n<\/tr>\n<tr class=\"center\">\n<td>133mm<\/td>\n<td><img src=\"https:\/\/www.cci-limited.com\/wp-content\/uploads\/2022\/07\/tick.png\" alt=\"\" \/><\/td>\n<td><img src=\"https:\/\/www.cci-limited.com\/wp-content\/uploads\/2022\/07\/tick.png\" alt=\"\" \/><\/td>\n<td><img src=\"https:\/\/www.cci-limited.com\/wp-content\/uploads\/2022\/07\/tick.png\" alt=\"\" \/><\/td>\n<td><img src=\"https:\/\/www.cci-limited.com\/wp-content\/uploads\/2022\/07\/tick.png\" alt=\"\" \/><\/td>\n<td><img src=\"https:\/\/www.cci-limited.com\/wp-content\/uploads\/2022\/07\/tick.png\" alt=\"\" \/><\/td>\n<td><img src=\"https:\/\/www.cci-limited.com\/wp-content\/uploads\/2022\/07\/x.png\" alt=\"\" \/><\/td>\n<td><img src=\"https:\/\/www.cci-limited.com\/wp-content\/uploads\/2022\/07\/x.png\" alt=\"\" \/><\/td>\n<\/tr>\n<tr class=\"center\">\n<td>139mm<\/td>\n<td><img src=\"https:\/\/www.cci-limited.com\/wp-content\/uploads\/2022\/07\/x.png\" alt=\"\" \/><\/td>\n<td><img src=\"https:\/\/www.cci-limited.com\/wp-content\/uploads\/2022\/07\/x.png\" alt=\"\" \/><\/td>\n<td><img src=\"https:\/\/www.cci-limited.com\/wp-content\/uploads\/2022\/07\/tick.png\" alt=\"\" \/><\/td>\n<td><img src=\"https:\/\/www.cci-limited.com\/wp-content\/uploads\/2022\/07\/tick.png\" alt=\"\" \/><\/td>\n<td><img src=\"https:\/\/www.cci-limited.com\/wp-content\/uploads\/2022\/07\/x.png\" alt=\"\" \/><\/td>\n<td><img src=\"https:\/\/www.cci-limited.com\/wp-content\/uploads\/2022\/07\/x.png\" alt=\"\" \/><\/td>\n<td><img src=\"https:\/\/www.cci-limited.com\/wp-content\/uploads\/2022\/07\/x.png\" alt=\"\" \/><\/td>\n<\/tr>\n<tr class=\"center\">\n<td>152mm<\/td>\n<td><img src=\"https:\/\/www.cci-limited.com\/wp-content\/uploads\/2022\/07\/x.png\" alt=\"\" \/><\/td>\n<td><img src=\"https:\/\/www.cci-limited.com\/wp-content\/uploads\/2022\/07\/tick.png\" alt=\"\" \/><\/td>\n<td><img src=\"https:\/\/www.cci-limited.com\/wp-content\/uploads\/2022\/07\/tick.png\" alt=\"\" \/><\/td>\n<td><img src=\"https:\/\/www.cci-limited.com\/wp-content\/uploads\/2022\/07\/tick.png\" alt=\"\" \/><\/td>\n<td><img src=\"https:\/\/www.cci-limited.com\/wp-content\/uploads\/2022\/07\/tick.png\" alt=\"\" \/><\/td>\n<td><img src=\"https:\/\/www.cci-limited.com\/wp-content\/uploads\/2022\/07\/tick.png\" alt=\"\" \/><\/td>\n<td><img src=\"https:\/\/www.cci-limited.com\/wp-content\/uploads\/2022\/07\/tick.png\" alt=\"\" \/><\/td>\n<\/tr>\n<tr class=\"center\">\n<td>159mm<\/td>\n<td><img src=\"https:\/\/www.cci-limited.com\/wp-content\/uploads\/2022\/07\/x.png\" alt=\"\" \/><\/td>\n<td><img src=\"https:\/\/www.cci-limited.com\/wp-content\/uploads\/2022\/07\/tick.png\" alt=\"\" \/><\/td>\n<td><img src=\"https:\/\/www.cci-limited.com\/wp-content\/uploads\/2022\/07\/tick.png\" alt=\"\" \/><\/td>\n<td><img src=\"https:\/\/www.cci-limited.com\/wp-content\/uploads\/2022\/07\/tick.png\" alt=\"\" \/><\/td>\n<td><img src=\"https:\/\/www.cci-limited.com\/wp-content\/uploads\/2022\/07\/tick.png\" alt=\"\" \/><\/td>\n<td><img src=\"https:\/\/www.cci-limited.com\/wp-content\/uploads\/2022\/07\/x.png\" alt=\"\" \/><\/td>\n<td><img src=\"https:\/\/www.cci-limited.com\/wp-content\/uploads\/2022\/07\/x.png\" alt=\"\" \/><\/td>\n<\/tr>\n<tr class=\"center\">\n<td>168mm<\/td>\n<td><img src=\"https:\/\/www.cci-limited.com\/wp-content\/uploads\/2022\/07\/x.png\" alt=\"\" \/><\/td>\n<td><img src=\"https:\/\/www.cci-limited.com\/wp-content\/uploads\/2022\/07\/tick.png\" alt=\"\" \/><\/td>\n<td><img src=\"https:\/\/www.cci-limited.com\/wp-content\/uploads\/2022\/07\/x.png\" alt=\"\" \/><\/td>\n<td><img src=\"https:\/\/www.cci-limited.com\/wp-content\/uploads\/2022\/07\/x.png\" alt=\"\" \/><\/td>\n<td><img src=\"https:\/\/www.cci-limited.com\/wp-content\/uploads\/2022\/07\/x.png\" alt=\"\" \/><\/td>\n<td><img src=\"https:\/\/www.cci-limited.com\/wp-content\/uploads\/2022\/07\/tick.png\" alt=\"\" \/><\/td>\n<td><img src=\"https:\/\/www.cci-limited.com\/wp-content\/uploads\/2022\/07\/x.png\" alt=\"\" \/><\/td>\n<\/tr>\n<tr class=\"center\">\n<td>178mm<\/td>\n<td><img src=\"https:\/\/www.cci-limited.com\/wp-content\/uploads\/2022\/07\/x.png\" alt=\"\" \/><\/td>\n<td><img src=\"https:\/\/www.cci-limited.com\/wp-content\/uploads\/2022\/07\/x.png\" alt=\"\" \/><\/td>\n<td><img src=\"https:\/\/www.cci-limited.com\/wp-content\/uploads\/2022\/07\/x.png\" alt=\"\" \/><\/td>\n<td><img src=\"https:\/\/www.cci-limited.com\/wp-content\/uploads\/2022\/07\/x.png\" alt=\"\" \/><\/td>\n<td><img src=\"https:\/\/www.cci-limited.com\/wp-content\/uploads\/2022\/07\/x.png\" alt=\"\" \/><\/td>\n<td><img src=\"https:\/\/www.cci-limited.com\/wp-content\/uploads\/2022\/07\/tick.png\" alt=\"\" \/><\/td>\n<td><img src=\"https:\/\/www.cci-limited.com\/wp-content\/uploads\/2022\/07\/x.png\" alt=\"\" \/><\/td>\n<\/tr>\n<tr class=\"center\">\n<td>178mm<\/td>\n<td><img src=\"https:\/\/www.cci-limited.com\/wp-content\/uploads\/2022\/07\/x.png\" alt=\"\" \/><\/td>\n<td><img src=\"https:\/\/www.cci-limited.com\/wp-content\/uploads\/2022\/07\/x.png\" alt=\"\" \/><\/td>\n<td><img src=\"https:\/\/www.cci-limited.com\/wp-content\/uploads\/2022\/07\/x.png\" alt=\"\" \/><\/td>\n<td><img src=\"https:\/\/www.cci-limited.com\/wp-content\/uploads\/2022\/07\/x.png\" alt=\"\" \/><\/td>\n<td><img src=\"https:\/\/www.cci-limited.com\/wp-content\/uploads\/2022\/07\/x.png\" alt=\"\" \/><\/td>\n<td><img src=\"https:\/\/www.cci-limited.com\/wp-content\/uploads\/2022\/07\/x.png\" alt=\"\" \/><\/td>\n<td><img src=\"https:\/\/www.cci-limited.com\/wp-content\/uploads\/2022\/07\/tick.png\" alt=\"\" \/><\/td>\n<\/tr>\n<\/tbody>\n<\/table>\n<h3>Especifica\u00e7\u00f5es CEMA norte-americanas<\/h3>\n<table class=\"cartridge_spec\">\n<tbody>\n<tr>\n<td><\/td>\n<td colspan=\"6\"><b>                                           Especifica\u00e7\u00e3o de rolamento<\/b><\/td>\n<\/tr>\n<tr>\n<td><b>Di\u00e2metro de rolete<\/b><\/td>\n<td><b>6204\/20mm<br \/>\n(CEMA B)<\/b><\/td>\n<td><b>6205\/25mm<br \/>\n(CEMA C)<\/b><\/td>\n<td><b>6305\/25mm<br \/>\n(CEMA D)<\/b><\/td>\n<td><b>6306\/30mm<br \/>\n(CEMA E)<\/b><\/td>\n<td><b>6307\/35mm<br \/>\n(CEMA E+)<\/b><\/td>\n<td><b>6308\/40mm<br \/>\n(CEMA F)<\/b><\/td>\n<\/tr>\n<tr class=\"center\">\n<td>4.0 inch<\/td>\n<td><img src=\"https:\/\/www.cci-limited.com\/wp-content\/uploads\/2022\/07\/tick.png\" alt=\"\" \/><\/td>\n<td><img src=\"https:\/\/www.cci-limited.com\/wp-content\/uploads\/2022\/07\/tick.png\" alt=\"\" \/><\/td>\n<td><img src=\"https:\/\/www.cci-limited.com\/wp-content\/uploads\/2022\/07\/x.png\" alt=\"\" \/><\/td>\n<td><img src=\"https:\/\/www.cci-limited.com\/wp-content\/uploads\/2022\/07\/x.png\" alt=\"\" \/><\/td>\n<td><img src=\"https:\/\/www.cci-limited.com\/wp-content\/uploads\/2022\/07\/x.png\" alt=\"\" \/><\/td>\n<td><img src=\"https:\/\/www.cci-limited.com\/wp-content\/uploads\/2022\/07\/x.png\" alt=\"\" \/><\/td>\n<\/tr>\n<tr class=\"center\">\n<td>5.0 inch<\/td>\n<td><img src=\"https:\/\/www.cci-limited.com\/wp-content\/uploads\/2022\/07\/tick.png\" alt=\"\" \/><\/td>\n<td><img src=\"https:\/\/www.cci-limited.com\/wp-content\/uploads\/2022\/07\/tick.png\" alt=\"\" \/><\/td>\n<td><img src=\"https:\/\/www.cci-limited.com\/wp-content\/uploads\/2022\/07\/tick.png\" alt=\"\" \/><\/td>\n<td><img src=\"https:\/\/www.cci-limited.com\/wp-content\/uploads\/2022\/07\/tick.png\" alt=\"\" \/><\/td>\n<td><img src=\"https:\/\/www.cci-limited.com\/wp-content\/uploads\/2022\/07\/tick.png\" alt=\"\" \/><\/td>\n<td><img src=\"https:\/\/www.cci-limited.com\/wp-content\/uploads\/2022\/07\/x.png\" alt=\"\" \/><\/td>\n<\/tr>\n<tr class=\"center\">\n<td>6.0 inch<\/td>\n<td><img src=\"https:\/\/www.cci-limited.com\/wp-content\/uploads\/2022\/07\/x.png\" alt=\"\" \/><\/td>\n<td><img src=\"https:\/\/www.cci-limited.com\/wp-content\/uploads\/2022\/07\/tick.png\" alt=\"\" \/><\/td>\n<td><img src=\"https:\/\/www.cci-limited.com\/wp-content\/uploads\/2022\/07\/tick.png\" alt=\"\" \/><\/td>\n<td><img src=\"https:\/\/www.cci-limited.com\/wp-content\/uploads\/2022\/07\/tick.png\" alt=\"\" \/><\/td>\n<td><img src=\"https:\/\/www.cci-limited.com\/wp-content\/uploads\/2022\/07\/tick.png\" alt=\"\" \/><\/td>\n<td><img src=\"https:\/\/www.cci-limited.com\/wp-content\/uploads\/2022\/07\/tick.png\" alt=\"\" \/><\/td>\n<\/tr>\n<tr class=\"center\">\n<td>7.0 inch<\/td>\n<td><img src=\"https:\/\/www.cci-limited.com\/wp-content\/uploads\/2022\/07\/x.png\" alt=\"\" \/><\/td>\n<td><img src=\"https:\/\/www.cci-limited.com\/wp-content\/uploads\/2022\/07\/x.png\" alt=\"\" \/><\/td>\n<td><img src=\"https:\/\/www.cci-limited.com\/wp-content\/uploads\/2022\/07\/x.png\" alt=\"\" \/><\/td>\n<td><img src=\"https:\/\/www.cci-limited.com\/wp-content\/uploads\/2022\/07\/x.png\" alt=\"\" \/><\/td>\n<td><img src=\"https:\/\/www.cci-limited.com\/wp-content\/uploads\/2022\/07\/tick.png\" alt=\"\" \/><\/td>\n<td><img src=\"https:\/\/www.cci-limited.com\/wp-content\/uploads\/2022\/07\/tick.png\" alt=\"\" \/><\/td>\n<\/tr>\n<tr class=\"center\">\n<td>8.0 inch<\/td>\n<td><img src=\"https:\/\/www.cci-limited.com\/wp-content\/uploads\/2022\/07\/x.png\" alt=\"\" \/><\/td>\n<td><img src=\"https:\/\/www.cci-limited.com\/wp-content\/uploads\/2022\/07\/x.png\" alt=\"\" \/><\/td>\n<td><img src=\"https:\/\/www.cci-limited.com\/wp-content\/uploads\/2022\/07\/x.png\" alt=\"\" \/><\/td>\n<td><img src=\"https:\/\/www.cci-limited.com\/wp-content\/uploads\/2022\/07\/x.png\" alt=\"\" \/><\/td>\n<td><img src=\"https:\/\/www.cci-limited.com\/wp-content\/uploads\/2022\/07\/x.png\" alt=\"\" \/><\/td>\n<td><img src=\"https:\/\/www.cci-limited.com\/wp-content\/uploads\/2022\/07\/tick.png\" alt=\"\" \/><\/td>\n<\/tr>\n<\/tbody>\n<\/table>\n<h3>Nota: diferentes di\u00e2metros de rolete<\/h3>\n<p> Como pode ser visto nas tabelas ISO\/CEMA acima, a CCI Ltd produz uma s\u00e9rie de componentes padronizados adequados a di\u00e2metros de tubo de rolete internacionais.<\/p>\n<p>No entanto, \u00e9 algo relativamente simples produzir a maioria dos cartuchos acima conforme diferentes di\u00e2metros de rolete, se necess\u00e1rio. \u00c9 apenas uma quest\u00e3o de assegurar que as ferramentas de produ\u00e7\u00e3o necess\u00e1rias estejam instaladas antes da fabrica\u00e7\u00e3o.<\/p>","protected":false},"excerpt":{"rendered":"<p>Estabelecido no setor Embora o conceito de conjuntos de caixa de rolamento pr\u00e9-fabricada (cartuchos) seja novo para muitos fabricantes de roletes em v\u00e1rios pa\u00edses, trata-se de um conceito j\u00e1 bem estabelecido entre nossos clientes de todo o mundo h\u00e1 muitos anos. Sendo assim as especifica\u00e7\u00f5es de cartuchos abaixo foram comprovadas e testadas em uso, em [&hellip;]<\/p>\n","protected":false},"author":1,"featured_media":0,"parent":0,"menu_order":0,"comment_status":"closed","ping_status":"closed","template":"page-full.php","meta":[],"_links":{"self":[{"href":"https:\/\/www.cci-limited.com\/pt\/wp-json\/wp\/v2\/pages\/56"}],"collection":[{"href":"https:\/\/www.cci-limited.com\/pt\/wp-json\/wp\/v2\/pages"}],"about":[{"href":"https:\/\/www.cci-limited.com\/pt\/wp-json\/wp\/v2\/types\/page"}],"author":[{"embeddable":true,"href":"https:\/\/www.cci-limited.com\/pt\/wp-json\/wp\/v2\/users\/1"}],"replies":[{"embeddable":true,"href":"https:\/\/www.cci-limited.com\/pt\/wp-json\/wp\/v2\/comments?post=56"}],"version-history":[{"count":62,"href":"https:\/\/www.cci-limited.com\/pt\/wp-json\/wp\/v2\/pages\/56\/revisions"}],"predecessor-version":[{"id":1374,"href":"https:\/\/www.cci-limited.com\/pt\/wp-json\/wp\/v2\/pages\/56\/revisions\/1374"}],"wp:attachment":[{"href":"https:\/\/www.cci-limited.com\/pt\/wp-json\/wp\/v2\/media?parent=56"}],"curies":[{"name":"wp","href":"https:\/\/api.w.org\/{rel}","templated":true}]}}