{"id":6,"date":"2016-02-17T17:33:24","date_gmt":"2016-02-17T17:33:24","guid":{"rendered":"http:\/\/176.32.230.43\/edwinlowe.com\/edwin\/?page_id=6"},"modified":"2022-08-09T12:09:11","modified_gmt":"2022-08-09T11:09:11","slug":"about-us","status":"publish","type":"page","link":"https:\/\/www.cci-limited.com\/pt\/about-us\/","title":{"rendered":"Quem Somos"},"content":{"rendered":"<p><\/p>\n<p class=\"p1\">A partir de sua linha exclusiva de mancais de rolamentos em a\u00e7o, a CCI Ltd foi pioneira no desenvolvimento de um novo tipo de produto \u2013 conjuntos mancal-rolamento estampados pr\u00e9-fabricados \u2013 tamb\u00e9m conhecidos como \u201ccartuchos\u201d. O \u201ccartucho\u201d \u00e9 um subconjunto completo e aut\u00f4nomo, reunindo todos os elementos da extremidade do rolete de transportador \u2013 mancal, rolamento, veda\u00e7\u00f5es e at\u00e9 a graxa \u2013 em um \u00fanico conjunto fechado pr\u00e9-fabricado em a\u00e7o.<\/p>\n<p class=\"p1\">O prot\u00f3tipo original foi produzido no in\u00edcio da d\u00e9cada de 1980. Hoje, esses componentes s\u00e3o amplamente empregados por fabricantes de roletes de todo o mundo e consolidaram-se como refer\u00eancia em qualidade, robustez e durabilidade. A CCI Ltd hoje conta com unidades fabris robotizadas e automatizadas de \u00faltima gera\u00e7\u00e3o em Birmingham, no Reino Unido, onde todos seus componentes s\u00e3o produzidos.<\/p>\n<p><\/p>","protected":false},"excerpt":{"rendered":"<p>A partir de sua linha exclusiva de mancais de rolamentos em a\u00e7o, a CCI Ltd foi pioneira no desenvolvimento de um novo tipo de produto \u2013 conjuntos mancal-rolamento estampados pr\u00e9-fabricados \u2013 tamb\u00e9m conhecidos como \u201ccartuchos\u201d. O \u201ccartucho\u201d \u00e9 um subconjunto completo e aut\u00f4nomo, reunindo todos os elementos da extremidade do rolete de transportador \u2013 mancal, [&hellip;]<\/p>\n","protected":false},"author":1,"featured_media":0,"parent":0,"menu_order":0,"comment_status":"closed","ping_status":"closed","template":"","meta":[],"_links":{"self":[{"href":"https:\/\/www.cci-limited.com\/pt\/wp-json\/wp\/v2\/pages\/6"}],"collection":[{"href":"https:\/\/www.cci-limited.com\/pt\/wp-json\/wp\/v2\/pages"}],"about":[{"href":"https:\/\/www.cci-limited.com\/pt\/wp-json\/wp\/v2\/types\/page"}],"author":[{"embeddable":true,"href":"https:\/\/www.cci-limited.com\/pt\/wp-json\/wp\/v2\/users\/1"}],"replies":[{"embeddable":true,"href":"https:\/\/www.cci-limited.com\/pt\/wp-json\/wp\/v2\/comments?post=6"}],"version-history":[{"count":72,"href":"https:\/\/www.cci-limited.com\/pt\/wp-json\/wp\/v2\/pages\/6\/revisions"}],"predecessor-version":[{"id":1432,"href":"https:\/\/www.cci-limited.com\/pt\/wp-json\/wp\/v2\/pages\/6\/revisions\/1432"}],"wp:attachment":[{"href":"https:\/\/www.cci-limited.com\/pt\/wp-json\/wp\/v2\/media?parent=6"}],"curies":[{"name":"wp","href":"https:\/\/api.w.org\/{rel}","templated":true}]}}