{"id":74,"date":"2016-03-24T08:19:36","date_gmt":"2016-03-24T08:19:36","guid":{"rendered":"http:\/\/176.32.230.43\/edwinlowe.com\/edwin\/?page_id=74"},"modified":"2017-11-26T15:56:55","modified_gmt":"2017-11-26T15:56:55","slug":"world-first-technology","status":"publish","type":"page","link":"https:\/\/www.cci-limited.com\/pt\/world-first-technology\/","title":{"rendered":"PRIMEIRA TECNOLOGIA DO MUNDO"},"content":{"rendered":"<p><strong>NOVA TECNOLOGIA &#8211; CONJUNTOS DE CAIXAS DE ROLAMENTO PR\u00c9-FABRICADOS (OU CARTUCHOS)<\/strong><br \/>\n<iframe loading=\"lazy\" src=\"https:\/\/player.vimeo.com\/video\/123314433\" width=\"500\" height=\"281\" frameborder=\"0\" allowfullscreen=\"allowfullscreen\"><\/iframe><br \/>\n<strong>RESUMOS DAS VANTAGENS T\u00c9CNICAS E COMERCIAIS<\/strong><\/p>\n<p>Essa nova tecnologia teve um efeito muito significativo na forma como os roletes s\u00e3o atualmente fabricados.  O uso de conjuntos de caixa de rolamento (cartuchos) para roletes em a\u00e7o soldado proporciona diversas vantagens para os fabricantes de roletes, agora e no futuro, que em seguida apresentamos resumidamente:<\/p>\n<p><strong>PROCESSO DE FABRICA\u00c7\u00c3O<\/strong><\/p>\n<ul>\n<li>Rolete reduzido a apenas tr\u00eas componentes\/quatro pe\u00e7as = simplifica enormemente o processo de fabrica\u00e7\u00e3o do rolete.<\/li>\n<li>Roletes baseados em cartuchos = menos m\u00e3o de obra\/menos operadores.<\/li>\n<li>Sem manuten\u00e7\u00e3o &#8211; zero de manuten\u00e7\u00e3o necess\u00e1ria durante a vida \u00fatil do rolete.<\/li>\n<li>Permite a fabrica\u00e7\u00e3o conforme todas as especifica\u00e7\u00f5es internacionais padr\u00e3o comuns.<\/li>\n<li>Tempos de ciclo de produ\u00e7\u00e3o reduzidos = aumento do rendimento de produ\u00e7\u00e3o.<\/li>\n<li>Processamento mais r\u00e1pido = redu\u00e7\u00e3o do tempo de entrega ao cliente.<\/li>\n<li>Maior flexibilidade na produ\u00e7\u00e3o e encomendas de menor volume j\u00e1 n\u00e3o s\u00e3o problema.<\/li>\n<li>Redu\u00e7\u00e3o dos custos diretos e indiretos = maiores margens de lucro.<\/li>\n<li>Economia da produ\u00e7\u00e3o em s\u00e9rie = economia de produ\u00e7\u00e3o em granel<\/li>\n<li>Processo de montagem autorregulado = maior facilidade na manuten\u00e7\u00e3o de padr\u00f5es de elevada qualidade.<\/li>\n<li>Diferentes modelos de cartuchos = diferentes especifica\u00e7\u00f5es de roletes.<\/li>\n<li>Novo \u2013 diferentes especifica\u00e7\u00f5es internacionais de roletes fabricados em uma \u00fanica linha de produ\u00e7\u00e3o.<\/li>\n<li>Novo \u2013 altera\u00e7\u00e3o da especifica\u00e7\u00e3o efetiva do rolamento durante o processo de fabrica\u00e7\u00e3o, sem parar a produ\u00e7\u00e3o.<\/li>\n<\/ul>\n<p><strong>DESPESAS DE INVESTIMENTO E EQUIPAMENTO<\/strong><\/p>\n<ul>\n<li>Novo \u2013 o capital de equipamento e de investimento inicial para produzir roletes \u00e0 base de cartuchos permanece inalterado, mesmo que os projetos dos roletes venham a ser alterados no futuro<\/li>\n<li>Novo \u2013 assim, seu investimento em equipamento fica automaticamente protegido contra o risco de se tornar obsoleto.<\/li>\n<\/ul>\n<p>EDWIN LOWE LTD. BIRMINGHAM, REINO UNIDO. &#8211; NOVA TECNOLOGIA &#8211; CONJUNTOS DE CAIXAS DE ROLAMENTO PR\u00c9-FABRICADOS (CARTUCHOS) \u2013 RESUMO DAS VANTAGENS T\u00c9CNICAS E COMERCIAIS<\/p>\n<ul>\n<li>Novo \u2013 automa\u00e7\u00e3o da produ\u00e7\u00e3o de roletes baseados em cartuchos = custos de investimento reduzidos, quando comparado com a automatiza\u00e7\u00e3o da produ\u00e7\u00e3o de projetos de roletes tradicionais.<\/li>\n<li>Novo \u2013 a mais recente concep\u00e7\u00e3o de ferramentas de m\u00e1quina de soldar = alinhamento autom\u00e1tico de todos os eixos centrais de todos os componentes de rolete durante o ciclo de montagem\/solda.<\/li>\n<\/ul>\n<p><\/p>","protected":false},"excerpt":{"rendered":"<p>NOVA TECNOLOGIA &#8211; CONJUNTOS DE CAIXAS DE ROLAMENTO PR\u00c9-FABRICADOS (OU CARTUCHOS) RESUMOS DAS VANTAGENS T\u00c9CNICAS E COMERCIAIS Essa nova tecnologia teve um efeito muito significativo na forma como os roletes s\u00e3o atualmente fabricados. O uso de conjuntos de caixa de rolamento (cartuchos) para roletes em a\u00e7o soldado proporciona diversas vantagens para os fabricantes de roletes, [&hellip;]<\/p>\n","protected":false},"author":1,"featured_media":0,"parent":0,"menu_order":0,"comment_status":"closed","ping_status":"closed","template":"page-full.php","meta":[],"_links":{"self":[{"href":"https:\/\/www.cci-limited.com\/pt\/wp-json\/wp\/v2\/pages\/74"}],"collection":[{"href":"https:\/\/www.cci-limited.com\/pt\/wp-json\/wp\/v2\/pages"}],"about":[{"href":"https:\/\/www.cci-limited.com\/pt\/wp-json\/wp\/v2\/types\/page"}],"author":[{"embeddable":true,"href":"https:\/\/www.cci-limited.com\/pt\/wp-json\/wp\/v2\/users\/1"}],"replies":[{"embeddable":true,"href":"https:\/\/www.cci-limited.com\/pt\/wp-json\/wp\/v2\/comments?post=74"}],"version-history":[{"count":24,"href":"https:\/\/www.cci-limited.com\/pt\/wp-json\/wp\/v2\/pages\/74\/revisions"}],"predecessor-version":[{"id":1220,"href":"https:\/\/www.cci-limited.com\/pt\/wp-json\/wp\/v2\/pages\/74\/revisions\/1220"}],"wp:attachment":[{"href":"https:\/\/www.cci-limited.com\/pt\/wp-json\/wp\/v2\/media?parent=74"}],"curies":[{"name":"wp","href":"https:\/\/api.w.org\/{rel}","templated":true}]}}