{"id":76,"date":"2016-03-24T08:21:14","date_gmt":"2016-03-24T08:21:14","guid":{"rendered":"http:\/\/176.32.230.43\/edwinlowe.com\/edwin\/?page_id=76"},"modified":"2017-11-26T15:58:51","modified_gmt":"2017-11-26T15:58:51","slug":"world-first-manufacturing","status":"publish","type":"page","link":"https:\/\/www.cci-limited.com\/pt\/world-first-manufacturing\/","title":{"rendered":"PRIMEIRA FABRICA\u00c7\u00c3O DO MUNDO"},"content":{"rendered":"<p><strong>CONJUNTOS DE CAIXAS DE ROLAMENTO PR\u00c9-FABRICADOS (CARTUCHOS)<\/strong><br \/>\n<strong>CAPACIDADE DE PRODU\u00c7\u00c3O ATUAL DA F\u00c1BRICA<\/strong><br \/>\n<strong>TECNOLOGIA DA PRODU\u00c7\u00c3O DE CARTUCHOS<\/strong><br \/>\nAl\u00e9m de introduzir nova tecnologia de projeto no processo de fabrica\u00e7\u00e3o de roletes, a empresa desenvolveu simultaneamente uma nova tecnologia de fabrica\u00e7\u00e3o. A empresa projetou e instalou novo equipamento robotizado com finalidade especial, que fabrica sua linha de cartuchos.<\/p>\n<p>Dessa forma, esperamos garantir uma capacidade de produ\u00e7\u00e3o suficiente, agora e no futuro pr\u00f3ximo, para cobrir todas as necessidades de nossos clientes do Reino Unido e de exporta\u00e7\u00e3o.<\/p>\n<p>A empresa atualmente tem tr\u00eas linhas separadas de produ\u00e7\u00e3o de cartucho, sendo duas linhas de produ\u00e7\u00e3o autom\u00e1ticas e uma linha de produ\u00e7\u00e3o manual. Segue abaixo uma descri\u00e7\u00e3o resumida da nossa capacidade de produ\u00e7\u00e3o, que esperamos que venha ajudar a todos os nossos clientes no planejamento de sua futura produ\u00e7\u00e3o.<\/p>\n<div class=\"two_thirds_last\">\n<h2>CAPACIDADE DE PRODU\u00c7\u00c3O DE CARTUCHOS &#8211; TURNO \u00daNICO &#8211; 40 HORAS POR SEMANA<\/h2>\n<table>\n<tbody>\n<tr>\n<td>Linha de produ\u00e7\u00e3o de cartuchos<\/td>\n<td>Capacidade m\u00e1xima semanal<\/td>\n<\/tr>\n<tr>\n<td>Linha autom\u00e1tica de cartuchos n\u00ba 1<\/td>\n<td>28,000<\/td>\n<\/tr>\n<tr>\n<td>Linha autom\u00e1tica de cartuchos n\u00ba 2<\/td>\n<td>18,000<\/td>\n<\/tr>\n<tr>\n<td>Linha autom\u00e1tica de cartuchos n\u00ba 3<\/td>\n<td>10,000<\/td>\n<\/tr>\n<tr>\n<td>Capacidade m\u00e1xima semanal total<\/td>\n<td>56,000<\/td>\n<\/tr>\n<\/tbody>\n<\/table>\n<p>Para mais detalhes sobre quais especifica\u00e7\u00f5es de cartucho s\u00e3o fabricadas em que linha de produ\u00e7\u00e3o, esperamos que as informa\u00e7\u00f5es a seguir sejam \u00fateis:<\/p>\n<p><strong>Linha autom\u00e1tica de cartuchos n\u00ba 1 &#8211; Linha de produto<\/strong><\/p>\n<ul>\n<li>Cartuchos industriais leves\/m\u00e9dios &#8211; especifica\u00e7\u00e3o 6204\/20 mm e 6205\/25 mm.<\/li>\n<li>Para atender di\u00e2metros de flange de rolete de 63,50 mm\/2\u00bd &#8220;at\u00e9 e incluindo 133,00 mm\/5\u00bc&#8221; de di\u00e2metro.<\/li>\n<li>Para atender todas as especifica\u00e7\u00f5es de rolete internacionais mais comuns, unidades ISO\/m\u00e9trica e imperial, incluindo CEMA B e CEMA C da Am\u00e9rica do Norte.<\/li>\n<\/ul>\n<p>EDWIN LOWE LTD. BIRMINGHAM, REINO UNIDO &#8211; CONJUNTO DE CAIXA DE ROLAMENTO PR\u00c9-FABRICADO (CARTUCHOS) &#8211; CAPACIDADE DE PRODU\u00c7\u00c3O ATUAL DA F\u00c1BRICA<\/p>\n<p><strong>Linha autom\u00e1tica de cartuchos n\u00ba 2 &#8211; Linha de produto<\/strong><\/p>\n<ul>\n<li>Oferece capacidade de produ\u00e7\u00e3o autom\u00e1tica de reserva para a linha autom\u00e1tica n\u00ba 1.<\/li>\n<li>Cartuchos industriais m\u00e9dios e pesados &#8211; especifica\u00e7\u00f5es de 6305\/25 mm, 6206\/30 mm, 6306\/30mm, 6307\/35 mm e 6308\/40 mm.<\/li>\n<li>Para atender todas as especifica\u00e7\u00f5es de rolete internacionais mais comuns, unidades ISO\/m\u00e9trica e imperial, incluindo CEMA D, CEMA E e CEMA F da Am\u00e9rica do Norte.<\/li>\n<\/ul>\n<p><strong>Linha manual de cartuchos n\u00ba 3 &#8211; Linha de produto<\/strong><\/p>\n<ul>\n<li>Oferece apoio de emerg\u00eancia para as linhas de produ\u00e7\u00e3o autom\u00e1ticas n\u00ba 1 e 2, ou seja, nossa linha manual pode produzir todas as especifica\u00e7\u00f5es de cartuchos, de 6204\/20 mm a 6308\/40 mm inclusive.<\/li>\n<li>\u00c9 usada em outras situa\u00e7\u00f5es para produ\u00e7\u00f5es menores, incluindo componentes para fins especiais e desenvolvimento de prot\u00f3tipos.<\/li>\n<li>Assim, das especifica\u00e7\u00f5es de rolamento de 6204\/20 mm a 6308\/40 mm inclusive, ou seja, todas as normas internacionais comuns ISO\/m\u00e9tricas e todas as normas norte-americanas CEMA, at\u00e9 e incluindo a CEMA F.<\/li>\n<\/ul>\n<p><\/p>","protected":false},"excerpt":{"rendered":"<p>CONJUNTOS DE CAIXAS DE ROLAMENTO PR\u00c9-FABRICADOS (CARTUCHOS) CAPACIDADE DE PRODU\u00c7\u00c3O ATUAL DA F\u00c1BRICA TECNOLOGIA DA PRODU\u00c7\u00c3O DE CARTUCHOS Al\u00e9m de introduzir nova tecnologia de projeto no processo de fabrica\u00e7\u00e3o de roletes, a empresa desenvolveu simultaneamente uma nova tecnologia de fabrica\u00e7\u00e3o. A empresa projetou e instalou novo equipamento robotizado com finalidade especial, que fabrica sua linha [&hellip;]<\/p>\n","protected":false},"author":1,"featured_media":0,"parent":0,"menu_order":0,"comment_status":"closed","ping_status":"closed","template":"","meta":[],"_links":{"self":[{"href":"https:\/\/www.cci-limited.com\/pt\/wp-json\/wp\/v2\/pages\/76"}],"collection":[{"href":"https:\/\/www.cci-limited.com\/pt\/wp-json\/wp\/v2\/pages"}],"about":[{"href":"https:\/\/www.cci-limited.com\/pt\/wp-json\/wp\/v2\/types\/page"}],"author":[{"embeddable":true,"href":"https:\/\/www.cci-limited.com\/pt\/wp-json\/wp\/v2\/users\/1"}],"replies":[{"embeddable":true,"href":"https:\/\/www.cci-limited.com\/pt\/wp-json\/wp\/v2\/comments?post=76"}],"version-history":[{"count":21,"href":"https:\/\/www.cci-limited.com\/pt\/wp-json\/wp\/v2\/pages\/76\/revisions"}],"predecessor-version":[{"id":1221,"href":"https:\/\/www.cci-limited.com\/pt\/wp-json\/wp\/v2\/pages\/76\/revisions\/1221"}],"wp:attachment":[{"href":"https:\/\/www.cci-limited.com\/pt\/wp-json\/wp\/v2\/media?parent=76"}],"curies":[{"name":"wp","href":"https:\/\/api.w.org\/{rel}","templated":true}]}}